{"id":12635,"date":"2019-11-03T20:11:41","date_gmt":"2019-11-03T19:11:41","guid":{"rendered":"https:\/\/us.edu.pl\/student\/?page_id=12635"},"modified":"2025-10-01T13:24:33","modified_gmt":"2025-10-01T11:24:33","slug":"wsparcie-i-fundusze-ubezpieczenie-nastepstw-nieszczesliwych-wypadkow","status":"publish","type":"page","link":"https:\/\/us.edu.pl\/student\/wsparcie-i-fundusze\/ubezpieczenie\/wsparcie-i-fundusze-ubezpieczenie-nastepstw-nieszczesliwych-wypadkow\/","title":{"rendered":"Ubezpieczenie nast\u0119pstw nieszcz\u0119\u015bliwych wypadk\u00f3w"},"content":{"rendered":"<p>[vc_row el_class=&#8221;container&#8221;][vc_column width=&#8221;2\/3&#8243; el_class=&#8221;container&#8221;][vc_empty_space]\r\n                <div class=\"text-modules\">\r\n                    <div class=\"container\">\r\n                        <h3 class=\"page-title text__title\">Ubezpieczenie NNW dla student\u00f3w Uniwersytetu \u015al\u0105skiego<\/h3>\r\n                        <div class=\"text-modules__content\"><p>Wypadki chodz\u0105 po ludziach, ale z ubezpieczeniem NNW dla student\u00f3w Uniwersytetu \u015al\u0105skiego od ERGO Hestia zawsze spadniesz na cztery \u0142apy. Uprawiasz sport, chodzisz na praktyki, doje\u017cd\u017casz na zaj\u0119cia albo po prostu chcesz spa\u0107 spokojnie? Wybierz polis\u0119 dopasowan\u0105 do siebie i ciesz si\u0119 studenckim \u017cyciem bez stresu.<\/p>\n<p>Co zyskujesz:<\/p>\n<ul>\n<li>ochron\u0119 przez ca\u0142y rok \u2013 tak\u017ce poza uczelni\u0105 i za granic\u0105,<\/li>\n<li>wysoki limit refundacji koszt\u00f3w leczenia i rehabilitacji po wypadku (wizyty lekarskie, badania, operacje, protezy, okulary, aparaty s\u0142uchowe i ortopedyczne),<\/li>\n<li>wyb\u00f3r sumy ubezpieczenia: 20 000 z\u0142, 30 000 z\u0142 lub 50 000 z\u0142,<\/li>\n<li>minimum formalno\u015bci i szybk\u0105 likwidacj\u0119 szk\u00f3d.<\/li>\n<\/ul>\n<p>Ubezpieczenie mo\u017cesz kupi\u0107 wygodnie w dziekanacie lub online. Dowiedz si\u0119 wi\u0119cej i <a href=\"https:\/\/ubezpieczenia-us.pl\">KUP TERAZ<\/a> \u2014 b\u0105d\u017a gotowy na wszystko!<\/p>\n<\/div>\r\n                    <\/div>\r\n                <\/div>[\/vc_column][vc_column width=&#8221;1\/3&#8243;]\r\n                <div class=\"text-modules\">\r\n                    <div class=\"container\">\r\n                        \r\n                        <div class=\"text-modules__content\"><p><img class=\"alignnone wp-image-59423 size-full\" src=\"https:\/\/us.edu.pl\/student\/wp-content\/uploads\/sites\/3\/2025\/10\/SM-Prostokat-1.jpg\" alt=\"\" width=\"500\" height=\"625\" srcset=\"https:\/\/us.edu.pl\/student\/wp-content\/uploads\/sites\/3\/2025\/10\/SM-Prostokat-1.jpg 500w, https:\/\/us.edu.pl\/student\/wp-content\/uploads\/sites\/3\/2025\/10\/SM-Prostokat-1-240x300.jpg 240w, https:\/\/us.edu.pl\/student\/wp-content\/uploads\/sites\/3\/2025\/10\/SM-Prostokat-1-460x575.jpg 460w\" sizes=\"(max-width: 500px) 100vw, 500px\" \/><\/p>\n<\/div>\r\n                    <\/div>\r\n                <\/div>[\/vc_column][\/vc_row][vc_row][vc_column][\/vc_column][\/vc_row]<\/p>","protected":false},"excerpt":{"rendered":"<p>[vc_row el_class=&#8221;container&#8221;][vc_column width=&#8221;2\/3&#8243; el_class=&#8221;container&#8221;][vc_empty_space][\/vc_column][vc_column width=&#8221;1\/3&#8243;][\/vc_column][\/vc_row][vc_row][vc_column][\/vc_column][\/vc_row] [&#8230;]<\/p>\n<p><a class=\"btn btn-secondary understrap-read-more-link\" href=\"https:\/\/us.edu.pl\/student\/wsparcie-i-fundusze\/ubezpieczenie\/wsparcie-i-fundusze-ubezpieczenie-nastepstw-nieszczesliwych-wypadkow\/\">Read More&#8230;<\/a><\/p>\n","protected":false},"author":26,"featured_media":0,"parent":15449,"menu_order":0,"comment_status":"closed","ping_status":"closed","template":"","meta":{"_expiration-date-status":"","_expiration-date":0,"_expiration-date-type":"","_expiration-date-categories":[],"_expiration-date-options":[]},"acf":[],"_links":{"self":[{"href":"https:\/\/us.edu.pl\/student\/wp-json\/wp\/v2\/pages\/12635"}],"collection":[{"href":"https:\/\/us.edu.pl\/student\/wp-json\/wp\/v2\/pages"}],"about":[{"href":"https:\/\/us.edu.pl\/student\/wp-json\/wp\/v2\/types\/page"}],"author":[{"embeddable":true,"href":"https:\/\/us.edu.pl\/student\/wp-json\/wp\/v2\/users\/26"}],"replies":[{"embeddable":true,"href":"https:\/\/us.edu.pl\/student\/wp-json\/wp\/v2\/comments?post=12635"}],"version-history":[{"count":2,"href":"https:\/\/us.edu.pl\/student\/wp-json\/wp\/v2\/pages\/12635\/revisions"}],"predecessor-version":[{"id":59426,"href":"https:\/\/us.edu.pl\/student\/wp-json\/wp\/v2\/pages\/12635\/revisions\/59426"}],"up":[{"embeddable":true,"href":"https:\/\/us.edu.pl\/student\/wp-json\/wp\/v2\/pages\/15449"}],"wp:attachment":[{"href":"https:\/\/us.edu.pl\/student\/wp-json\/wp\/v2\/media?parent=12635"}],"curies":[{"name":"wp","href":"https:\/\/api.w.org\/{rel}","templated":true}]}}