{"id":12781,"date":"2019-11-03T21:39:16","date_gmt":"2019-11-03T20:39:16","guid":{"rendered":"https:\/\/us.edu.pl\/student\/?page_id=12781"},"modified":"2025-07-25T12:10:22","modified_gmt":"2025-07-25T10:10:22","slug":"otrzesiny","status":"publish","type":"page","link":"https:\/\/us.edu.pl\/student\/nowy-student\/nowy-student-pierwsze-kroki\/otrzesiny\/","title":{"rendered":"otrz\u0119siny"},"content":{"rendered":"<p>[vc_row][vc_column]\r\n                <div class=\"text-modules\">\r\n                    <div class=\"container\">\r\n                        <h3 class=\"page-title text__title\">Otrz\u0119siny, czyli impreza dla nowo przyj\u0119tych student\u00f3w<\/h3>\r\n                        <div class=\"text-modules__content\"><p><span style=\"font-weight: 400;\">Otrz\u0119siny to rytua\u0142 znany od niepami\u0119tnych czas\u00f3w, zwi\u0105zany z wkraczaniem w nowy etap \u017cycia. I cho\u0107 wi\u0119kszo\u015bci mog\u0105 kojarzy\u0107 si\u0119 z nieprzyjemnymi emocjami, to wsp\u00f3\u0142cze\u015bnie<\/span> <span style=\"font-weight: 400;\">s\u0105 wy\u0142\u0105cznie \u015bwietn\u0105 zabaw\u0105.<\/span><\/p>\n<p><span style=\"font-weight: 400;\">Otrz\u0119siny organizowane przez Samorz\u0105d Studencki Uniwersytetu \u015al\u0105skiego maj\u0105 na celu zapoznanie nowych, mo\u017ce nie\u015bmia\u0142ych i zagubionych w akademickiej rzeczywisto\u015bci \u017cak\u00f3w ze \u015bwiatem studenckiej kultury i studenckich imprez, kt\u00f3re s\u0105 najlepszym remedium na uczelniane troski.\u00a0<\/span><\/p>\n<p><span style=\"font-weight: 400;\">Z ka\u017cdym rokiem Otrz\u0119siny ciesz\u0105 si\u0119 coraz wi\u0119ksz\u0105 popularno\u015bci\u0105 w\u015br\u00f3d nowych cz\u0142onk\u00f3w wsp\u00f3lnoty Uniwersytetu \u015al\u0105skiego, dla kt\u00f3rych udzia\u0142 w imprezie jest ca\u0142kowicie bezp\u0142atny.<\/span><\/p>\n<\/div>\r\n                    <\/div>\r\n                <\/div>[\/vc_column][\/vc_row]<\/p>","protected":false},"excerpt":{"rendered":"<p>[vc_row][vc_column][\/vc_column][\/vc_row] [&#8230;]<\/p>\n<p><a class=\"btn btn-secondary understrap-read-more-link\" href=\"https:\/\/us.edu.pl\/student\/nowy-student\/nowy-student-pierwsze-kroki\/otrzesiny\/\">Read More&#8230;<\/a><\/p>\n","protected":false},"author":26,"featured_media":0,"parent":4377,"menu_order":0,"comment_status":"closed","ping_status":"closed","template":"","meta":{"_expiration-date-status":"saved","_expiration-date":0,"_expiration-date-type":"","_expiration-date-categories":[],"_expiration-date-options":[]},"acf":[],"_links":{"self":[{"href":"https:\/\/us.edu.pl\/student\/wp-json\/wp\/v2\/pages\/12781"}],"collection":[{"href":"https:\/\/us.edu.pl\/student\/wp-json\/wp\/v2\/pages"}],"about":[{"href":"https:\/\/us.edu.pl\/student\/wp-json\/wp\/v2\/types\/page"}],"author":[{"embeddable":true,"href":"https:\/\/us.edu.pl\/student\/wp-json\/wp\/v2\/users\/26"}],"replies":[{"embeddable":true,"href":"https:\/\/us.edu.pl\/student\/wp-json\/wp\/v2\/comments?post=12781"}],"version-history":[{"count":1,"href":"https:\/\/us.edu.pl\/student\/wp-json\/wp\/v2\/pages\/12781\/revisions"}],"predecessor-version":[{"id":56312,"href":"https:\/\/us.edu.pl\/student\/wp-json\/wp\/v2\/pages\/12781\/revisions\/56312"}],"up":[{"embeddable":true,"href":"https:\/\/us.edu.pl\/student\/wp-json\/wp\/v2\/pages\/4377"}],"wp:attachment":[{"href":"https:\/\/us.edu.pl\/student\/wp-json\/wp\/v2\/media?parent=12781"}],"curies":[{"name":"wp","href":"https:\/\/api.w.org\/{rel}","templated":true}]}}