{"id":12848,"date":"2019-11-03T22:41:19","date_gmt":"2019-11-03T21:41:19","guid":{"rendered":"https:\/\/us.edu.pl\/student\/?page_id=12848"},"modified":"2019-11-06T22:00:18","modified_gmt":"2019-11-06T21:00:18","slug":"dom-studenta-nr-1","status":"publish","type":"page","link":"https:\/\/us.edu.pl\/student\/wsparcie-i-fundusze\/akademiki-2\/osiedle-akademickie-ligota\/dom-studenta-nr-1\/","title":{"rendered":"Dom Studenta nr 1"},"content":{"rendered":"<p>[vc_row el_class=&#8221;container&#8221;][vc_column el_class=&#8221;container&#8221;]\r\n                <div class=\"text-modules\">\r\n                    <div class=\"container\">\r\n                        <h3 class=\"page-title text__title\">Dom Studenta nr 1<\/h3>\r\n                        <div class=\"text-modules__content\"><p>(dawniej zwany \u201eStonoga\u201d)<\/p>\n<\/div>\r\n                    <\/div>\r\n                <\/div>\r\n                <div class=\"text-modules \">\r\n                    <div class=\"container\">\r\n                        <h3 class=\"section-title section-title_border-bottom\">O akademiku<\/h3> \r\n                        <div class=\"row m-0\">\r\n                            <div class=\"text-modules__content\">\r\n                                Dom Studenta nr 1 dysponuje 336 miejscami w pokojach jedno- i dwuosobowych (78 pokoi jednoosobowych, 141 pokoi dwuosobowych, 8 pokoi hotelowych).<\/p>\n<p>Zmodernizowany w 2019 roku budynek posiada 4 pi\u0119tra, na ka\u017cdym znajduje si\u0119 kuchnia, \u0142azienka oraz pralnia. Mieszka\u0144cy mog\u0105 korzysta\u0107 z pokoi cichej nauki, sali telewizyjnej i gier oraz salki konferencyjnej. Ka\u017cdy pok\u00f3j z dost\u0119pem do internetu.<\/p>\n<p>W budynku znajduje si\u0119 siedziba <a href=\"http:\/\/www.egida.us.edu.pl\/\"><b>Studenckiego Studia Radiowego Egida<\/b><\/a>. \r\n                                <div class=\"mt-3\"><\/div>\r\n                            <\/div>\r\n                            \r\n                            \r\n                        <\/div>\r\n                    <\/div>\r\n                <\/div>[\/vc_column][\/vc_row][vc_row el_class=&#8221;container&#8221;][vc_column]\r\n                <div class=\"tiles-section\" style=\"background: \">\r\n                    <div class=\"container\">\r\n                        <h3 class=\"page-title\">Zobacz osiedle<\/h3>\r\n                        <div class=\"tiles tiles-3\">\r\n                            <a href=\"\" class=\"tile tile_ justify-content-center\" style=\"background-color: #002E5A; font-weight: bold; color: #ffffff;  \">\r\n                                \r\n                                   \r\n                               \r\n                                <div class=\"tile__name\">Przestrze\u0144 wsp\u00f3lna<\/div>\r\n                            <\/a>\r\n                            <a href=\"\" class=\"tile tile_ justify-content-center\" style=\"background-color: #002E5A; font-weight: bold; color: #ffffff;  \">\r\n                                \r\n                                   \r\n                               \r\n                                <div class=\"tile__name\">Galeria<\/div>\r\n                            <\/a>\r\n                            <a href=\"\" class=\"tile tile_ justify-content-center\" style=\"background-color: #002E5A; font-weight: bold; color: #ffffff;  \">\r\n                                \r\n                                   \r\n                               \r\n                                <div class=\"tile__name\">Udogodnienia i dostosowanie do specjalnych potrzeb<\/div>\r\n                            <\/a><\/div>\r\n                    <\/div>\r\n                <\/div>[vc_empty_space height=&#8221;64px&#8221;][\/vc_column][\/vc_row][vc_row el_class=&#8221;container&#8221;][vc_column width=&#8221;1\/2&#8243; el_class=&#8221;container&#8221;]\r\n                <div class=\"text-modules\">\r\n                    <div class=\"container\">\r\n                        <h3 class=\"page-title text__title\">Co jest dost\u0119pne w akademiku<\/h3>\r\n                        <div class=\"text-modules__content\"><p><b>Kuchnia:<\/b><\/p>\n<ul style=\"list-style-type: circle\">\n<li>wsp\u00f3lna<\/li>\n<li>p\u0142yta gazowa<\/li>\n<li>piekarnik<\/li>\n<\/ul>\n<p><b>\u0141azienka:<\/b><\/p>\n<ul style=\"list-style-type: circle\">\n<li>wsp\u00f3lna<\/li>\n<li>prysznic<\/li>\n<li>toaleta<\/li>\n<\/ul>\n<p><b>Udogodnienie dla os\u00f3b z niepe\u0142nosprawno\u015bci\u0105:<\/b><\/p>\n<ul style=\"list-style-type: circle\">\n<li>platforma schodowa<\/li>\n<\/ul>\n<p><b>Internet:<\/b><\/p>\n<ul style=\"list-style-type: circle\">\n<li>przewodowy<\/li>\n<li>bezp\u0142atny<\/li>\n<\/ul>\n<p><b>Parking:<\/b><\/p>\n<ul style=\"list-style-type: circle\">\n<li>bezp\u0142atny<\/li>\n<\/ul>\n<p><b>Udogodnienia:<\/b><\/p>\n<ul style=\"list-style-type: circle\">\n<li>lod\u00f3wka w ka\u017cdym pokoju<\/li>\n<li>kosz na \u015bmieci w ka\u017cdym pokoju<\/li>\n<li>umywalka w ka\u017cdym pokoju<\/li>\n<li>pralnia \u2013 bezp\u0142atnie, og\u00f3lnodost\u0119pna<\/li>\n<li>dost\u0119pne \u017celazko i deska do prasowania<\/li>\n<li>dost\u0119pny odkurzacz<\/li>\n<li>automat z przek\u0105skami i napojami<\/li>\n<li>sala telewizyjna i gier<\/li>\n<li>sala konferencyjna<\/li>\n<li>pokoje cichej nauki<\/li>\n<li>po\u015bciel bezp\u0142atnie<\/li>\n<li>monitoring<\/li>\n<li>portiernia czynna ca\u0142\u0105 dob\u0119<\/li>\n<li>mo\u017cliwo\u015b\u0107 p\u0142atno\u015bci za DS kart\u0105 w magazynie po\u015bcieli<\/li>\n<\/ul>\n<p>\n<\/div>\r\n                    <\/div>\r\n                <\/div>[\/vc_column][vc_column width=&#8221;1\/2&#8243; el_class=&#8221;container&#8221;]\r\n                <div class=\"text-modules\">\r\n                    <div class=\"container\">\r\n                        <h3 class=\"page-title text__title\">Zabierz ze sob\u0105<\/h3>\r\n                        <div class=\"text-modules__content\"><\/p>\n<ul style=\"list-style-type: circle\">\n<li>naczynia<\/li>\n<li>sztu\u0107ce<\/li>\n<li>garnki<\/li>\n<li>czajnik<\/li>\n<li>r\u0119czniki<\/li>\n<\/ul>\n<p>\n<\/div>\r\n                    <\/div>\r\n                <\/div>\r\n                <div class=\"text-modules\">\r\n                    <div class=\"container\">\r\n                        <h3 class=\"page-title text__title\">Informacje dodatkowe<\/h3>\r\n                        <div class=\"text-modules__content\"><p><strong>Zwierz\u0119ta:<\/strong><\/p>\n<ul>\n<li>za zgod\u0105 administratora budynku<\/li>\n<li>aktualna ksi\u0105\u017ceczka zdrowia, wraz ze szczepieniami<\/li>\n<li>do 10 kg<\/li>\n<\/ul>\n<p>\n<\/div>\r\n                    <\/div>\r\n                <\/div>\r\n                <div class=\"text-modules\">\r\n                    <div class=\"container\">\r\n                        <h3 class=\"page-title text__title\">Og\u00f3lne<\/h3>\r\n                        <div class=\"text-modules__content\"><\/p>\n<ul style=\"list-style-type: circle\">\n<li>zakaz palenia papieros\u00f3w<\/li>\n<\/ul>\n<p>\n<\/div>\r\n                    <\/div>\r\n                <\/div>\r\n                <div class=\"text-modules\">\r\n                    <div class=\"container\">\r\n                        <h3 class=\"page-title text__title\">Dane teleadresowe<\/h3>\r\n                        <div class=\"text-modules__content\"><p>ul. Studencka 15<br \/>\n40-743 Katowice (Ligota)<br \/>\ntel. (32) 358 6510<\/p>\n<\/div>\r\n                    <\/div>\r\n                <\/div>\r\n                <div class=\"text-modules\">\r\n                    <div class=\"container\">\r\n                        <h3 class=\"page-title text__title\">Akademikiem kieruje<\/h3>\r\n                        <div class=\"text-modules__content\"><p><a href=\"http:\/\/pracownik.us.edu.pl\/us-addressbook\/emp\/1002\"><b>El\u017cbieta<\/b> <b>Sonnenfeld<\/b><\/a><\/p>\n<p>tel. 32 358 6601,<br \/>\nadres e-mail: elzbieta.sonnenfeld@us.edu.pl<\/p>\n<\/div>\r\n                    <\/div>\r\n                <\/div>[\/vc_column][\/vc_row]<\/p>","protected":false},"excerpt":{"rendered":"<p>[vc_row el_class=&#8221;container&#8221;][vc_column el_class=&#8221;container&#8221;][\/vc_column][\/vc_row][vc_row el_class=&#8221;container&#8221;][vc_column][vc_empty_space height=&#8221;64px&#8221;][\/vc_column][\/vc_row][vc_row el_class=&#8221;container&#8221;][vc_column width=&#8221;1\/2&#8243; el_class=&#8221;container&#8221;][\/vc_column][vc_column width=&#8221;1\/2&#8243; el_class=&#8221;container&#8221;][\/vc_column][\/vc_row] [&#8230;]<\/p>\n<p><a class=\"btn btn-secondary understrap-read-more-link\" href=\"https:\/\/us.edu.pl\/student\/wsparcie-i-fundusze\/akademiki-2\/osiedle-akademickie-ligota\/dom-studenta-nr-1\/\">Read More&#8230;<\/a><\/p>\n","protected":false},"author":26,"featured_media":0,"parent":5400,"menu_order":0,"comment_status":"closed","ping_status":"closed","template":"page-templates\/page-with-sidebar.php","meta":{"_expiration-date-status":"saved","_expiration-date":0,"_expiration-date-type":"","_expiration-date-categories":[],"_expiration-date-options":[]},"acf":[],"_links":{"self":[{"href":"https:\/\/us.edu.pl\/student\/wp-json\/wp\/v2\/pages\/12848"}],"collection":[{"href":"https:\/\/us.edu.pl\/student\/wp-json\/wp\/v2\/pages"}],"about":[{"href":"https:\/\/us.edu.pl\/student\/wp-json\/wp\/v2\/types\/page"}],"author":[{"embeddable":true,"href":"https:\/\/us.edu.pl\/student\/wp-json\/wp\/v2\/users\/26"}],"replies":[{"embeddable":true,"href":"https:\/\/us.edu.pl\/student\/wp-json\/wp\/v2\/comments?post=12848"}],"version-history":[{"count":0,"href":"https:\/\/us.edu.pl\/student\/wp-json\/wp\/v2\/pages\/12848\/revisions"}],"up":[{"embeddable":true,"href":"https:\/\/us.edu.pl\/student\/wp-json\/wp\/v2\/pages\/5400"}],"wp:attachment":[{"href":"https:\/\/us.edu.pl\/student\/wp-json\/wp\/v2\/media?parent=12848"}],"curies":[{"name":"wp","href":"https:\/\/api.w.org\/{rel}","templated":true}]}}