{"id":12990,"date":"2019-11-04T18:00:14","date_gmt":"2019-11-04T17:00:14","guid":{"rendered":"https:\/\/us.edu.pl\/student\/?page_id=12990"},"modified":"2023-10-17T14:52:29","modified_gmt":"2023-10-17T12:52:29","slug":"odwolanie-od-decyzji-i-rozstrzygniec","status":"publish","type":"page","link":"https:\/\/us.edu.pl\/student\/studia\/tok-studiow-2\/odwolanie-od-decyzji-i-rozstrzygniec\/","title":{"rendered":"Odwo\u0142anie od rozstrzygni\u0119\u0107 oraz wniosek o ponowne rozpatrzenie sprawy (w przypadku decyzji administracyjnych)"},"content":{"rendered":"<p>[vc_row][vc_column]\r\n                <div class=\"text-modules\">\r\n                    <div class=\"container\">\r\n                        <h3 class=\"page-title text__title\">Odwo\u0142anie od rozstrzygni\u0119\u0107 oraz wniosek o ponowne rozpatrzenie sprawy (w przypadku decyzji administracyjnych)<\/h3>\r\n                        <div class=\"text-modules__content\"><p>Indywidualne sprawy student\u00f3w s\u0105 za\u0142atwiane w drodze decyzji administracyjnych albo rozstrzygni\u0119\u0107.<br \/>\nDecyzje administracyjne wydawane s\u0105 w sprawach:<\/p>\n<ol>\n<li>przyj\u0119cia na studia, zmiany formy lub kierunku studi\u00f3w w przypadku cudzoziemc\u00f3w;<\/li>\n<li>odmowy przyj\u0119cia na studia w formie przeniesienia z innej uczelni;<\/li>\n<li>odmowy wznowienia studi\u00f3w;<\/li>\n<li>zwolnienia z op\u0142aty lub obni\u017cenia op\u0142aty za us\u0142ugi edukacyjne;<\/li>\n<li>przyznania oraz odmowy przyznania stypendium socjalnego, stypendium dla os\u00f3b niepe\u0142nosprawnych, zapomogi, stypendium rektora lub stypendium z w\u0142asnego funduszu Uniwersytetu na stypendia;<\/li>\n<li>zawieszenia w prawach studenta przez rektora w przypadkach, o kt\u00f3rych mowa w 312 ust\u0119p 5, a tak\u017ce w art. 316 ust\u0119p 4 ustawy;<\/li>\n<li>skre\u015blenia z listy student\u00f3w;<\/li>\n<li>stwierdzenia niewa\u017cno\u015bci<\/li>\n<\/ol>\n<p>Pozosta\u0142e sprawy, dotycz\u0105ce toku studi\u00f3w, takie jak m.in.: zgoda na wznowienie studi\u00f3w, urlopy, powtarzanie modu\u0142u\/modu\u0142\u00f3w lub semestru, zarz\u0105dzenie egzaminu komisyjnego, przed\u0142u\u017cenie sesji, zmiana formy studi\u00f3w (stacjonarne\/niestacjonarne), zmiana kierunku studi\u00f3w, indywidualna organizacja studi\u00f3w, indywidualny tok studi\u00f3w \u2013 s\u0105 rozpatrywane w drodze rozstrzygni\u0119cia.<\/p>\n<p>Od decyzji administracyjnych wy\u017cej wymienionych wydanych w pierwszej instancji przys\u0142uguje wniosek o ponowne rozpatrzenie sprawy. Natomiast od rozstrzygni\u0119\u0107 przys\u0142uguje odwo\u0142anie do rektora. W przypadku kiedy rozstrzygni\u0119cie podejmuje Rektor jest ono ostateczne.<\/p>\n<p>Od decyzji rektora wydanych w pierwszej instancji (dotyczy to m.in. decyzji w sprawie kolejnego wznowienia studi\u00f3w) przys\u0142uguje mo\u017cliwo\u015b\u0107 z\u0142o\u017cenia wniosku o ponowne rozpatrzenie sprawy. Decyzja wydana w drugiej instancji jest ju\u017c ostateczna, gdy\u017c w Uniwersytecie obowi\u0105zuje post\u0119powanie dwuinstancyjne. Student ma natomiast mo\u017cliwo\u015b\u0107 wniesienia skargi na decyzj\u0119 wydan\u0105 w drugiej instancji do Wojew\u00f3dzkiego S\u0105du Administracyjnego w Gliwicach z powodu jej niezgodno\u015bci z prawem.<br \/>\nWniosek o ponowne rozpatrzenie sprawy (\u015brodek odwo\u0142awczy od decyzji administracyjnej wydanej w pierwszej instancji) lub odwo\u0142anie od rozstrzygni\u0119cia nale\u017cy z\u0142o\u017cy\u0107 za po\u015brednictwem organu, kt\u00f3ry wyda\u0142 dan\u0105 decyzj\u0119 lub podj\u0105\u0142 rozstrzygni\u0119cie. W przypadku skargi do WSA obowi\u0105zuje ta sama zasada.<br \/>\nWnioski (np. o udzielenie urlopu czy przed\u0142u\u017cenie sesji), jak r\u00f3wnie\u017c \u015brodek odwo\u0142awczy od decyzji administracyjnej (np. od decyzji o skre\u015bleniu z listy student\u00f3w) musz\u0105 spe\u0142nia\u0107 okre\u015blone wymogi formalne.<\/p>\n<p>W przypadku wniosk\u00f3w, w wi\u0119kszo\u015bci przypadk\u00f3w, na stronie uczelni dost\u0119pne s\u0105 ich wzory, na kt\u00f3rych widniej\u0105 pouczenia, do kogo i w jakim terminie mo\u017cna si\u0119 zwr\u00f3ci\u0107 w razie niesatysfakcjonuj\u0105cego rozstrzygni\u0119cia. Od negatywnego rozstrzygni\u0119cia dotycz\u0105cego indywidualnej sprawy studenta przys\u0142uguje wniosek do dziekana o ponowne rozpatrzenie sprawy; w razie podtrzymania rozstrzygni\u0119cia przez dziekana \u2013 odwo\u0142anie do rektora w terminie 14 dni od daty dor\u0119czenia rozstrzygni\u0119cia. W sprawach, w kt\u00f3rych zapadaj\u0105 rozstrzygni\u0119cia, post\u0119powanie jest cz\u0119sto odformalizowane, co sprawia, \u017ce s\u0105 one wydawane niezw\u0142ocznie, nie p\u00f3\u017aniej jednak ni\u017c w terminie 30 dni od dnia z\u0142o\u017cenia wniosku (chyba \u017ce przepisy stanowi\u0105 inaczej). Nale\u017cy bezwzgl\u0119dnie przestrzega\u0107 wskazanych termin\u00f3w na wniesienie \u015brodk\u00f3w odwo\u0142awczych. Cz\u0119\u015b\u0107 wniosk\u00f3w mo\u017cna z\u0142o\u017cy\u0107 za po\u015brednictwem serwisu USOSweb po zalogowaniu si\u0119 na swoje indywidualne konto studenta (zak\u0142adka: DECYZJE). Tam r\u00f3wnie\u017c student w dowolnej chwili mo\u017ce zapozna\u0107 si\u0119 z tre\u015bci\u0105 decyzji lub rozstrzygni\u0119cia.<\/p>\n<p>W przypadku z\u0142o\u017cenia wniosku o ponowne rozpatrzenie sprawy (\u015brodek odwo\u0142awczy od decyzji administracyjnej), zastosowanie znajd\u0105 przepisy Kodeksu post\u0119powania administracyjnego. Opr\u00f3cz podania aktualnych danych kontaktowych (adres korespondencyjny, numer telefonu, adres e-mailowy), nale\u017cy zaznaczy\u0107, w jakiej sprawie decyzja zosta\u0142a wydana (jaki jest jej przedmiot). Wskazane jest r\u00f3wnie\u017c merytoryczne uzasadnienie swojego \u017c\u0105dania (jakiej decyzji student oczekuje) i podanie argument\u00f3w na jego poparcie, cho\u0107 wystarczy, je\u017celi z odwo\u0142ania wynika, \u017ce student nie jest zadowolony z wydanej decyzji. Wskazane jest r\u00f3wnie\u017c do\u0142\u0105czenie dodatkowych dokument\u00f3w na poparcie podnoszonych zarzut\u00f3w, uzasadniaj\u0105cych \u017c\u0105danie strony post\u0119powania.<\/p>\n<p>W ka\u017cdym przypadku, w kt\u00f3rym student postanawia wnie\u015b\u0107 \u015brodek zaskar\u017cenia, musz\u0105 zosta\u0107 spe\u0142nione okre\u015blone przes\u0142anki, by takiej sprawie nada\u0107 dalszy bieg, czyli \u2013 by w rezultacie mog\u0142a zosta\u0107 za\u0142atwiona.<\/p>\n<p>Nale\u017cy przede wszystkim przestrzega\u0107 termin\u00f3w wniesienia \u015brodka zaskar\u017cenia, zw\u0142aszcza w przypadku \u015brodka odwo\u0142awczego od decyzji administracyjnych (wniosek o ponowne rozpatrzenie sprawy), do kt\u00f3rych znajduje zastosowanie Kodeks post\u0119powania administracyjnego, poniewa\u017c uchybienie (przekroczenie) terminu wniesienia odwo\u0142ania powoduje jego niedopuszczalno\u015b\u0107, czyli w sprawie nie zostanie wydana decyzja merytoryczna. Odpowiedni organ stwierdzi w\u00f3wczas uchybienie terminu, wydaj\u0105c postanowienie, na kt\u00f3re przys\u0142uguje za\u017calenie. Termin z\u0142o\u017cenia wniosku o ponowne rozpatrzenie sprawy (np. w przypadku decyzji o skre\u015bleniu z listy student\u00f3w, decyzji o odmowie wznowienia studi\u00f3w, decyzji o odmowie przyj\u0119cia na studia w formie przeniesienia z innej uczelni itd.) to 14 dni od daty dor\u0119czenia decyzji na adres korespondencyjny (decyzje administracyjne wysy\u0142ane s\u0105 zwykle za potwierdzeniem odbioru). Po tej dacie z\u0142o\u017cenie wspomnianego wniosku jest niemo\u017cliwe.<\/p>\n<p>Je\u015bli jednak przekroczenie terminu do z\u0142o\u017cenia wniosku nast\u0105pi\u0142o z przyczyn niezawinionych, student mo\u017ce ubiega\u0107 si\u0119 o przywr\u00f3cenie terminu do z\u0142o\u017cenia wniosku o ponowne rozpatrzenie sprawy. Nale\u017cy w\u00f3wczas z wnioskiem o przywr\u00f3cenie terminu z\u0142o\u017cy\u0107 jednocze\u015bnie wniosek o ponowne rozpatrzenie sprawy. Wniosek o przywr\u00f3cenie terminu musi zawiera\u0107 uzasadnienie \u2013 nale\u017cy w nim uprawdopodobni\u0107, \u017ce uchybienie nast\u0105pi\u0142o bez winy studenta (do\u0142\u0105czy\u0107 np. wypis ze szpitala, za\u015bwiadczenie lekarskie). Wniosek o przywr\u00f3cenie terminu nale\u017cy z\u0142o\u017cy\u0107 w ci\u0105gu 7 dni od ustania przyczyny uniemo\u017cliwiaj\u0105cej z\u0142o\u017cenie \u015brodka odwo\u0142awczego w terminie (czyli np. w ci\u0105gu 7 dni od daty wypisu ze szpitala). Termin 7- dniowy wyznaczony w taki spos\u00f3b jest nieprzywracalny (czyli ostateczny).<\/p>\n<\/div>\r\n                    <\/div>\r\n                <\/div>[\/vc_column][\/vc_row]<\/p>","protected":false},"excerpt":{"rendered":"<p>[vc_row][vc_column][\/vc_column][\/vc_row] [&#8230;]<\/p>\n<p><a class=\"btn btn-secondary understrap-read-more-link\" href=\"https:\/\/us.edu.pl\/student\/studia\/tok-studiow-2\/odwolanie-od-decyzji-i-rozstrzygniec\/\">Read More&#8230;<\/a><\/p>\n","protected":false},"author":28,"featured_media":0,"parent":9046,"menu_order":0,"comment_status":"closed","ping_status":"closed","template":"page-templates\/inner-page.php","meta":{"_expiration-date-status":"","_expiration-date":0,"_expiration-date-type":"","_expiration-date-categories":[],"_expiration-date-options":[]},"acf":[],"_links":{"self":[{"href":"https:\/\/us.edu.pl\/student\/wp-json\/wp\/v2\/pages\/12990"}],"collection":[{"href":"https:\/\/us.edu.pl\/student\/wp-json\/wp\/v2\/pages"}],"about":[{"href":"https:\/\/us.edu.pl\/student\/wp-json\/wp\/v2\/types\/page"}],"author":[{"embeddable":true,"href":"https:\/\/us.edu.pl\/student\/wp-json\/wp\/v2\/users\/28"}],"replies":[{"embeddable":true,"href":"https:\/\/us.edu.pl\/student\/wp-json\/wp\/v2\/comments?post=12990"}],"version-history":[{"count":1,"href":"https:\/\/us.edu.pl\/student\/wp-json\/wp\/v2\/pages\/12990\/revisions"}],"predecessor-version":[{"id":41844,"href":"https:\/\/us.edu.pl\/student\/wp-json\/wp\/v2\/pages\/12990\/revisions\/41844"}],"up":[{"embeddable":true,"href":"https:\/\/us.edu.pl\/student\/wp-json\/wp\/v2\/pages\/9046"}],"wp:attachment":[{"href":"https:\/\/us.edu.pl\/student\/wp-json\/wp\/v2\/media?parent=12990"}],"curies":[{"name":"wp","href":"https:\/\/api.w.org\/{rel}","templated":true}]}}