{"id":12992,"date":"2019-11-04T18:08:29","date_gmt":"2019-11-04T17:08:29","guid":{"rendered":"https:\/\/us.edu.pl\/student\/?page_id=12992"},"modified":"2025-09-17T10:20:57","modified_gmt":"2025-09-17T08:20:57","slug":"elektroniczna-legitymacja-studencka-els-i-indeks","status":"publish","type":"page","link":"https:\/\/us.edu.pl\/student\/studia\/tok-studiow-2\/elektroniczna-legitymacja-studencka-els-i-indeks\/","title":{"rendered":"Elektroniczna legitymacja studencka (ELS)"},"content":{"rendered":"<p>[vc_row][vc_column]\r\n                <div class=\"text-modules\">\r\n                    <div class=\"container\">\r\n                        <h3 class=\"page-title text__title\">mLegitymacja<\/h3>\r\n                        <div class=\"text-modules__content\"><p><span style=\"color: #ff0000;\"><strong>UWAGA WA\u017bNE ZMIANY od 1 lipca 2025 r. <\/strong><\/span><\/p>\n<p>Od dnia 1 lipca 2025 r. <strong>bezp\u0142atna mLegitymacja<\/strong> dost\u0119pna jest w aplikacji <strong>mObywatel<\/strong> jako pe\u0142noprawna forma legitymacji.<\/p>\n<p>Uczelnia od 1 pa\u017adziernika 2025 r. b\u0119dzie umo\u017cliwia\u0142a nowoprzyj\u0119tym studentom, aktywowanie mLegitymacji w aplikacji mObywatel.<\/p>\n<p>Aktywowanie mlegitymacji dla student\u00f3w I roku b\u0119dzie mo\u017cliwe po podpisaniu \u015blubowania. \u015alubowanie b\u0119dzie dost\u0119pne w systemie USOSweb od 1 pa\u017adziernika.<\/p>\n<p>Studenci b\u0119d\u0105 mogli nadal otrzymywa\u0107 klasyczn\u0105 elektroniczn\u0105 legitymacj\u0119 (plastikowa karta), pod warunkiem <strong>z\u0142o\u017cenia wniosku i wniesienia op\u0142aty (22,00 z\u0142). <\/strong>Dotyczy to szczeg\u00f3lnie student\u00f3w bez numeru PESEL.<\/p>\n<p>Dotychczasowe legitymacje zar\u00f3wno mobilne, jak i fizyczne, zachowuj\u0105 wa\u017cno\u015b\u0107 do terminu uko\u0144czenia studi\u00f3w, po przed\u0142u\u017ceniu w Dziekanacie.<\/p>\n<p>Mo\u017cesz pos\u0142ugiwa\u0107 si\u0119 legitymacj\u0105 nie d\u0142u\u017cej ni\u017c do dnia uko\u0144czenia studi\u00f3w, zawieszenia w prawach studenta lub skre\u015blenia z listy student\u00f3w.<\/p>\n<p>Uwaga! Je\u017celi jeste\u015b absolwentem studi\u00f3w pierwszego stopnia, wa\u017cno\u015b\u0107 legitymacji datowana jest do dnia 31 pa\u017adziernika roku uko\u0144czenia tych studi\u00f3w.<\/p>\n<p>mLegitymacja dzia\u0142a tak jak tradycyjny dokument, i zawiera identyczne dane. Elektroniczna wersja legitymacji jest dodatkowym dokumentem, kt\u00f3ry funkcjonuje r\u00f3wnolegle z tradycyjn\u0105 legitymacj\u0105, zachowuj\u0105c\u0105 swoj\u0105 wa\u017cno\u015b\u0107. Mo\u017cesz potwierdzi\u0107 uprawnienia do nale\u017cnych ulg i zwolnie\u0144 pokazuj\u0105c legitymacj\u0119 na ekranie telefonu. Osoba sprawdzaj\u0105ca to\u017csamo\u015b\u0107, korzystaj\u0105ca z aplikacji mWeryfikator, mo\u017ce potwierdzi\u0107 Twoje imi\u0119 i nazwisko, zobaczy\u0107 zdj\u0119cie oraz sprawdzi\u0107 wa\u017cno\u015b\u0107 legitymacji.<\/p>\n<p>Mobilna wersja legitymacji jest tworzona tylko na indywidualn\u0105 pro\u015bb\u0119.<\/p>\n<p>Zam\u00f3wienia na mLegitymacje mo\u017cna sk\u0142ada\u0107 poprzez platform\u0119\u00a0<a href=\"https:\/\/usosweb.us.edu.pl\/\">USOSweb<\/a>, zak\u0142adka DLA STUDENT\u00d3W -&gt;mLegitymacje. Po poprawnym zg\u0142oszeniu zostanie nades\u0142any kod uprawniaj\u0105cy do aktywacji mLegitymacji w aplikacji mObywatel, dost\u0119pnej w Google Play i App Store. Aby otrzyma\u0107 mLegitymacj\u0119, trzeba spe\u0142nia\u0107 nast\u0119puj\u0105ce warunki:<\/p>\n<ul>\n<li>obywatelstwo polskie<\/li>\n<li>numer PESEL<\/li>\n<li>status aktywnego studenta w systemie USOS<\/li>\n<li>numer albumu<\/li>\n<li>zdj\u0119cie w USOS<\/li>\n<li>dane osobowe niezmienione od czasu wydania ELS.<\/li>\n<\/ul>\n<p>Instrukcj\u0119 aktywowania mLegitymacji mo\u017cna znale\u017a\u0107 w <a href=\"http:\/\/youtube.com\/watch?v=07Wfng7DDJ8\">filmie<\/a>.<br \/>\nAdres helpdesku technicznego U\u015a \u2013 <a href=\"mailto:usosweb@us.edu.pl\">usosweb@us.edu.pl<\/a>.<br \/>\nUwaga: ewentualne problemy ze statusem studenckim nale\u017cy wyja\u015bni\u0107 w\u00a0<a href=\"https:\/\/us.edu.pl\/student\/nowy-student\/nowy-student-pierwsze-kroki\/dziekanaty\/\">dziekanacie<\/a>.<\/p>\n<p><strong>Jak doda\u0107 Legitymacj\u0119 studenck\u0105 w\u00a0aplikacji mObywatel?<\/strong><\/p>\n<ol>\n<li>Prze\u015blij zg\u0142oszenie przez USOSweb lub mUSOS do swojej uczelni o kod QR oraz kod aktywacyjny.<\/li>\n<li>Pobierz aplikacj\u0119 mObywatel 2.0 z\u00a0Google Play lub App Store.<\/li>\n<li>Dodaj pierwszy dokument, wybieraj\u0105c Inny dokument, nast\u0119pnie Legitymacja studencka. Wykorzystaj otrzymane.<\/li>\n<li>Gotowe! Teraz ju\u017c mo\u017cesz korzysta\u0107 ze swojej legitymacji w\u00a0telefonie.<\/li>\n<\/ol>\n<p>Je\u015bli ju\u017c masz mObywatela 2.0 i\u00a0korzystasz z\u00a0mDowodu, zaloguj si\u0119 do\u00a0aplikacji na\u00a0swoim telefonie. Na\u00a0g\u00f3rze ekranu startowego w\u00a0sekcji Dokumenty naci\u015bnij Dodaj. Wybierz z\u00a0listy Legitymacja studencka. Wpisz otrzymane dane.<\/p>\n<p>Gotowe! Teraz ju\u017c mo\u017cesz korzysta\u0107 ze swojej legitymacji w\u00a0telefonie.<br \/>\n<strong>Pami\u0119taj, \u017ce aplikacja mObywatel obowi\u0105zuje tylko na terenie Rzeczypospolitej Polskiej.<\/strong><\/p>\n<\/div>\r\n                    <\/div>\r\n                <\/div>\r\n                <div class=\"text-modules\">\r\n                    <div class=\"container\">\r\n                        <h3 class=\"page-title text__title\">Elektroniczna legitymacja studencka (ELS) \u2013 wydawana na podstawie wniosku<\/h3>\r\n                        <div class=\"text-modules__content\"><p>Jest to fizyczna plastikowa karta na kt\u00f3rej zamieszczone s\u0105 twoje dane wraz ze zdj\u0119ciem.<\/p>\n<p>Elektroniczna legitymacja studencka wydawana jest studentom, kt\u00f3rzy z\u0142o\u017c\u0105 o ni\u0105 wniosek lub nie posiadaj\u0105 numeru PESEL<\/p>\n<p>Uwaga! Je\u017celi jeste\u015b ju\u017c studentem Uniwersytetu \u015al\u0105skiego i posiadasz wa\u017cn\u0105 legitymacj\u0119 studenck\u0105 oraz podejmujesz studia na drugim kierunku studi\u00f3w to nie musisz wyrabia\u0107 kolejnej legitymacji.<\/p>\n<p>Legitymacj\u0119 otrzymasz w dziekanacie, kt\u00f3ry prowadzi Tw\u00f3j kierunek.<\/p>\n<p>Co zrobi\u0107, by zosta\u0107 jej posiadaczem?<\/p>\n<p>Aby otrzyma\u0107 elektroniczn\u0105 legitymacj\u0119 studenck\u0105 (ELS), trzeba spe\u0142nia\u0107 nast\u0119puj\u0105ce warunki:<\/p>\n<ul>\n<li>Z\u0142o\u017cy\u0107 wniosek o wydanie ELS &#8211; wersja papierowa w Dziekanacie (wkr\u00f3tce dost\u0119pny w USOS Web) &#8211; <em>wniosek w USOS Web dost\u0119pny od 15.09.25r.<\/em><\/li>\n<li>wgra\u0107 swoje zdj\u0119cie do systemu IRK (Internetowa Rejestracja Kandydat\u00f3w) lub doda\u0107 zdj\u0119cie w USOSweb (modu\u0142 DLA WSZYSTKICH -&gt; Zdj\u0119cie do legitymacji), je\u015bli nie jeste\u015b uczestnikiem aktywnej rekrutacji) oraz uzyska\u0107 akceptacj\u0119 zdj\u0119cia;<\/li>\n<li>wnie\u015b\u0107 op\u0142at\u0119 w wysoko\u015bci\u00a0<strong>22,00 z\u0142;<\/strong><\/li>\n<li>naby\u0107 praw studenta, kt\u00f3re otrzymasz\u00a0z chwil\u0105 z\u0142o\u017cenia \u015blubowania poprzez system USOS. Podstawa prawna:\u00a0<em> 2 ust.\u00a04\u00a0Regulaminu Studi\u00f3w Uniwersytetu \u015al\u0105skiego w Katowicach (Za\u0142\u0105cznik do uchwa\u0142y nr 525 Senatu U\u015a z dnia 23 kwietnia 2024 r).<\/em><\/li>\n<\/ul>\n<p>Numer konta, na kt\u00f3ry nale\u017cy zrobi\u0107 przelew, dla ka\u017cdego studenta generowany jest indywidualnie, po zalogowaniu si\u0119 w systemie USOS, w zak\u0142adce DLA WSZYSTKICH.<\/p>\n<p>Mo\u017cliwo\u015b\u0107 zalogowania do systemu USOS aktywowana jest przez dziekanat po z\u0142o\u017ceniu przez kandydata wymaganych dokument\u00f3w i dokonaniu wpisu na studia. O termin logowania do systemu USOS zapytaj w dziekanacie!<\/p>\n<p>Mo\u017cesz pos\u0142ugiwa\u0107 si\u0119 legitymacj\u0105 nie d\u0142u\u017cej ni\u017c do dnia uko\u0144czenia studi\u00f3w, zawieszenia w prawach studenta lub skre\u015blenia z listy student\u00f3w.<\/p>\n<p>Uwaga! Je\u017celi jeste\u015b absolwentem studi\u00f3w pierwszego stopnia, wa\u017cno\u015b\u0107 legitymacji datowana jest do dnia 31 pa\u017adziernika roku uko\u0144czenia tych studi\u00f3w.<\/p>\n<\/div>\r\n                    <\/div>\r\n                <\/div>\r\n                <div class=\"text-modules\">\r\n                    <div class=\"container\">\r\n                        <h3 class=\"page-title text__title\">Aktualizacja i wyga\u015bni\u0119cie wa\u017cno\u015bci legitymacji<\/h3>\r\n                        <div class=\"text-modules__content\"><p>Wa\u017cno\u015b\u0107 legitymacji studenckiej potwierdzasz co semestr przez aktualizacj\u0119 danych w systemie USOSweb oraz umieszczenie hologramu w kolejno oznaczonych polach legitymacji. Hologram otrzymasz w swoim dziekanacie.<\/p>\n<p>Mo\u017cesz pos\u0142ugiwa\u0107 si\u0119 legitymacj\u0105 nie d\u0142u\u017cej ni\u017c do dnia uko\u0144czenia studi\u00f3w, zawieszenia w prawach studenta lub skre\u015blenia z listy student\u00f3w.<\/p>\n<p>Uwaga! Je\u017celi jeste\u015b absolwentem studi\u00f3w pierwszego stopnia, wa\u017cno\u015b\u0107 legitymacji datowana jest do dnia 31 pa\u017adziernika roku uko\u0144czenia tych studi\u00f3w.<\/p>\n<\/div>\r\n                    <\/div>\r\n                <\/div>\r\n                <div class=\"text-modules\">\r\n                    <div class=\"container\">\r\n                        <h3 class=\"page-title text__title\">Co zrobi\u0107 w przypadku zagubienia, kradzie\u017cy lub zniszczenia legitymacji (ELS)?<\/h3>\r\n                        <div class=\"text-modules__content\"><\/p>\n<ul>\n<li>w przypadku posiadania mLegitymacji, nie ma konieczno\u015bci zg\u0142aszania si\u0119 do Dziekanatu w celu zlecenia nowej legitymacji. mLegitymacja jest dokumentem pe\u0142noprawnym, kt\u00f3ry jest traktowany na r\u00f3wni z elektroniczn\u0105 legitymacj\u0105 (plastikow\u0105 kart\u0105).<\/li>\n<li>w przypadku posiadania legitymacji ( plastikowa karta) powinno si\u0119 :<\/li>\n<li>z\u0142o\u017cy\u0107 wniosek o wydanie duplikatu legitymacji \u00a0oraz\u00a0 wnie\u015b\u0107 op\u0142at\u0119 za wydanie duplikatu legitymacji, w wysoko\u015bci\u00a0<strong>25,50 z\u0142<\/strong>\u00a0lub\u00a0<strong>33,00 z\u0142<\/strong>\u00a0(dla os\u00f3b, kt\u00f3re rozpocz\u0119\u0142y studia od 2019\/2020) \u2013 numer konta taki sam, jak w przypadku wp\u0142aty za orygina\u0142 ELS.<\/li>\n<\/ul>\n<p>\n<\/div>\r\n                    <\/div>\r\n                <\/div>\r\n                <div class=\"text-modules\">\r\n                    <div class=\"container\">\r\n                        <h3 class=\"page-title text__title\">Najwa\u017cniejsze i najciekawsze przywileje z posiadania legitymacji studenckiej<\/h3>\r\n                        <div class=\"text-modules__content\"><p>Posiadaj\u0105c elektroniczn\u0105 legitymacj\u0119 studenck\u0105 nie tylko potwierdzasz, \u017ce jeste\u015b studentem Uniwersytetu \u015al\u0105skiego, ale r\u00f3wnie\u017c korzystasz z biblioteki oraz z parking\u00f3w (niekt\u00f3re Wydzia\u0142y U\u015a).<\/p>\n<p>Wybrane ulgi i zni\u017cki przys\u0142uguj\u0105ce studentom za okazaniem legitymacji:<\/p>\n<ul>\n<li>komunikacja (do 26 roku \u017cycia):\n<ul>\n<li>komunikacja miejska (\u221250%);<\/li>\n<li>poci\u0105gi (\u221251% na bilet jednorazowy , \u221249% na bilet miesi\u0119czny);<\/li>\n<\/ul>\n<\/li>\n<li>kultura i rekreacja:\n<ul>\n<li>aquaparki, baseny, si\u0142ownie;<\/li>\n<li>kina, teatry, muzea;<\/li>\n<li>kluby;<\/li>\n<li>ksi\u0119garnie i inne sklepy akademickie;<\/li>\n<\/ul>\n<\/li>\n<li>gastronomia: wybrane lokale, szczeg\u00f3lnie sieciowe.<\/li>\n<\/ul>\n<p>\n<\/div>\r\n                    <\/div>\r\n                <\/div>\r\n                <div class=\"text-modules\">\r\n                    <div class=\"container\">\r\n                        <h3 class=\"page-title text__title\">Indeks studencki<\/h3>\r\n                        <div class=\"text-modules__content\"><p>Tw\u00f3j indeks prowadzony jest w formie elektronicznej. Wyk\u0142adowcy, co semestr wpisuj\u0105 do systemu Twoje oceny z zalicze\u0144 oraz egzamin\u00f3w z poszczeg\u00f3lnych modu\u0142\u00f3w. Opr\u00f3cz tego zamieszczane s\u0105 w nim informacje dotycz\u0105ce: nagr\u00f3d, wyr\u00f3\u017cnie\u0144, kar, praktyk studenckich. Warunkiem zaliczenia semestru jest uzyskanie zalicze\u0144 wszystkich modu\u0142\u00f3w przewidzianych planem studi\u00f3w i uzyskanie \u0142\u0105cznie co najmniej 30 punkt\u00f3w ECTS.<\/p>\n<\/div>\r\n                    <\/div>\r\n                <\/div>[\/vc_column][\/vc_row]<\/p>","protected":false},"excerpt":{"rendered":"<p>[vc_row][vc_column][\/vc_column][\/vc_row] [&#8230;]<\/p>\n<p><a class=\"btn btn-secondary understrap-read-more-link\" href=\"https:\/\/us.edu.pl\/student\/studia\/tok-studiow-2\/elektroniczna-legitymacja-studencka-els-i-indeks\/\">Read More&#8230;<\/a><\/p>\n","protected":false},"author":28,"featured_media":0,"parent":9046,"menu_order":0,"comment_status":"closed","ping_status":"closed","template":"page-templates\/inner-page.php","meta":{"_expiration-date-status":"","_expiration-date":0,"_expiration-date-type":"","_expiration-date-categories":[],"_expiration-date-options":[]},"acf":[],"_links":{"self":[{"href":"https:\/\/us.edu.pl\/student\/wp-json\/wp\/v2\/pages\/12992"}],"collection":[{"href":"https:\/\/us.edu.pl\/student\/wp-json\/wp\/v2\/pages"}],"about":[{"href":"https:\/\/us.edu.pl\/student\/wp-json\/wp\/v2\/types\/page"}],"author":[{"embeddable":true,"href":"https:\/\/us.edu.pl\/student\/wp-json\/wp\/v2\/users\/28"}],"replies":[{"embeddable":true,"href":"https:\/\/us.edu.pl\/student\/wp-json\/wp\/v2\/comments?post=12992"}],"version-history":[{"count":10,"href":"https:\/\/us.edu.pl\/student\/wp-json\/wp\/v2\/pages\/12992\/revisions"}],"predecessor-version":[{"id":59031,"href":"https:\/\/us.edu.pl\/student\/wp-json\/wp\/v2\/pages\/12992\/revisions\/59031"}],"up":[{"embeddable":true,"href":"https:\/\/us.edu.pl\/student\/wp-json\/wp\/v2\/pages\/9046"}],"wp:attachment":[{"href":"https:\/\/us.edu.pl\/student\/wp-json\/wp\/v2\/media?parent=12992"}],"curies":[{"name":"wp","href":"https:\/\/api.w.org\/{rel}","templated":true}]}}