{"id":12994,"date":"2019-11-04T18:10:00","date_gmt":"2019-11-04T17:10:00","guid":{"rendered":"https:\/\/us.edu.pl\/student\/?page_id=12994"},"modified":"2024-06-14T10:00:57","modified_gmt":"2024-06-14T08:00:57","slug":"przeniesienie-z-innej-uczelni-do-uniwersytetu-slaskiego","status":"publish","type":"page","link":"https:\/\/us.edu.pl\/student\/studia\/tok-studiow-2\/przeniesienie-z-innej-uczelni-do-uniwersytetu-slaskiego\/","title":{"rendered":"Przeniesienie z innej uczelni do Uniwersytetu \u015al\u0105skiego"},"content":{"rendered":"<p>[vc_row][vc_column]\r\n                <div class=\"text-modules\">\r\n                    <div class=\"container\">\r\n                        <h3 class=\"page-title text__title\">Przeniesienie z innej uczelni do Uniwersytetu \u015al\u0105skiego<\/h3>\r\n                        <div class=\"text-modules__content\"><p><span style=\"font-weight: 400;\">Student innej uczelni mo\u017ce ubiega\u0107 si\u0119 o przeniesienie do Uniwersytetu \u015al\u0105skiego. W tym celu nale\u017cy:<\/span><\/p>\n<ul style=\"list-style-type: circle;\">\n<li><span style=\"font-weight: 400;\">z\u0142o\u017cy\u0107 wniosek o przeniesienie z uzasadnieniem do odpowiedniego organu uczelni macierzystej z pro\u015bb\u0105 o zaopiniowanie wniosku;<\/span><\/li>\n<li><span style=\"font-weight: 400;\">zaopiniowany wniosek przed\u0142o\u017cy\u0107 dziekanowi wydzia\u0142u przyjmuj\u0105cego (na Uniwersytecie \u015al\u0105skim);\u00a0<\/span><\/li>\n<li><span style=\"font-weight: 400;\">do wniosku do\u0142\u0105czy\u0107 stosown\u0105 dokumentacj\u0119 po\u015bwiadczaj\u0105c\u0105 dotychczasowy przebieg studi\u00f3w (kart\u0119 przebiegu studi\u00f3w itp.).<\/span><\/li>\n<\/ul>\n<p><span style=\"font-weight: 400;\">Dziekan, wyra\u017caj\u0105c zgod\u0119 na przyj\u0119cie na studia w tym trybie, okre\u015bli szczeg\u00f3\u0142owe warunki przeniesienia, m.in.: na kt\u00f3ry semestr student zostaje wpisany, jakie r\u00f3\u017cnice programowe i w jakim czasie b\u0119dzie zobowi\u0105zany wyr\u00f3wna\u0107.\u00a0<\/span><\/p>\n<p><span style=\"font-weight: 400;\">Szczeg\u00f3\u0142owe warunki przeniesienia okre\u015blaj\u0105 cz\u0119sto przepisy wewn\u0119trzne danego wydzia\u0142u (np. termin ko\u0144cowy na z\u0142o\u017cenie wniosku, uzyskanie zaliczenia pierwszego roku studi\u00f3w, minimalna wysoko\u015b\u0107 \u015bredniej ocen uzyskanych w ramach dotychczasowego przebiegu studi\u00f3w itp.<\/span><\/p>\n<p>Szczeg\u00f3\u0142y dotycz\u0105ce warunk\u00f3w przeniesienia mo\u017cna uzyska\u0107 kontaktuj\u0105c si\u0119 z odpowiednim dziekanatem na wybranym wydziale. Wykaz wydzia\u0142\u00f3w <strong><a href=\"https:\/\/us.edu.pl\/uczelnia\/struktura\/\">na stronie<\/a><\/strong>.<\/p>\n<\/div>\r\n                    <\/div>\r\n                <\/div>[\/vc_column][\/vc_row]<\/p>","protected":false},"excerpt":{"rendered":"<p>[vc_row][vc_column][\/vc_column][\/vc_row] [&#8230;]<\/p>\n<p><a class=\"btn btn-secondary understrap-read-more-link\" href=\"https:\/\/us.edu.pl\/student\/studia\/tok-studiow-2\/przeniesienie-z-innej-uczelni-do-uniwersytetu-slaskiego\/\">Read More&#8230;<\/a><\/p>\n","protected":false},"author":28,"featured_media":0,"parent":9046,"menu_order":0,"comment_status":"closed","ping_status":"closed","template":"page-templates\/inner-page.php","meta":{"_expiration-date-status":"","_expiration-date":0,"_expiration-date-type":"","_expiration-date-categories":[],"_expiration-date-options":[]},"acf":[],"_links":{"self":[{"href":"https:\/\/us.edu.pl\/student\/wp-json\/wp\/v2\/pages\/12994"}],"collection":[{"href":"https:\/\/us.edu.pl\/student\/wp-json\/wp\/v2\/pages"}],"about":[{"href":"https:\/\/us.edu.pl\/student\/wp-json\/wp\/v2\/types\/page"}],"author":[{"embeddable":true,"href":"https:\/\/us.edu.pl\/student\/wp-json\/wp\/v2\/users\/28"}],"replies":[{"embeddable":true,"href":"https:\/\/us.edu.pl\/student\/wp-json\/wp\/v2\/comments?post=12994"}],"version-history":[{"count":1,"href":"https:\/\/us.edu.pl\/student\/wp-json\/wp\/v2\/pages\/12994\/revisions"}],"predecessor-version":[{"id":44785,"href":"https:\/\/us.edu.pl\/student\/wp-json\/wp\/v2\/pages\/12994\/revisions\/44785"}],"up":[{"embeddable":true,"href":"https:\/\/us.edu.pl\/student\/wp-json\/wp\/v2\/pages\/9046"}],"wp:attachment":[{"href":"https:\/\/us.edu.pl\/student\/wp-json\/wp\/v2\/media?parent=12994"}],"curies":[{"name":"wp","href":"https:\/\/api.w.org\/{rel}","templated":true}]}}