{"id":12996,"date":"2019-11-04T18:11:23","date_gmt":"2019-11-04T17:11:23","guid":{"rendered":"https:\/\/us.edu.pl\/student\/?page_id=12996"},"modified":"2024-09-23T12:16:06","modified_gmt":"2024-09-23T10:16:06","slug":"egzamin-komisyjny-zaliczenie-komisyjne","status":"publish","type":"page","link":"https:\/\/us.edu.pl\/student\/studia\/tok-studiow-2\/egzamin-komisyjny-zaliczenie-komisyjne\/","title":{"rendered":"Egzamin komisyjny, zaliczenie komisyjne"},"content":{"rendered":"<p>[vc_row][vc_column]\r\n                <div class=\"text-modules\">\r\n                    <div class=\"container\">\r\n                        <h3 class=\"page-title text__title\">Egzamin komisyjny, zaliczenie komisyjne<\/h3>\r\n                        <div class=\"text-modules__content\"><p><span style=\"font-weight: 400;\">Zarz\u0105dzenie egzaminu komisyjnego lub zaliczenia komisyjnego mo\u017ce nast\u0105pi\u0107 jedynie na wniosek studenta i tylko w uzasadnionych przypadkach. Taki tryb przebiegu oceny efekt\u00f3w uczenia si\u0119 ma bowiem charakter nadzwyczajny.<\/span><\/p>\n<p><span style=\"font-weight: 400;\">Wniosek nale\u017cy z\u0142o\u017cy\u0107 w ci\u0105gu 5 dni od dnia og\u0142oszenia wynik\u00f3w egzaminu poprawkowego lub ostatniego terminu zaliczenia.<\/span><\/p>\n<p><span style=\"font-weight: 400;\">Student wyst\u0119puj\u0105cy z takim wnioskiem powinien podnie\u015b\u0107 konkretne zarzuty, np. zakwestionowa\u0107 prawid\u0142owo\u015b\u0107 przeprowadzenia egzaminu, udowadniaj\u0105c, \u017ce zastosowano wobec niego odmienne regu\u0142y oceny ni\u017c wobec pozosta\u0142ych student\u00f3w. Samo uzyskanie oceny niedostatecznej i ch\u0119\u0107 ponownego przyst\u0105pienia do egzaminu czy zaliczenia jest powodem niewystarczaj\u0105cym do jego zarz\u0105dzenia.<\/span><\/p>\n<p><span style=\"font-weight: 400;\">O zasadno\u015bci wniosku rozstrzyga dziekan, kt\u00f3ry ustala termin przeprowadzenia egzaminu lub zaliczenia komisyjnego. Je\u015bli jednak dziekan nie przychyli si\u0119 do wniosku studenta, w ci\u0105gu 14 dni od daty dor\u0119czenia lub og\u0142oszenia tego rozstrzygni\u0119cia przys\u0142uguje wniosek do dziekana o ponowne rozpatrzenie sprawy; w razie podtrzymania rozstrzygni\u0119cia przez dziekana \u2013 odwo\u0142anie do rektora.<\/span><\/p>\n<p><span style=\"font-weight: 400;\">Egzamin lub zaliczenie komisyjne odbywa si\u0119 przed komisj\u0105 egzaminacyjn\u0105. Najcz\u0119\u015bciej jest to egzamin lub zaliczenie w formie ustnej (cho\u0107 mo\u017ce by\u0107 te\u017c w innej, np. pisemnej). Po\u017c\u0105dan\u0105 form\u0119 student mo\u017ce zaznaczy\u0107 we wniosku, natomiast o tym, w jakiej formie odb\u0119dzie si\u0119 egzamin, rozstrzyga dziekan. Ocena z zaliczenia komisyjnego lub egzaminu komisyjnego zast\u0119puje ocen\u0119 z ostatniego terminu zaliczenia lub egzaminu poprawkowego.<\/span><\/p>\n<p><span style=\"font-weight: 400;\">Istnieje mo\u017cliwo\u015b\u0107, by w egzaminie lub zaliczeniu komisyjnym wzi\u0105\u0142 udzia\u0142 przedstawiciel organu samorz\u0105du studenckiego, opiekun roku lub grupy \u0107wiczeniowej czy rzecznik praw studenta i doktoranta \u2013 wyst\u0119puj\u0105cy w charakterze bezstronnego obserwatora. Ch\u0119\u0107 skorzystania z tej mo\u017cliwo\u015bci student musi o zaznaczy\u0107 we wniosku o zarz\u0105dzenie egzaminu lub zaliczenia.<\/span><\/p>\n<\/div>\r\n                    <\/div>\r\n                <\/div>[\/vc_column][\/vc_row]<\/p>","protected":false},"excerpt":{"rendered":"<p>[vc_row][vc_column][\/vc_column][\/vc_row] [&#8230;]<\/p>\n<p><a class=\"btn btn-secondary understrap-read-more-link\" href=\"https:\/\/us.edu.pl\/student\/studia\/tok-studiow-2\/egzamin-komisyjny-zaliczenie-komisyjne\/\">Read More&#8230;<\/a><\/p>\n","protected":false},"author":28,"featured_media":0,"parent":9046,"menu_order":0,"comment_status":"closed","ping_status":"closed","template":"page-templates\/inner-page.php","meta":{"_expiration-date-status":"","_expiration-date":0,"_expiration-date-type":"","_expiration-date-categories":[],"_expiration-date-options":[]},"acf":[],"_links":{"self":[{"href":"https:\/\/us.edu.pl\/student\/wp-json\/wp\/v2\/pages\/12996"}],"collection":[{"href":"https:\/\/us.edu.pl\/student\/wp-json\/wp\/v2\/pages"}],"about":[{"href":"https:\/\/us.edu.pl\/student\/wp-json\/wp\/v2\/types\/page"}],"author":[{"embeddable":true,"href":"https:\/\/us.edu.pl\/student\/wp-json\/wp\/v2\/users\/28"}],"replies":[{"embeddable":true,"href":"https:\/\/us.edu.pl\/student\/wp-json\/wp\/v2\/comments?post=12996"}],"version-history":[{"count":2,"href":"https:\/\/us.edu.pl\/student\/wp-json\/wp\/v2\/pages\/12996\/revisions"}],"predecessor-version":[{"id":45852,"href":"https:\/\/us.edu.pl\/student\/wp-json\/wp\/v2\/pages\/12996\/revisions\/45852"}],"up":[{"embeddable":true,"href":"https:\/\/us.edu.pl\/student\/wp-json\/wp\/v2\/pages\/9046"}],"wp:attachment":[{"href":"https:\/\/us.edu.pl\/student\/wp-json\/wp\/v2\/media?parent=12996"}],"curies":[{"name":"wp","href":"https:\/\/api.w.org\/{rel}","templated":true}]}}