{"id":13000,"date":"2019-11-04T18:15:35","date_gmt":"2019-11-04T17:15:35","guid":{"rendered":"https:\/\/us.edu.pl\/student\/?page_id=13000"},"modified":"2020-06-24T18:33:24","modified_gmt":"2020-06-24T16:33:24","slug":"awans","status":"publish","type":"page","link":"https:\/\/us.edu.pl\/student\/studia\/tok-studiow-2\/awans\/","title":{"rendered":"Awans"},"content":{"rendered":"<p>[vc_row][vc_column]\r\n                <div class=\"text-modules\">\r\n                    <div class=\"container\">\r\n                        <h3 class=\"page-title text__title\">Awans<\/h3>\r\n                        <div class=\"text-modules__content\"><p><span style=\"font-weight: 400\">Na wniosek studenta dziekan mo\u017ce wyrazi\u0107 zgod\u0119 na tzw. awans, czyli realizowanie przedmiot\u00f3w (modu\u0142\u00f3w) z semestru wy\u017cszego, ni\u017c wynika to z aktualnego wpisu na semestr. Oznacza to, \u017ce za zgod\u0105 dziekana student mo\u017ce uczestniczy\u0107 w zaj\u0119ciach z przedmiot\u00f3w (modu\u0142\u00f3w) prowadzonych na semestrach wy\u017cszych ni\u017c ten, na kt\u00f3rym znajduje si\u0119 obecnie.\u00a0<\/span><\/p>\n<p><span style=\"font-weight: 400\">Wniosek studenta powinien zawiera\u0107 uzasadnienie.\u00a0<\/span><\/p>\n<p><span style=\"font-weight: 400\">Nie mo\u017cna ubiega\u0107 si\u0119 o awans w przypadku niezadowalaj\u0105cych wynik\u00f3w w nauce, czyli kiedy student powtarza przedmiot lub semestr.<\/span><\/p>\n<\/div>\r\n                    <\/div>\r\n                <\/div>[\/vc_column][\/vc_row]<\/p>","protected":false},"excerpt":{"rendered":"<p>[vc_row][vc_column][\/vc_column][\/vc_row] [&#8230;]<\/p>\n<p><a class=\"btn btn-secondary understrap-read-more-link\" href=\"https:\/\/us.edu.pl\/student\/studia\/tok-studiow-2\/awans\/\">Read More&#8230;<\/a><\/p>\n","protected":false},"author":28,"featured_media":0,"parent":9046,"menu_order":0,"comment_status":"closed","ping_status":"closed","template":"page-templates\/inner-page.php","meta":{"_expiration-date-status":"saved","_expiration-date":0,"_expiration-date-type":"","_expiration-date-categories":[],"_expiration-date-options":[]},"acf":[],"_links":{"self":[{"href":"https:\/\/us.edu.pl\/student\/wp-json\/wp\/v2\/pages\/13000"}],"collection":[{"href":"https:\/\/us.edu.pl\/student\/wp-json\/wp\/v2\/pages"}],"about":[{"href":"https:\/\/us.edu.pl\/student\/wp-json\/wp\/v2\/types\/page"}],"author":[{"embeddable":true,"href":"https:\/\/us.edu.pl\/student\/wp-json\/wp\/v2\/users\/28"}],"replies":[{"embeddable":true,"href":"https:\/\/us.edu.pl\/student\/wp-json\/wp\/v2\/comments?post=13000"}],"version-history":[{"count":0,"href":"https:\/\/us.edu.pl\/student\/wp-json\/wp\/v2\/pages\/13000\/revisions"}],"up":[{"embeddable":true,"href":"https:\/\/us.edu.pl\/student\/wp-json\/wp\/v2\/pages\/9046"}],"wp:attachment":[{"href":"https:\/\/us.edu.pl\/student\/wp-json\/wp\/v2\/media?parent=13000"}],"curies":[{"name":"wp","href":"https:\/\/api.w.org\/{rel}","templated":true}]}}