{"id":13002,"date":"2019-11-04T18:16:20","date_gmt":"2019-11-04T17:16:20","guid":{"rendered":"https:\/\/us.edu.pl\/student\/?page_id=13002"},"modified":"2020-06-24T18:34:39","modified_gmt":"2020-06-24T16:34:39","slug":"zmiana-formy-studiow","status":"publish","type":"page","link":"https:\/\/us.edu.pl\/student\/studia\/tok-studiow-2\/zmiana-formy-studiow\/","title":{"rendered":"Zmiana formy studi\u00f3w"},"content":{"rendered":"<p>[vc_row][vc_column]\r\n                <div class=\"text-modules\">\r\n                    <div class=\"container\">\r\n                        <h3 class=\"page-title text__title\">Zmiana formy studi\u00f3w<\/h3>\r\n                        <div class=\"text-modules__content\"><p>Zmiana formy studi\u00f3w oznacza przeniesienie si\u0119 ze studi\u00f3w niestacjonarnych na studia stacjonarne lub odwrotnie.<\/p>\n<p>Aby ubiega\u0107 si\u0119 o przeniesienie ze studi\u00f3w niestacjonarnych na stacjonarne w ramach tego samego kierunku na tym samym wydziale, nale\u017cy z\u0142o\u017cy\u0107 wniosek do dziekana wydzia\u0142u, kt\u00f3ry rozstrzyga o sprawie po konsultacji z dyrektorem kierunku.<\/p>\n<p>Zgodnie z regulaminem studi\u00f3w, aby m\u00f3c si\u0119 ubiega\u0107 o przeniesienie na studia stacjonarne, nale\u017cy uzyska\u0107 zaliczenie co najmniej pierwszego roku studi\u00f3w I stopnia albo studi\u00f3w jednolitych magisterskich lub co najmniej pierwszego semestru studi\u00f3w II stopnia. Przepisy wewn\u0119trzne wydzia\u0142u mog\u0105 okre\u015bla\u0107 dodatkowe warunki przeniesienia (odpowiednio wysoka \u015brednia ocen; liczba student\u00f3w, kt\u00f3ra mo\u017ce by\u0107 przyj\u0119ta w tym trybie na studia stacjonarne, itp.).<\/p>\n<p>Przeniesienie ze studi\u00f3w stacjonarnych na niestacjonarne w ramach tego samego wydzia\u0142u i kierunku mo\u017cliwe jest, w zasadzie, w ka\u017cdym czasie, jednak\u017ce przepisy wewn\u0119trzne wydzia\u0142u mog\u0105 okre\u015bla\u0107 dodatkowe warunki w tym wzgl\u0119dzie. W tej kwestii r\u00f3wnie\u017c rozstrzyga dziekan.<\/p>\n<p>Zmiana formy studi\u00f3w mo\u017ce wi\u0105za\u0107 si\u0119 z konieczno\u015bci\u0105 wyr\u00f3wnania r\u00f3\u017cnic programowych. W takim przypadku dziekan okre\u015bla, jakie przedmioty (modu\u0142y) i w jakim terminie student ma obowi\u0105zek zrealizowa\u0107.<\/p>\n<\/div>\r\n                    <\/div>\r\n                <\/div>[\/vc_column][\/vc_row]<\/p>","protected":false},"excerpt":{"rendered":"<p>[vc_row][vc_column][\/vc_column][\/vc_row] [&#8230;]<\/p>\n<p><a class=\"btn btn-secondary understrap-read-more-link\" href=\"https:\/\/us.edu.pl\/student\/studia\/tok-studiow-2\/zmiana-formy-studiow\/\">Read More&#8230;<\/a><\/p>\n","protected":false},"author":28,"featured_media":0,"parent":9046,"menu_order":0,"comment_status":"closed","ping_status":"closed","template":"page-templates\/inner-page.php","meta":{"_expiration-date-status":"saved","_expiration-date":0,"_expiration-date-type":"","_expiration-date-categories":[],"_expiration-date-options":[]},"acf":[],"_links":{"self":[{"href":"https:\/\/us.edu.pl\/student\/wp-json\/wp\/v2\/pages\/13002"}],"collection":[{"href":"https:\/\/us.edu.pl\/student\/wp-json\/wp\/v2\/pages"}],"about":[{"href":"https:\/\/us.edu.pl\/student\/wp-json\/wp\/v2\/types\/page"}],"author":[{"embeddable":true,"href":"https:\/\/us.edu.pl\/student\/wp-json\/wp\/v2\/users\/28"}],"replies":[{"embeddable":true,"href":"https:\/\/us.edu.pl\/student\/wp-json\/wp\/v2\/comments?post=13002"}],"version-history":[{"count":0,"href":"https:\/\/us.edu.pl\/student\/wp-json\/wp\/v2\/pages\/13002\/revisions"}],"up":[{"embeddable":true,"href":"https:\/\/us.edu.pl\/student\/wp-json\/wp\/v2\/pages\/9046"}],"wp:attachment":[{"href":"https:\/\/us.edu.pl\/student\/wp-json\/wp\/v2\/media?parent=13002"}],"curies":[{"name":"wp","href":"https:\/\/api.w.org\/{rel}","templated":true}]}}