{"id":13912,"date":"2019-11-05T13:37:34","date_gmt":"2019-11-05T12:37:34","guid":{"rendered":"https:\/\/us.edu.pl\/student\/?page_id=13912"},"modified":"2020-06-28T11:26:23","modified_gmt":"2020-06-28T09:26:23","slug":"osiedle-akademickie-sosnowiec-2","status":"publish","type":"page","link":"https:\/\/us.edu.pl\/student\/wsparcie-i-fundusze\/akademiki-2\/osiedle-akademickie-sosnowiec-2\/","title":{"rendered":"Osiedle akademickie Sosnowiec"},"content":{"rendered":"<p>[vc_row][vc_column]\r\n                <div class=\"text-modules \">\r\n                    <div class=\"container\">\r\n                        <h3 class=\"section-title section-title_border-bottom\">Osiedle Akademickie w Sosnowcu<\/h3> \r\n                        <div class=\"row m-0\">\r\n                            <div class=\"text-modules__content\">\r\n                                <span style=\"font-weight: 400\">Osiedle Akademickie w Sosnowcu jest znajduje si\u0119 w dzielnicy Pogo\u0144, po\u0142o\u017conej oko\u0142o 4 km od centrum miasta. Osiedle tworz\u0105 Domy Studenta i dwa Domy Asystenta. Na terenie Osiedla znajduj\u0105 si\u0119 ponadto: Klub Studencki \u201eRemedium\u201d, park trampolin, si\u0142ownia zewn\u0119trzna, przychodnia lekarska oraz zak\u0142ad fryzjerski i punkt ksero.<\/span><\/p>\n<p><span style=\"font-weight: 400\">Obok Osiedla mieszcz\u0105 si\u0119 Wydzia\u0142y: Humanistyczny, Nauk Przyrodniczych, Nauk \u015acis\u0142ych i Technicznych. W s\u0105siedztwie Osiedla znajduj\u0105 si\u0119: sklep spo\u017cywczy i wielobran\u017cowy, warzywniak, piekarnia, bar samoobs\u0142ugowy, pizzeria, apteka, kwiaciarnia, przystanki tramwajowe i autobusowe. Osiedle jest zlokalizowane w niedaleko trasy wylotowej do Krakowa (DK94), Warszawy (S86) i lotniska w Pyrzowicach. Gwarantuje to dobr\u0105 komunikacj\u0119 z centrum Sosnowca i \u0142atwy dojazd do miejscowo\u015bci o\u015bciennych (np. do Katowic, D\u0105browy G\u00f3rniczej, B\u0119dzina).<\/span><\/p>\n<p><span style=\"font-weight: 400\">Studenci maj\u0105 do dyspozycji jedno- i dwuosobowe pokoje z dost\u0119pem do internetu. W ka\u017cdym budynku znajduj\u0105 si\u0119 og\u00f3lnodost\u0119pne pralnie, suszarnie i prasowalnie, kuchnie oraz pokoje do nauki, a tak\u017ce sale telewizyjne i sale gier. Osiedle dysponuje magazynem po\u015bcieli, z kt\u00f3rego ka\u017cdy mieszkaniec mo\u017ce otrzyma\u0107 nieodp\u0142atnie po\u015bciel i bielizn\u0119 po\u015bcielow\u0105. Do wynaj\u0119cia s\u0105 te\u017c pokoje go\u015bcinne.<\/span><\/p>\n<p><span style=\"font-weight: 400\">Osiedle wyposa\u017cone jest w monitoring zewn\u0119trzny.<\/span> \r\n                                <div class=\"mt-3\"><\/div>\r\n                            <\/div>\r\n                            \r\n                            \r\n                        <\/div>\r\n                    <\/div>\r\n                <\/div>\r\n                <div class=\"text-modules \">\r\n                    <div class=\"container\">\r\n                        <h3 class=\"section-title section-title_border-bottom\">Dojazd<\/h3> \r\n                        <div class=\"row m-0\">\r\n                            <div class=\"text-modules__content\">\r\n                                <span style=\"font-weight: 400\">Z Osiedla do Katowic odje\u017cd\u017caj\u0105 autobusy ZTM linii: 40, 86, 154 (autobusem 154 mo\u017cna dojecha\u0107 do Osiedla Akademickiego w Katowicach- Ligocie).<\/span><\/p>\n<p><span style=\"font-weight: 400\">Przystanek autobusowy i tramwajowy \u2013 250 m<\/span><\/p>\n<p><span style=\"font-weight: 400\">PKP Sosnowiec G\u0142\u00f3wny \u2013 2,8 km<\/span><\/p>\n<p><span style=\"font-weight: 400\">Katowice Airport\u00a0 Pyrzowice \u2013 24 km <\/span> \r\n                                <div class=\"mt-3\"><a href=\"https:\/\/rj.metropoliaztm.pl\/rozklady\/\" class=\"link-button mr-3 \">Rozk\u0142ad jazdy autobus\u00f3w<\/a><\/div>\r\n                            <\/div>\r\n                            \r\n                            \r\n                        <\/div>\r\n                    <\/div>\r\n                <\/div>\r\n                <div class=\"text-modules \">\r\n                    <div class=\"container\">\r\n                         \r\n                        <div class=\"row m-0\">\r\n                            <div class=\"text-modules__content\">\r\n                                <span style=\"font-weight: 400\">Osiedlem kieruje:<\/span><\/p>\n<p><b>Tomasz Sko\u0142ucki<br \/>\n<\/b><span style=\"font-weight: 400\">tel. 32 368 9408,<br \/>\ntomasz.skolucki@us.edu.pl<\/span> \r\n                                <div class=\"mt-3\"><\/div>\r\n                            <\/div>\r\n                            \r\n                            \r\n                        <\/div>\r\n                    <\/div>\r\n                <\/div>[\/vc_column][\/vc_row]<\/p>","protected":false},"excerpt":{"rendered":"<p>[vc_row][vc_column][\/vc_column][\/vc_row] [&#8230;]<\/p>\n<p><a class=\"btn btn-secondary understrap-read-more-link\" href=\"https:\/\/us.edu.pl\/student\/wsparcie-i-fundusze\/akademiki-2\/osiedle-akademickie-sosnowiec-2\/\">Read More&#8230;<\/a><\/p>\n","protected":false},"author":28,"featured_media":0,"parent":8464,"menu_order":0,"comment_status":"closed","ping_status":"closed","template":"","meta":{"_expiration-date-status":"saved","_expiration-date":0,"_expiration-date-type":"","_expiration-date-categories":[],"_expiration-date-options":[]},"acf":[],"_links":{"self":[{"href":"https:\/\/us.edu.pl\/student\/wp-json\/wp\/v2\/pages\/13912"}],"collection":[{"href":"https:\/\/us.edu.pl\/student\/wp-json\/wp\/v2\/pages"}],"about":[{"href":"https:\/\/us.edu.pl\/student\/wp-json\/wp\/v2\/types\/page"}],"author":[{"embeddable":true,"href":"https:\/\/us.edu.pl\/student\/wp-json\/wp\/v2\/users\/28"}],"replies":[{"embeddable":true,"href":"https:\/\/us.edu.pl\/student\/wp-json\/wp\/v2\/comments?post=13912"}],"version-history":[{"count":0,"href":"https:\/\/us.edu.pl\/student\/wp-json\/wp\/v2\/pages\/13912\/revisions"}],"up":[{"embeddable":true,"href":"https:\/\/us.edu.pl\/student\/wp-json\/wp\/v2\/pages\/8464"}],"wp:attachment":[{"href":"https:\/\/us.edu.pl\/student\/wp-json\/wp\/v2\/media?parent=13912"}],"curies":[{"name":"wp","href":"https:\/\/api.w.org\/{rel}","templated":true}]}}