{"id":14665,"date":"2019-11-07T14:16:23","date_gmt":"2019-11-07T13:16:23","guid":{"rendered":"https:\/\/us.edu.pl\/student\/?page_id=14665"},"modified":"2026-01-29T12:37:09","modified_gmt":"2026-01-29T11:37:09","slug":"cennik","status":"publish","type":"page","link":"https:\/\/us.edu.pl\/student\/wsparcie-i-fundusze\/akademiki-2\/cennik\/","title":{"rendered":"Cennik"},"content":{"rendered":"<p>[vc_row][vc_column]\r\n                <div class=\"text-modules \">\r\n                    <div class=\"container\">\r\n                        <h3 class=\"section-title section-title_border-bottom\">Op\u0142aty<\/h3> <h3 class=\"subtitle text-modules__subtitle\">Og\u00f3lna informacja o regulowaniu op\u0142at w Domach Studenckich<\/h3>\r\n                        <div class=\"row m-0\">\r\n                            <div class=\"text-modules__content\">\r\n                                <span style=\"font-weight: 400; font-size: 12pt;\">Uprzejmie przypominamy, \u017ce wp\u0142aty za zakwaterowanie w domach studenckich reguluje si\u0119 <strong>przelewem<\/strong> na konto Uniwersytetu \u015al\u0105skiego:<\/span><\/p>\n<p><span style=\"font-size: 12pt;\"><b>ING Bank \u015al\u0105ski S.A. Katowice: 12 1050 1214 1000 0007 0000 7958<\/b><\/span><\/p>\n<p><span style=\"font-size: 12pt;\"><strong>(w przypadku wp\u0142at z zagranicy: IBAN PL12105012141000000700007958, Swift INGBPLPW)<\/strong><\/span><\/p>\n<p><span style=\"font-size: 12pt;\"><strong>Op\u0142ata za miejsce w DS<\/strong><\/span><\/p>\n<p><span style=\"font-size: 12pt;\">W pozycji \u201etytu\u0142 wp\u0142aty\u201d podaje si\u0119:<\/span><\/p>\n<ul>\n<li><span style=\"font-size: 12pt;\">numer\/nazw\u0119 akademika;<\/span><\/li>\n<li><span style=\"font-size: 12pt;\">miasto, w kt\u00f3rym znajduje si\u0119 akademik;<\/span><\/li>\n<li><span style=\"font-size: 12pt;\">okres, kt\u00f3rego dotyczy wp\u0142ata;<\/span><\/li>\n<li><span style=\"font-size: 12pt;\">imi\u0119 i nazwisko mieszka\u0144ca (je\u015bli przelew nie jest dokonywany z jego konta);<\/span><\/li>\n<li><span style=\"font-size: 12pt;\">w przypadku os\u00f3b studiuj\u0105cych i kszta\u0142c\u0105cych si\u0119 w szko\u0142ach doktorskich \u2013 nazw\u0119 uczelni i wydzia\u0142.<\/span><\/li>\n<\/ul>\n<p><span style=\"font-size: 12pt;\"><strong>Wp\u0142ata kaucji (dotyczy DS1 Katowice-Ligota)<\/strong><\/span><\/p>\n<p><span style=\"font-size: 12pt;\">W pozycji \u201etytu\u0142 wp\u0142aty\u201d podaje si\u0119:<\/span><\/p>\n<ul>\n<li><span style=\"font-size: 12pt;\">DS1 Katowice;<\/span><\/li>\n<li><span style=\"font-size: 12pt;\">s\u0142owo \u201ekaucja\u201d<\/span><\/li>\n<li><span style=\"font-size: 12pt;\">imi\u0119 i nazwisko mieszka\u0144ca (je\u015bli przelew nie jest dokonywany z jego konta);<\/span><\/li>\n<li><span style=\"font-size: 12pt;\">w przypadku os\u00f3b studiuj\u0105cych i kszta\u0142c\u0105cych si\u0119 w szko\u0142ach doktorskich \u2013 nazw\u0119 uczelni i wydzia\u0142.<\/span><\/li>\n<\/ul>\n<p><span style=\"font-weight: 400; font-size: 12pt;\">Istnieje tak\u017ce mo\u017cliwo\u015b\u0107 regulowania op\u0142at za DS kart\u0105 p\u0142atnicz\u0105 w wyznaczonych punktach osiedli akademickich:<\/span><\/p>\n<ul>\n<li style=\"font-weight: 400;\"><span style=\"font-size: 12pt;\">OA Ligota \u2013 biuro osiedla, pok. nr 4 (DS 2, ul. Studencka 17), pon.\u2013pt. godz. 8.00-14.30<\/span><\/li>\n<li style=\"font-weight: 400;\"><span style=\"font-size: 12pt;\">OA Sosnowiec \u2013 biuro osiedla, pok. nr 16 (DS 5, ul. Lwowska 8), pon.\u2013pt. godz. 8.00-14.30<\/span><\/li>\n<li style=\"font-weight: 400;\"><span style=\"font-size: 12pt;\">OA Cieszyn \u2013 Dom Studenta \u201eU\u015aKA\u201d (administracja, pok. 14) oraz Dom Studenta \u201eDSN\u201d (administracja, pok. 126), pon.\u2013pt. godz. 7.00-14.30<\/span><\/li>\n<\/ul>\n<p><span style=\"font-weight: 400; font-size: 12pt;\">Wp\u0142at nale\u017cno\u015bci za dany miesi\u0105c dokonuje si\u0119 do ostatniego dnia danego miesi\u0105ca, z wyj\u0105tkiem pa\u017adziernika, za kt\u00f3ry p\u0142aci si\u0119 z g\u00f3ry, za ca\u0142y miesi\u0105c, bez wzgl\u0119du na faktyczny czas zajmowania miejsca. Za ka\u017cdy dzie\u0144 zw\u0142oki w terminowym regulowaniu odp\u0142at za miejsce\/pok\u00f3j w akademiku naliczane s\u0105 ustawowe odsetki.<\/span><\/p>\n<p><span style=\"font-size: 12pt;\"><b>Op\u0142aty w domach studenckich:<\/b><\/span><\/p>\n<ul>\n<li><a href=\"https:\/\/us.edu.pl\/student\/wp-content\/uploads\/sites\/3\/Bez-kategorii\/Tabela-oplat-wakacyjna-2025.pdf\" class=\"mtli_attachment mtli_pdf\" data-mtli=\"mtli_filesize337,77kB\"><span style=\"font-size: 12pt;\">Tabela op\u0142at wakacyjna 2025<\/span><\/a><\/li>\n<li><a href=\"https:\/\/us.edu.pl\/student\/wp-content\/uploads\/sites\/3\/Bez-kategorii\/Tabela-goscinna-DS-od-1-lipca-2025.pdf\" class=\"mtli_attachment mtli_pdf\" data-mtli=\"mtli_filesize409,31kB\"><span style=\"font-size: 12pt;\">Tabela go\u015bcinna DS &#8211; od 1 lipca 2025<\/span><\/a><\/li>\n<li><a href=\"https:\/\/us.edu.pl\/student\/wp-content\/uploads\/sites\/3\/dokumenty\/Tabela-oplat-DS-od-1wrzesnia-2025.pdf\" class=\"mtli_attachment mtli_pdf\" data-mtli=\"mtli_filesize634,06kB\"><span style=\"font-size: 12pt;\">Tabela op\u0142at DS &#8211; od 1wrze\u015bnia 2025<\/span><\/a><\/li>\n<li><a href=\"https:\/\/us.edu.pl\/student\/wp-content\/uploads\/sites\/3\/dokumenty\/Tabela-oplat-w-OA-Cieszyn-od-1.09.2025.pdf\" class=\"mtli_attachment mtli_pdf\" data-mtli=\"mtli_filesize440,47kB\"><span style=\"font-size: 12pt;\">Tabela op\u0142at w OA Cieszyn od 1 wrze\u015bnia 2025<\/span><\/a><\/li>\n<\/ul>\n<div class=\"mt-3\"><\/div>\r\n                            <\/div>\r\n                            \r\n                            \r\n                        <\/div>\r\n                    <\/div>\r\n                <\/div>[\/vc_column][\/vc_row][vc_row][vc_column]\r\n                <div class=\"text-modules\">\r\n                    <div class=\"container\">\r\n                        \r\n                        <div class=\"text-modules__content\"><p><strong><span style=\"font-size: 12pt;\"><u>Zwrotna kaucja w DS1 w Katowicach-Ligocie<\/u><\/span><\/strong><br \/>\n<span style=\"font-size: 12pt;\">W Domach Studenta Uniwersytetu \u015al\u0105skiego trwaj\u0105 prace nad popraw\u0105 bezpiecze\u0144stwa i standardu. Cz\u0119\u015b\u0107 pokoi (DS 1 w Katowicach-Ligocie) odnowiono, maluj\u0105c je i wymieniaj\u0105c meble. Na wniosek Uczelnianej Rady Samorz\u0105du Student\u00f3w wprowadzona zostaje zwrotna kaucja za miejsca w Domu Studenta 1 w Katowicach-Ligocie.<\/span><br \/>\n<span style=\"font-size: 12pt;\">Kaucja b\u0119dzie pobierana w wysoko\u015bci r\u00f3wnej miesi\u0119cznej op\u0142acie za zakwaterowanie w DS 1 w Katowicach-Ligocie i stanowi zabezpieczenie ewentualnych szk\u00f3d lub zniszcze\u0144 powsta\u0142ych z przyczyn le\u017c\u0105cych po stronie osoby mieszkaj\u0105cej w danym pokoju. <\/span><br \/>\n<span style=\"font-size: 12pt;\">Aby zapewni\u0107 transparentno\u015b\u0107 i obiektywno\u015b\u0107, stan techniczny pokoju b\u0119dzie weryfikowany na pocz\u0105tku i na ko\u0144cu pobytu.<\/span><\/p>\n<\/div>\r\n                    <\/div>\r\n                <\/div>[\/vc_column][\/vc_row]<\/p>\n<style type=\"text\/css\">a[data-mtli~=\"mtli_filesize337,77kB\"]:after {content:\" (337,77 kB)\"}a[data-mtli~=\"mtli_filesize409,31kB\"]:after {content:\" (409,31 kB)\"}a[data-mtli~=\"mtli_filesize634,06kB\"]:after {content:\" (634,06 kB)\"}a[data-mtli~=\"mtli_filesize440,47kB\"]:after {content:\" (440,47 kB)\"}<\/style>","protected":false},"excerpt":{"rendered":"<p>[vc_row][vc_column][\/vc_column][\/vc_row][vc_row][vc_column][\/vc_column][\/vc_row] [&#8230;]<\/p>\n<p><a class=\"btn btn-secondary understrap-read-more-link\" href=\"https:\/\/us.edu.pl\/student\/wsparcie-i-fundusze\/akademiki-2\/cennik\/\">Read More&#8230;<\/a><\/p>\n","protected":false},"author":28,"featured_media":0,"parent":8464,"menu_order":0,"comment_status":"closed","ping_status":"closed","template":"","meta":{"_expiration-date-status":"","_expiration-date":0,"_expiration-date-type":"","_expiration-date-categories":[],"_expiration-date-options":[]},"acf":[],"_links":{"self":[{"href":"https:\/\/us.edu.pl\/student\/wp-json\/wp\/v2\/pages\/14665"}],"collection":[{"href":"https:\/\/us.edu.pl\/student\/wp-json\/wp\/v2\/pages"}],"about":[{"href":"https:\/\/us.edu.pl\/student\/wp-json\/wp\/v2\/types\/page"}],"author":[{"embeddable":true,"href":"https:\/\/us.edu.pl\/student\/wp-json\/wp\/v2\/users\/28"}],"replies":[{"embeddable":true,"href":"https:\/\/us.edu.pl\/student\/wp-json\/wp\/v2\/comments?post=14665"}],"version-history":[{"count":10,"href":"https:\/\/us.edu.pl\/student\/wp-json\/wp\/v2\/pages\/14665\/revisions"}],"predecessor-version":[{"id":60533,"href":"https:\/\/us.edu.pl\/student\/wp-json\/wp\/v2\/pages\/14665\/revisions\/60533"}],"up":[{"embeddable":true,"href":"https:\/\/us.edu.pl\/student\/wp-json\/wp\/v2\/pages\/8464"}],"wp:attachment":[{"href":"https:\/\/us.edu.pl\/student\/wp-json\/wp\/v2\/media?parent=14665"}],"curies":[{"name":"wp","href":"https:\/\/api.w.org\/{rel}","templated":true}]}}