{"id":14679,"date":"2019-11-07T14:19:18","date_gmt":"2019-11-07T13:19:18","guid":{"rendered":"https:\/\/us.edu.pl\/student\/?page_id=14679"},"modified":"2025-08-11T14:38:38","modified_gmt":"2025-08-11T12:38:38","slug":"pokojegoscinne","status":"publish","type":"page","link":"https:\/\/us.edu.pl\/student\/wsparcie-i-fundusze\/akademiki-2\/pokojegoscinne\/","title":{"rendered":"Pokoje go\u015bcinne"},"content":{"rendered":"<p>[vc_row][vc_column]\r\n                <div class=\"text-modules \">\r\n                    <div class=\"container\">\r\n                        <h3 class=\"section-title section-title_border-bottom\">Pokoje go\u015bcinne<\/h3> \r\n                        <div class=\"row m-0\">\r\n                            <div class=\"text-modules__content\">\r\n                                Pokojami go\u015bcinnymi w akademikach U\u015a, wynajmowanymi na doby osobom indywidualnym, dysponuj\u0105 administratorzy DS. W sprawie rezerwacji noclegu w pokoju go\u015bcinnym, prosz\u0119 wi\u0119c kontaktowa\u0107 si\u0119 bezpo\u015brednio z administratorem:<\/p>\n<ul>\n<li>DS1 Katowice-Ligota: <a href=\"mailto:elzbieta.sonnenfeld@us.edu.pl\">elzbieta.sonnenfeld@us.edu.pl<\/a><\/li>\n<li>DS7 Katowice-Ligota: <a href=\"mailto:anna.zydron@us.edu.pl\">anna.zydron@us.edu.pl<\/a><\/li>\n<li>DS5 Sosnowiec: <a href=\"mailto:aleksandra.wollny@us.edu.pl\">aleksandra.wollny@us.edu.pl<\/a><\/li>\n<\/ul>\n<p><a href=\"https:\/\/us.edu.pl\/student\/wsparcie-i-fundusze\/akademiki-2\/cennik\/\">Tabela op\u0142at go\u015bcinnych.<\/a><\/p>\n<p>W sprawie wynaj\u0119cia pokoi go\u015bcinnych na podstawie zawieranej umowy dla grup zorganizowanych prosimy o kontakt z Biurem Studenckich Spraw Socjalnych: <a href=\"mailto:bstud@us.edu.pl\">bstud@us.edu.pl<\/a> \r\n                                <div class=\"mt-3\"><\/div>\r\n                            <\/div>\r\n                            \r\n                            \r\n                        <\/div>\r\n                    <\/div>\r\n                <\/div>[\/vc_column][\/vc_row]<\/p>","protected":false},"excerpt":{"rendered":"<p>[vc_row][vc_column][\/vc_column][\/vc_row] [&#8230;]<\/p>\n<p><a class=\"btn btn-secondary understrap-read-more-link\" href=\"https:\/\/us.edu.pl\/student\/wsparcie-i-fundusze\/akademiki-2\/pokojegoscinne\/\">Read More&#8230;<\/a><\/p>\n","protected":false},"author":28,"featured_media":0,"parent":8464,"menu_order":0,"comment_status":"closed","ping_status":"closed","template":"","meta":{"_expiration-date-status":"","_expiration-date":0,"_expiration-date-type":"","_expiration-date-categories":[],"_expiration-date-options":[]},"acf":[],"_links":{"self":[{"href":"https:\/\/us.edu.pl\/student\/wp-json\/wp\/v2\/pages\/14679"}],"collection":[{"href":"https:\/\/us.edu.pl\/student\/wp-json\/wp\/v2\/pages"}],"about":[{"href":"https:\/\/us.edu.pl\/student\/wp-json\/wp\/v2\/types\/page"}],"author":[{"embeddable":true,"href":"https:\/\/us.edu.pl\/student\/wp-json\/wp\/v2\/users\/28"}],"replies":[{"embeddable":true,"href":"https:\/\/us.edu.pl\/student\/wp-json\/wp\/v2\/comments?post=14679"}],"version-history":[{"count":2,"href":"https:\/\/us.edu.pl\/student\/wp-json\/wp\/v2\/pages\/14679\/revisions"}],"predecessor-version":[{"id":58301,"href":"https:\/\/us.edu.pl\/student\/wp-json\/wp\/v2\/pages\/14679\/revisions\/58301"}],"up":[{"embeddable":true,"href":"https:\/\/us.edu.pl\/student\/wp-json\/wp\/v2\/pages\/8464"}],"wp:attachment":[{"href":"https:\/\/us.edu.pl\/student\/wp-json\/wp\/v2\/media?parent=14679"}],"curies":[{"name":"wp","href":"https:\/\/api.w.org\/{rel}","templated":true}]}}