{"id":14682,"date":"2019-11-07T14:24:05","date_gmt":"2019-11-07T13:24:05","guid":{"rendered":"https:\/\/us.edu.pl\/student\/?page_id=14682"},"modified":"2023-12-14T11:48:19","modified_gmt":"2023-12-14T10:48:19","slug":"kontakt","status":"publish","type":"page","link":"https:\/\/us.edu.pl\/student\/wsparcie-i-fundusze\/akademiki-2\/kontakt\/","title":{"rendered":"Kontakt"},"content":{"rendered":"<p>[vc_row][vc_column]\r\n                <div class=\"text-modules \">\r\n                    <div class=\"container\">\r\n                        <h3 class=\"section-title section-title_border-bottom\">Kontakt<\/h3> <h3 class=\"subtitle text-modules__subtitle\">og\u00f3lne informacje o akademikach: bstud@us.edu.pl, tel. 32 359 1340<\/h3>\r\n                        <div class=\"row m-0\">\r\n                            <div class=\"text-modules__content\">\r\n                                <\/p>\n<p style=\"text-align: center;\">OSIEDLE AKADEMICKIE KATOWICE-LIGOTA<b><br \/>\n<\/b><\/p>\n<p style=\"text-align: center;\">Osiedlem kieruje p. Tomasz Sko\u0142ucki, tel.\/fax. 32 204 58 88, e-mail: <a href=\"mailto:tomasz.skolucki@us.edu.pl\">tomasz.skolucki@us.edu.pl<\/a><\/p>\n<p>&nbsp;<\/p>\n<p>DOM STUDENTA NR 1<span style=\"font-weight: 400;\">\u00a0<\/span><\/p>\n<p><span style=\"font-weight: 400;\">(zwany dawniej &#8222;Stonog\u0105&#8221;)<\/span><\/p>\n<p><span style=\"font-weight: 400;\">Adres:<\/span><\/p>\n<p><span style=\"font-weight: 400;\">40-743 Katowice (Ligota)<br \/>\n<\/span><span style=\"font-weight: 400;\">ul. <\/span>Studencka 15<br \/>\n<span style=\"font-weight: 400;\">tel. 32 358 6510<\/span><\/p>\n<p><span style=\"font-weight: 400;\">Akademikiem kieruje <\/span>p. El\u017cbieta Sonnenfeld, e-mail: <a href=\"mailto:elzbieta.sonnenfeld@us.edu.pl\">elzbieta.sonnenfeld@us.edu.pl<\/a><b><br \/>\n<\/b><span style=\"font-weight: 400;\">tel. 32 358 6601.<br \/>\n<\/span><span style=\"font-weight: 400;\">Portiernia czynna przez ca\u0142\u0105 dob\u0119.<\/span><\/p>\n<p><span style=\"font-weight: 400;\">\u00a0<\/span><\/p>\n<p>DOM STUDENTA NR 2<\/p>\n<p><span style=\"font-weight: 400;\">(zwany dawniej &#8222;Aplikantem&#8221;)<\/span><\/p>\n<p>Adres:<\/p>\n<p>Adres:<br \/>\n40-743 Katowice (Ligota)<br \/>\nul. Studencka 17<br \/>\ntel. 32 358 6520<\/p>\n<p>Akademikiem kieruje p. Marek Sonnenfeld, e-mail: <a href=\"mailto:marek.sonnenfeld@us.edu.pl\">marek.sonnenfeld@us.edu.pl<\/a><br \/>\ntel. 32 358 6602.<br \/>\nPortiernia czynna przez ca\u0142\u0105 dob\u0119.<\/p>\n<p><span style=\"font-weight: 400;\">\u00a0<\/span><\/p>\n<p>DOM STUDENTA NR 7<\/p>\n<p><span style=\"font-weight: 400;\">(nieoficjalnie nazywany &#8222;Szpitalem&#8221;)<\/span><\/p>\n<p>Adres:<br \/>\n40-743 Katowice (Ligota)<br \/>\nul. Studencka 16<br \/>\ntel. 32 358 6557<\/p>\n<p>Akademikiem kieruj\u0105 p. Anna Zydro\u0144, e-mail: <a href=\"mailto:anna.zydron@us.edu.pl\">anna.zydron@us.edu.pl<\/a><br \/>\ntel. 32 358 6606, 32 358 6607.<br \/>\nPortiernia czynna przez ca\u0142\u0105 dob\u0119.<\/p>\n<p><span style=\"font-weight: 400;\">\u00a0<\/span><\/p>\n<p>&nbsp;<\/p>\n<p style=\"text-align: center;\">OSIEDLE AKADEMICKIE SOSNOWIEC<\/p>\n<p style=\"text-align: center;\">Osiedlem kieruje p. Tomasz Sko\u0142ucki, tel. 32 3689 408, e-mail: <a href=\"mailto:tomasz.skolucki@us.edu.pl\">tomasz.skolucki@us.edu.pl<\/a><\/p>\n<p><span style=\"font-weight: 400;\">\u00a0<\/span><\/p>\n<p>DOM STUDENTA NR 2<\/p>\n<p><span style=\"font-weight: 400;\">(zwany dawniej &#8222;Wutu\u015b&#8221;)<\/span><\/p>\n<p><span style=\"font-weight: 400;\">Adres:<br \/>\n<\/span><span style=\"font-weight: 400;\">41-205 Sosnowiec<br \/>\n<\/span>ul. Sucha 7a<br \/>\n<span style=\"font-weight: 400;\">tel. 32 3689 240<\/span><\/p>\n<p><span style=\"font-weight: 400;\">Akademikiem kieruje\u00a0 <\/span>p. Jerzy Kondras, e-mail:<a href=\"mailto:jerzy.kondras@us.edu.pl\">jerzy.kondras@us.edu.pl<\/a><span style=\"font-weight: 400;\"><br \/>\n<\/span><span style=\"font-weight: 400;\">tel. 32 3689 436.<br \/>\n<\/span><span style=\"font-weight: 400;\">Portiernia czynna jest przez ca\u0142\u0105 dob\u0119:<br \/>\n<\/span><span style=\"font-weight: 400;\">tel: 32 3689 240.<\/span><\/p>\n<p><span style=\"font-weight: 400;\">\u00a0<\/span><\/p>\n<p>DOM STUDENTA NR 3<\/p>\n<p><span style=\"font-weight: 400;\">(zwany dawniej &#8222;Parnasem&#8221;)<\/span><\/p>\n<p><span style=\"font-weight: 400;\">Adres:<br \/>\n<\/span><span style=\"font-weight: 400;\">41-205 Sosnowiec<br \/>\n<\/span>ul. Sucha 7 b<br \/>\n<span style=\"font-weight: 400;\">tel. 32 3689 342<\/span><\/p>\n<p><span style=\"font-weight: 400;\">Akademikiem kieruje <\/span>p. Aleksandra Wollny, e-mail: <a href=\"mailto:aleksandra.wollny@us.edu.pl\">aleksandra.wollny@us.edu.pl<\/a><span style=\"font-weight: 400;\"><br \/>\n<\/span><span style=\"font-weight: 400;\">tel. 32 3689 407<br \/>\n<\/span><span style=\"font-weight: 400;\">Portiernia czynna jest przez ca\u0142\u0105 dob\u0119:<br \/>\n<\/span><span style=\"font-weight: 400;\">tel: 32 3689 342.<\/span><\/p>\n<p><span style=\"font-weight: 400;\">\u00a0<\/span><\/p>\n<p>DOM STUDENTA NR 4<\/p>\n<p><span style=\"font-weight: 400;\">(zwany dawniej &#8222;Amorkiem&#8221;)<\/span><\/p>\n<p><span style=\"font-weight: 400;\">Adres:<br \/>\n<\/span><span style=\"font-weight: 400;\">41-205 Sosnowiec<br \/>\n<\/span>ul. Lwowska 2<br \/>\n<span style=\"font-weight: 400;\">tel. 32 291 83 81<br \/>\n<\/span><span style=\"font-weight: 400;\">tel. 32 368 94 22<\/span><\/p>\n<p><span style=\"font-weight: 400;\">Akademikiem kieruje<\/span> p. Jerzy Kondras, e-mail: j<a href=\"mailto:erzy.kondras@us.edu.pl\">erzy.kondras@us.edu.pl<\/a><span style=\"font-weight: 400;\"><br \/>\n<\/span><span style=\"font-weight: 400;\">tel. 32 3689 436<br \/>\n<\/span><span style=\"font-weight: 400;\">Portiernia czynna jest przez ca\u0142\u0105 dob\u0119:<br \/>\n<\/span><span style=\"font-weight: 400;\">tel: 32 3689 422<\/span><\/p>\n<p><span style=\"font-weight: 400;\">\u00a0<\/span><\/p>\n<p>DOM STUDENTA NR 5<\/p>\n<p><span style=\"font-weight: 400;\">(zwany dawniej &#8222;Ikarem&#8221;)<\/span><\/p>\n<p><span style=\"font-weight: 400;\">Adres:<br \/>\n<\/span><span style=\"font-weight: 400;\">41-205 Sosnowiec<br \/>\n<\/span>ul. Lwowska 8<br \/>\n<span style=\"font-weight: 400;\">tel. 32 3689 405<\/span><\/p>\n<p><span style=\"font-weight: 400;\">Akademikiem kieruje <\/span>p. Aleksandra Wollny, e-mail: <a href=\"mailto:aleksandra.wollny@us.edu.pl\">aleksandra.wollny@us.edu.pl<\/a><span style=\"font-weight: 400;\"><br \/>\n<\/span><span style=\"font-weight: 400;\">tel. 32 3689 407<\/span><\/p>\n<p><span style=\"font-weight: 400;\">Portiernia czynna jest przez ca\u0142\u0105 dob\u0119:<br \/>\n<\/span><span style=\"font-weight: 400;\">tel: 32 3689 405<\/span><\/p>\n<p>&nbsp;<\/p>\n<p style=\"text-align: center;\">OSIEDLE AKADEMICKIE CIESZYN<\/p>\n<p><span style=\"font-weight: 400;\">Osiedlem kieruje <\/span>p. Wies\u0142aw Kluz<span style=\"font-weight: 400;\">, kontakt: tel. 33 854 6130, e-mail: <a href=\"mailto:wieslaw.kluz@us.edu.pl\">wieslaw.kluz@us.edu.pl<\/a><\/span><\/p>\n<p>DOM STUDENTA &#8222;U\u015aKA&#8221;<\/p>\n<p><span style=\"font-weight: 400;\">Adres<br \/>\n<\/span><span style=\"font-weight: 400;\">43-400 Cieszyn, ul. Bielska 66<br \/>\n<\/span><span style=\"font-weight: 400;\">tel. 33 854 6128 &#8211; administracja<br \/>\n<\/span><span style=\"font-weight: 400;\">tel. 33 854 6122 \u2013 portiernia<\/span><span style=\"font-weight: 400;\"><br \/>\nkontakt e-mail: p. Wies\u0142aw Kluz, e-mail: <a href=\"mailto:wieslaw.kluz@us.edu.pl\">wieslaw.kluz@us.edu.pl<\/a><\/span><\/p>\n<p>DSN<\/p>\n<p><span style=\"font-weight: 400;\">Adres:<br \/>\n<\/span><span style=\"font-weight: 400;\">43-400 Cieszyn, ul. Niemcewicza 8<br \/>\n<\/span><span style=\"font-weight: 400;\">tel.\/fax 33 854 6127 &#8211; administracja<br \/>\n<\/span><span style=\"font-weight: 400;\">tel. 33 854 6120 &#8211; portiernia<br \/>\nkontakt e-mail: p. Bogus\u0142awa Stok\u0142osa, e-mail: <\/span><a href=\"mailto:boguslawa.stoklosa@us.edu.pl\">boguslawa.stoklosa@us.edu.pl<\/a> \r\n                                <div class=\"mt-3\"><\/div>\r\n                            <\/div>\r\n                            \r\n                            \r\n                        <\/div>\r\n                    <\/div>\r\n                <\/div>[\/vc_column][\/vc_row]<\/p>","protected":false},"excerpt":{"rendered":"<p>[vc_row][vc_column][\/vc_column][\/vc_row] [&#8230;]<\/p>\n<p><a class=\"btn btn-secondary understrap-read-more-link\" href=\"https:\/\/us.edu.pl\/student\/wsparcie-i-fundusze\/akademiki-2\/kontakt\/\">Read More&#8230;<\/a><\/p>\n","protected":false},"author":28,"featured_media":0,"parent":8464,"menu_order":0,"comment_status":"closed","ping_status":"closed","template":"","meta":{"_expiration-date-status":"","_expiration-date":0,"_expiration-date-type":"","_expiration-date-categories":[],"_expiration-date-options":[]},"acf":[],"_links":{"self":[{"href":"https:\/\/us.edu.pl\/student\/wp-json\/wp\/v2\/pages\/14682"}],"collection":[{"href":"https:\/\/us.edu.pl\/student\/wp-json\/wp\/v2\/pages"}],"about":[{"href":"https:\/\/us.edu.pl\/student\/wp-json\/wp\/v2\/types\/page"}],"author":[{"embeddable":true,"href":"https:\/\/us.edu.pl\/student\/wp-json\/wp\/v2\/users\/28"}],"replies":[{"embeddable":true,"href":"https:\/\/us.edu.pl\/student\/wp-json\/wp\/v2\/comments?post=14682"}],"version-history":[{"count":5,"href":"https:\/\/us.edu.pl\/student\/wp-json\/wp\/v2\/pages\/14682\/revisions"}],"predecessor-version":[{"id":42477,"href":"https:\/\/us.edu.pl\/student\/wp-json\/wp\/v2\/pages\/14682\/revisions\/42477"}],"up":[{"embeddable":true,"href":"https:\/\/us.edu.pl\/student\/wp-json\/wp\/v2\/pages\/8464"}],"wp:attachment":[{"href":"https:\/\/us.edu.pl\/student\/wp-json\/wp\/v2\/media?parent=14682"}],"curies":[{"name":"wp","href":"https:\/\/api.w.org\/{rel}","templated":true}]}}