{"id":15202,"date":"2019-11-12T08:18:22","date_gmt":"2019-11-12T07:18:22","guid":{"rendered":"https:\/\/us.edu.pl\/student\/?page_id=15202"},"modified":"2025-03-03T10:27:26","modified_gmt":"2025-03-03T09:27:26","slug":"akademicki-savoir-vivre","status":"publish","type":"page","link":"https:\/\/us.edu.pl\/student\/akademicki-savoir-vivre\/","title":{"rendered":"Akademicki savoir-vivre"},"content":{"rendered":"<p>[vc_row][vc_column]\r\n                <div class=\"text-modules \">\r\n                    <div class=\"container\">\r\n                        <h3 class=\"section-title section-title_border-bottom\">Akademicki savoir-vivre<\/h3> \r\n                        <div class=\"row m-0\">\r\n                            <div class=\"text-modules__content\">\r\n                                <\/p>\n<p class=\"rtecenter\"><strong>KODEKS ETYKI STUDENTA U\u015a<\/strong><\/p>\n<p class=\"rtejustify\">Przynale\u017cno\u015b\u0107 do spo\u0142eczno\u015bci akademickiej jest wielkim wyr\u00f3\u017cnieniem, wymagaj\u0105cym od ka\u017cdego jej cz\u0142onka odpowiedniej kultury osobistej, a tak\u017ce w\u0142a\u015bciwych postaw oraz zachowania. W trosce o wszystkich student\u00f3w Samorz\u0105d Studencki opracowa\u0142\u00a0<a href=\"https:\/\/us.edu.pl\/student\/wp-content\/uploads\/sites\/3\/COS\/Pliki-tekstowe\/akademicki_savoir_vivre_1.pdf\" class=\"mtli_attachment mtli_pdf\" data-mtli=\"mtli_filesize2,05MB\"><strong>Kodeks Etyki Studenta Uniwersytetu \u015al\u0105skiego<\/strong><\/a>, kt\u00f3ry stanowi podstawowy dokument w tym zakresie (koniecznie przeczytaj!).<\/p>\n<hr \/>\n<p align=\"center\"><strong>PODSTAWOWE ZASADY SAVOIR-VIVRE WOBEC PRACOWNIK\u00d3W<\/strong><\/p>\n<p>Nierzadko\u00a0zdarza si\u0119, \u017ce ze wzgl\u0119du na przyzwyczajenia czy do\u015bwiadczenie nowo przyj\u0119ci studenci nie wiedz\u0105, jakie zwyczaje panuj\u0105 na naszej Uczelni. Poni\u017cej prezentujemy podstawowe zasady, kt\u00f3rych powinien przestrzega\u0107 ka\u017cdy student, maj\u0105c na\u00a0uwadze jak najlepszy kontakt z pracownikami Uczelni\u00a0i swoimi\u00a0kolegami.<\/p>\n<p>&nbsp;<\/p>\n<p><strong>NA KORYTARZU<\/strong><\/p>\n<ol>\n<li>Spotykaj\u0105c (nie tylko na wydziale) wyk\u0142adowc\u0119 b\u0105d\u017a innego pracownika Uczelni, powiedz mu &#8222;dzie\u0144 dobry&#8221;.<\/li>\n<li>Staraj si\u0119 nie podnosi\u0107 g\u0142osu i trzyma\u0107 emocje na wodzy. Uwa\u017caj na to, w jaki spos\u00f3b zwracasz si\u0119 do prowadz\u0105cych.<\/li>\n<li>Do wyk\u0142adowc\u00f3w nale\u017cy zwraca\u0107 si\u0119 z u\u017cyciem ich tytu\u0142u naukowego. Na planach i tabliczkach przy wej\u015bciu do pokoju zawsze s\u0105 wypisane ich tytu\u0142y naukowe, do kt\u00f3rych doszli ci\u0119\u017ckim wysi\u0142kiem. Pami\u0119taj, \u017ce do doktora habilitowanego m\u00f3wimy ju\u017c \u201eprofesorze&#8221;.<\/li>\n<li>Uwa\u017caj,\u00a0jak wyra\u017casz si\u0119 w bufecie czy kolejce do ksera. Wulgaryzmy nie mog\u0105 mie\u0107 miejsca w przestrzeni akademickiej.<\/li>\n<\/ol>\n<p>&nbsp;<\/p>\n<p><strong>NA ZAJ\u0118CIACH<\/strong><\/p>\n<ol>\n<li>Wy\u0142\u0105cz\u00a0dzwonek telefonu.<\/li>\n<li>Nie jedz i nie pij (chyba \u017ce wyk\u0142adowca sam na to pozwoli).<\/li>\n<li>Staraj si\u0119 nie okazywa\u0107 znudzenia.<\/li>\n<li>Postaraj si\u0119 przychodzi\u0107 punktualnie. Ma\u0142e sp\u00f3\u017anienia na zaj\u0119cia bywaj\u0105 tolerowane, ale nie powinny by\u0107 regu\u0142\u0105!<\/li>\n<li>Czasem trudno przez p\u00f3\u0142torej godziny skupi\u0107 si\u0119 na wyk\u0142adzie. Mimo to spr\u00f3buj i\u2026 nie pisz po \u0142awkach! Nie ziewaj, nie patrz co chwil\u0119 na zegarek, nie\u00a0pok\u0142adaj si\u0119\u00a0na \u0142awce, nie \u017cuj gumy.<\/li>\n<\/ol>\n<p>&nbsp;<\/p>\n<p><strong>PO ZALICZENIE, NA EGZAMIN<\/strong><\/p>\n<ol>\n<li>Staraj si\u0119 przychodzi\u0107 do wyk\u0142adowc\u00f3w tylko w godzinach dy\u017curu.<\/li>\n<li>Nie wchod\u017a do pokoju wyk\u0142adowcy jak do siebie-zapukaj, uchyl drzwi i zapytaj, czy mo\u017cesz wej\u015b\u0107.<\/li>\n<li>Na egzamin postaraj si\u0119 przyj\u015b\u0107 odpowiednio ubrany.<\/li>\n<li>Staraj si\u0119 nie odrabia\u0107 p\u00f3\u0142rocznych zaleg\u0142o\u015bci pod sam koniec semestru. Je\u015bli w takiej sytuacji b\u0119dzie sporo ludzi, wyk\u0142adowcy mo\u017ce zabrakn\u0105\u0107 dla nich czasu.<\/li>\n<\/ol>\n<p>&nbsp;<\/p>\n<p><strong>KONTAKT\u00a0PRZEZ E-MAIL<\/strong><\/p>\n<ol>\n<li>Nie pisz bez wyra\u017anego powodu. Je\u015bli wyk\u0142adowca prosi\u0142, \u017ceby pisali do niego wy\u0142\u0105cznie starostowie grup \u2014 zdaj si\u0119 na pomoc starosty.<\/li>\n<li>Zaznacz w mailu swoje imi\u0119, nazwisko i to, z kt\u00f3rej jeste\u015b grupy, trybu, roku studi\u00f3w, u\u017cywaj zwrot\u00f3w grzeczno\u015bciowych.<\/li>\n<li>List elektroniczny (nawet najkr\u00f3tszy) musi rozpoczyna\u0107 zwrot: \u201eSzanowna Pani\/Szanowny Panie\u201d (wraz z tytu\u0142em, jaki przys\u0142uguje adresatowi) zamiast cz\u0119sto spotykanego i stanowczo zbyt poufa\u0142ego w oficjalnych kontaktach \u201eWitam\u201d. Ko\u0144czymy \u201eZ wyrazami szacunku\u201d (wraz z imieniem i nazwiskiem nadawcy oraz kierunkiem i rokiem studi\u00f3w) zamiast \u201ePozdrawiam\u201d albo jeszcze gorzej \u201epozdr.\u201d.<\/li>\n<li>Obowi\u0105zkowo dba\u0107 nale\u017cy o poprawno\u015b\u0107 j\u0119zykow\u0105 e-maili.<\/li>\n<\/ol>\n<p align=\"center\"><strong>NA TERENIE UCZELNI OBOWI\u0104ZUJE ZAKAZ PALENIA!<\/strong><\/p>\n<p align=\"center\"><strong>Koniecznie przeczytaj poradnik autorstwa absolwenta U\u015a!<\/strong><\/p>\n<div class=\"mt-3\"><a href=\"https:\/\/us.edu.pl\/student\/wp-content\/uploads\/sites\/3\/COS\/Pliki-tekstowe\/akademicki_savoir_vivre_1.pdf\" class=\"mtli_attachment mtli_pdf\" data-mtli=\"mtli_filesize2,05MB\" class=\"link-button mr-3 \">pobierz PDF<\/a><\/div>\r\n                            <\/div>\r\n                            \r\n                            \r\n                        <\/div>\r\n                    <\/div>\r\n                <\/div>[\/vc_column][\/vc_row]<\/p>\n<style type=\"text\/css\">a[data-mtli~=\"mtli_filesize2,05MB\"]:after {content:\" (2,05 MB)\"}<\/style>","protected":false},"excerpt":{"rendered":"<p>[vc_row][vc_column][\/vc_column][\/vc_row] [&#8230;]<\/p>\n<p><a class=\"btn btn-secondary understrap-read-more-link\" href=\"https:\/\/us.edu.pl\/student\/akademicki-savoir-vivre\/\">Read More&#8230;<\/a><\/p>\n","protected":false},"author":28,"featured_media":0,"parent":0,"menu_order":0,"comment_status":"closed","ping_status":"closed","template":"","meta":{"_expiration-date-status":"","_expiration-date":0,"_expiration-date-type":"","_expiration-date-categories":[],"_expiration-date-options":[]},"acf":[],"_links":{"self":[{"href":"https:\/\/us.edu.pl\/student\/wp-json\/wp\/v2\/pages\/15202"}],"collection":[{"href":"https:\/\/us.edu.pl\/student\/wp-json\/wp\/v2\/pages"}],"about":[{"href":"https:\/\/us.edu.pl\/student\/wp-json\/wp\/v2\/types\/page"}],"author":[{"embeddable":true,"href":"https:\/\/us.edu.pl\/student\/wp-json\/wp\/v2\/users\/28"}],"replies":[{"embeddable":true,"href":"https:\/\/us.edu.pl\/student\/wp-json\/wp\/v2\/comments?post=15202"}],"version-history":[{"count":4,"href":"https:\/\/us.edu.pl\/student\/wp-json\/wp\/v2\/pages\/15202\/revisions"}],"predecessor-version":[{"id":50897,"href":"https:\/\/us.edu.pl\/student\/wp-json\/wp\/v2\/pages\/15202\/revisions\/50897"}],"wp:attachment":[{"href":"https:\/\/us.edu.pl\/student\/wp-json\/wp\/v2\/media?parent=15202"}],"curies":[{"name":"wp","href":"https:\/\/api.w.org\/{rel}","templated":true}]}}