{"id":15455,"date":"2019-11-12T14:16:43","date_gmt":"2019-11-12T13:16:43","guid":{"rendered":"https:\/\/us.edu.pl\/student\/?page_id=15455"},"modified":"2023-04-14T10:27:59","modified_gmt":"2023-04-14T08:27:59","slug":"ubezpieczenia-zdrowotne","status":"publish","type":"page","link":"https:\/\/us.edu.pl\/student\/wsparcie-i-fundusze\/ubezpieczenie\/ubezpieczenia-zdrowotne\/","title":{"rendered":"Ubezpieczenia zdrowotne"},"content":{"rendered":"<p>[vc_row][vc_column]\r\n                <div class=\"text-modules \">\r\n                    <div class=\"container\">\r\n                        <h3 class=\"section-title section-title_border-bottom\">Ubezpieczenia zdrowotne<\/h3> \r\n                        <div class=\"row m-0\">\r\n                            <div class=\"text-modules__content\">\r\n                                <\/p>\n<h4>I. Studenci b\u0119d\u0105cy obywatelami RP (poni\u017csze informacje dotycz\u0105 r\u00f3wnie\u017c doktorant\u00f3w, kt\u00f3rzy rozpocz\u0119li studia doktoranckie przed rokiem ak. 2019\/2020)<\/h4>\n<p>1. <strong>Student podlega<\/strong> obowi\u0105zkowi ubezpieczenia zdrowotnego jako cz\u0142onek rodziny osoby ubezpieczonej:<\/p>\n<ul>\n<li>do uko\u0144czenia 26 lat \u2013 obowi\u0105zek zg\u0142oszenia do ubezpieczenia zdrowotnego spoczywa na rodzicach, dziadkach lub opiekunach prawnych;<\/li>\n<li>w sytuacji, gdy posiada orzeczenie o znacznym stopniu niepe\u0142nosprawno\u015bci lub inne traktowane na r\u00f3wni (bez wzgl\u0119du na wiek) \u2013 obowi\u0105zek zg\u0142oszenia do ubezpieczenia zdrowotnego spoczywa na rodzicach lub opiekunach prawnych;<\/li>\n<li>w sytuacji, gdy ma\u0142\u017conek podlega obowi\u0105zkowemu ubezpieczeniu zdrowotnemu \u2013 obowi\u0105zek zg\u0142oszenia do ubezpieczenia spoczywa na ma\u0142\u017conku.<\/li>\n<\/ul>\n<p>2. <strong>Uniwersytet \u015al\u0105ski zg\u0142asza<\/strong> do ubezpieczenia zdrowotnego oraz op\u0142aca sk\u0142adk\u0119 za studenta, kt\u00f3ry:<\/p>\n<ul>\n<li>uko\u0144czy\u0142 26 rok \u017cycia i nie podlega obowi\u0105zkowi ubezpieczenia zdrowotnego z\u00a0innego tytu\u0142u;<\/li>\n<li>nie uko\u0144czy\u0142 26 roku \u017cycia i nie podlega obowi\u0105zkowi ubezpieczenia zdrowotnego z innego tytu\u0142u, w szczeg\u00f3lno\u015bci, gdy nie posiada rodzic\u00f3w, dziadk\u00f3w, opiekun\u00f3w prawnych lub ma\u0142\u017conka albo osoby te nie podlegaj\u0105 obowi\u0105zkowi ubezpieczenia zdrowotnego oraz gdy student nie pobiera renty rodzinnej.<\/li>\n<\/ul>\n<p>3. Studenci zg\u0142oszeni do ubezpieczenia zdrowotnego przez Uniwersytet \u015al\u0105ski maj\u0105 obowi\u0105zek zg\u0142osi\u0107 do ubezpieczenia zdrowotnego wszystkich cz\u0142onk\u00f3w rodziny, kt\u00f3rzy nie podlegaj\u0105 ubezpieczeniu zdrowotnemu z innego tytu\u0142u.<\/p>\n<p>4. Podstaw\u0105 zg\u0142oszenia do ubezpieczenia zdrowotnego studenta przez Uniwersytet \u015al\u0105ski jest z\u0142o\u017cenie (osobi\u015bcie lub poczt\u0105) we w\u0142a\u015bciwym dziekanacie o\u015bwiadczenia o niepodleganiu ubezpieczeniu zdrowotnemu z innego tytu\u0142u oraz wype\u0142nienie i podpisanie dokument\u00f3w zg\u0142oszenia do ZUS (ZZA i ew. ZCNA). Uwaga: druki do pobrania znajduj\u0105 si\u0119 poni\u017cej.<\/p>\n<p>5. Obowi\u0105zek ubezpieczenia zdrowotnego studenta wygasa z dniem uko\u0144czenia studi\u00f3w albo skre\u015blenia z listy student\u00f3w.<\/p>\n<p>6. Prawo do \u015bwiadcze\u0144 opieki zdrowotnej dla student\u00f3w wygasa po up\u0142ywie 4 miesi\u0119cy od uko\u0144czenia studi\u00f3w albo skre\u015blenia z listy student\u00f3w.<\/p>\n<p>7. Prawo do \u015bwiadcze\u0144 opieki zdrowotnej dla cz\u0142onk\u00f3w rodziny studenta ustaje po up\u0142ywie 30 dni od dnia wyga\u015bni\u0119cia obowi\u0105zku ubezpieczenia zdrowotnego.<\/p>\n<p>8. Student zg\u0142oszony do ubezpieczenia zdrowotnego przez Uniwersytet \u015al\u0105ski jest zobowi\u0105zany <strong>niezw\u0142ocznie poinformowa\u0107<\/strong> dziekanat <strong>o powstaniu innego tytu\u0142u do ubezpieczenia <\/strong><strong>zdrowotnego<\/strong> (np. umowa o prac\u0119, umowa zlecenie, dzia\u0142alno\u015b\u0107 gospodarcza) oraz o <strong>zmianie danych<\/strong> swoich lub zg\u0142oszonych do ubezpieczenia zdrowotnego cz\u0142onk\u00f3w rodziny.<\/p>\n<p>9. Dokument potwierdzaj\u0105cy zg\u0142oszenie do ubezpieczenia zdrowotnego wydawany jest w dziekanacie.<\/p>\n<p>Tu pobierzesz formularze ZUS oraz druk o\u015bwiadczenia:<\/p>\n<ul>\n<li><a href=\"https:\/\/us.edu.pl\/student\/wp-content\/uploads\/sites\/3\/Nieprzypisane\/O%C5%9Bwiadczenie-UZ.pdf\" class=\"mtli_attachment mtli_pdf\">o\u015bwiadczenie UZ<\/a><\/li>\n<li><a href=\"https:\/\/us.edu.pl\/student\/wp-content\/uploads\/sites\/3\/Nieprzypisane\/ZZA.pdf\" class=\"mtli_attachment mtli_pdf\" data-mtli=\"mtli_filesize404,35kB\">ZZA<\/a><\/li>\n<li><a href=\"https:\/\/us.edu.pl\/student\/wp-content\/uploads\/sites\/3\/Nieprzypisane\/ZCNA.pdf\" class=\"mtli_attachment mtli_pdf\" data-mtli=\"mtli_filesize970,96kB\">ZCNA<\/a><\/li>\n<li><a href=\"https:\/\/us.edu.pl\/student\/wp-content\/uploads\/sites\/3\/Nieprzypisane\/ZIUA.pdf\" class=\"mtli_attachment mtli_pdf\" data-mtli=\"mtli_filesize45,22kB\">ZIUA<\/a><\/li>\n<li><a href=\"https:\/\/us.edu.pl\/student\/wp-content\/uploads\/sites\/3\/Nieprzypisane\/ZWUA.pdf\" class=\"mtli_attachment mtli_pdf\" data-mtli=\"mtli_filesize563,00kB\">ZWUA<\/a><\/li>\n<\/ul>\n<h4>II. Studenci cudzoziemcy b\u0119d\u0105cy obywatelami pa\u0144stwa UE.<\/h4>\n<p>Studenci b\u0119d\u0105cy obywatelami pa\u0144stwa cz\u0142onkowskiego Unii Europejskiej lub pa\u0144stwa cz\u0142onkowskiego Europejskiego Porozumienia o Wolnym Handlu (EFTA) \u2013 strony umowy o Europejskim Obszarze Gospodarczym, zamieszkuj\u0105cy na terytorium tego pa\u0144stwa mog\u0105 korzysta\u0107 z opieki zdrowotnej na takich samych zasadach jak polscy ubezpieczeni pod warunkiem posiadania aktualnej Europejskiej Karty Ubezpieczenia Zdrowotnego (EKUZ) wydanej w kraju pochodzenia.<\/p>\n<h4>III. Studenci cudzoziemcy nieb\u0119d\u0105cy obywatelami pa\u0144stwa UE, nieposiadaj\u0105cy Karty Polaka.<\/h4>\n<p>Studenci nieb\u0119d\u0105cy obywatelami pa\u0144stw cz\u0142onkowskich Unii Europejskiej lub pa\u0144stwa cz\u0142onkowskiego Europejskiego Porozumienia o Wolnym Handlu (EFTA) \u2013 strony umowy o Europejskim Obszarze Gospodarczym i niemog\u0105cy wykaza\u0107 si\u0119 wa\u017cn\u0105 Kart\u0105 Polaka lub dokumentem za\u015bwiadczaj\u0105cym, \u017ce zostali uznani za osoby polskiego pochodzenia w rozumieniu przepis\u00f3w o repatriacji, mog\u0105 zawrze\u0107 z Narodowym Funduszem Zdrowia (NFZ) umow\u0119 o dobrowolne ubezpieczenie zdrowotne i samodzielnie op\u0142aca\u0107 comiesi\u0119czn\u0105 sk\u0142adk\u0119 w Zak\u0142adzie Ubezpiecze\u0144 Spo\u0142ecznych (ZUS).<br \/>\nAby dokona\u0107 ubezpieczenia zdrowotnego nale\u017cy uda\u0107 si\u0119 do \u015al\u0105skiego Oddzia\u0142u Wojew\u00f3dzkiego Narodowego Funduszu Zdrowia (NFZ) w Katowicach, ul. Kossutha 13 (godz. 8.00\u201315.00) w celu podpisania umowy o dobrowolne ubezpieczenie zdrowotne. <a href=\"http:\/\/www.nfz-katowice.pl\/\"><strong>Informacje na stronie NFZ,<\/strong><\/a> a nast\u0119pnie do Zak\u0142adu Ubezpiecze\u0144 Spo\u0142ecznych (ZUS) w celu dope\u0142nienia dalszych formalno\u015bci.<\/p>\n<p>Potrzebne dokumenty:<\/p>\n<ul>\n<li>za\u015bwiadczenie z dziekanatu lub sekretariatu studi\u00f3w doktoranckich o statusie studenckim;<\/li>\n<li>paszport;<\/li>\n<li>dokument potwierdzaj\u0105cy zameldowanie na terenie wojew\u00f3dztwa \u015bl\u0105skiego;<\/li>\n<li>numer PESEL.<\/li>\n<\/ul>\n<h4>IV. Studenci cudzoziemcy nieb\u0119d\u0105cy obywatelami pa\u0144stwa UE, posiadaj\u0105cy Kart\u0119 Polaka.<\/h4>\n<p>Studenci nieb\u0119d\u0105cy obywatelami pa\u0144stwa cz\u0142onkowskiego Unii Europejskiej lub pa\u0144stwa cz\u0142onkowskiego Europejskiego Porozumienia o Wolnym Handlu (EFTA) \u2013 strony umowy o Europejskim Obszarze Gospodarczym, kt\u00f3rzy studiuj\u0105 w Polsce i posiadaj\u0105 <strong>wa\u017cn\u0105 Kart\u0119 Polaka<\/strong> lub zostali uznani <strong>za osoby polskiego pochodzenia<\/strong> <strong>w rozumieniu przepis\u00f3w o repatriacji<\/strong> oraz nie podlegaj\u0105 obowi\u0105zkowi ubezpieczenia zdrowotnego z innego tytu\u0142u, mog\u0105 by\u0107 zg\u0142oszeni do ubezpieczenia zdrowotnego przez uczelni\u0119.<\/p>\n<p>Podstaw\u0105 zg\u0142oszenia do ubezpieczenia zdrowotnego studenta przez Uniwersytet \u015al\u0105ski jest z\u0142o\u017cenie <strong>(osobi\u015bcie lub poczt\u0105)<\/strong> we w\u0142a\u015bciwym dziekanacie o\u015bwiadczenia o niepodleganiu ubezpieczeniu zdrowotnemu z innego tytu\u0142u oraz wype\u0142nienie i podpisanie dokument\u00f3w zg\u0142oszenia do ZUS ZZA.<\/p>\n<p>Uwaga: druki do pobrania znajduj\u0105 si\u0119 poni\u017cej.<\/p>\n<ul>\n<li><a href=\"https:\/\/us.edu.pl\/student\/wp-content\/uploads\/sites\/3\/Nieprzypisane\/O%C5%9Bwiadczenie-UZ.pdf\" class=\"mtli_attachment mtli_pdf\">o\u015bwiadczenie UZ<\/a><\/li>\n<li><a href=\"https:\/\/us.edu.pl\/student\/wp-content\/uploads\/sites\/3\/Nieprzypisane\/ZZA.pdf\" class=\"mtli_attachment mtli_pdf\" data-mtli=\"mtli_filesize404,35kB\">ZZA<\/a><\/li>\n<li><a href=\"https:\/\/us.edu.pl\/student\/wp-content\/uploads\/sites\/3\/Nieprzypisane\/ZIUA.pdf\" class=\"mtli_attachment mtli_pdf\" data-mtli=\"mtli_filesize45,22kB\">ZIUA<\/a><\/li>\n<li><a href=\"https:\/\/us.edu.pl\/student\/wp-content\/uploads\/sites\/3\/Nieprzypisane\/ZWUA.pdf\" class=\"mtli_attachment mtli_pdf\" data-mtli=\"mtli_filesize563,00kB\">ZWUA<\/a><\/li>\n<\/ul>\n<h4>V. W celu korzystania z bezp\u0142atnej opieki zdrowotnej nale\u017cy wype\u0142ni\u0107 deklaracj\u0119 w dowolnej przychodni, kt\u00f3ra ma podpisan\u0105 umow\u0119 z NFZ.<\/h4>\n<h4>VI. Wsteczne zg\u0142oszenie do ubezpieczenia zdrowotnego.<\/h4>\n<p>Je\u017celi student nie jest zg\u0142oszony do ubezpieczenia zdrowotnego, chocia\u017c ma do tego prawo i skorzysta\u0142 ze \u015bwiadcze\u0144 opieki zdrowotnej z NFZ, to mo\u017ce zosta\u0107 do niego zg\u0142oszony wstecznie.<\/p>\n<h4>Terminy.<\/h4>\n<p>Mo\u017cna wstecznie zg\u0142osi\u0107 si\u0119 do ubezpieczenia zdrowotnego:<\/p>\n<ul>\n<li>przez 30 dni od skorzystania ze \u015bwiadcze\u0144 opieki zdrowotnej (pisemne potwierdzenie skorzystania ze \u015bwiadcze\u0144 nale\u017cy z\u0142o\u017cy\u0107 w dziekanacie),<\/li>\n<li>przez 30 dni od momentu, gdy Narodowy Fundusz Zdrowia powiadomi studenta, \u017ce rozpocz\u0105\u0142 dochodzenie od niego koszt\u00f3w tych \u015bwiadcze\u0144 (pismo z Narodowego Funduszu Zdrowia nale\u017cy przedstawi\u0107 w dziekanacie do wgl\u0105du).<\/li>\n<\/ul>\n<p>Je\u015bli w tym czasie student zg\u0142osi si\u0119 wstecznie do ubezpieczenia, nie poniesie koszt\u00f3w leczenia w ramach NFZ.<\/p>\n<p><strong>W razie pyta\u0144 i w\u0105tpliwo\u015bci, dotycz\u0105cych ubezpieczenia zdrowotnego, prosimy o kontakt mailowy: bstud@us.edu.pl lub telefoniczny: 32 359 1694.<\/strong> \r\n                                <div class=\"mt-3\"><\/div>\r\n                            <\/div>\r\n                            \r\n                            \r\n                        <\/div>\r\n                    <\/div>\r\n                <\/div>[\/vc_column][\/vc_row][vc_row][vc_column][vc_column_text][\/vc_column_text][\/vc_column][\/vc_row]<\/p>\n<style type=\"text\/css\">a[data-mtli~=\"mtli_filesize404,35kB\"]:after {content:\" (404,35 kB)\"}a[data-mtli~=\"mtli_filesize970,96kB\"]:after {content:\" (970,96 kB)\"}a[data-mtli~=\"mtli_filesize45,22kB\"]:after {content:\" (45,22 kB)\"}a[data-mtli~=\"mtli_filesize563,00kB\"]:after {content:\" (563,00 kB)\"}<\/style>","protected":false},"excerpt":{"rendered":"<p>[vc_row][vc_column][\/vc_column][\/vc_row][vc_row][vc_column][vc_column_text][\/vc_column_text][\/vc_column][\/vc_row] [&#8230;]<\/p>\n<p><a class=\"btn btn-secondary understrap-read-more-link\" href=\"https:\/\/us.edu.pl\/student\/wsparcie-i-fundusze\/ubezpieczenie\/ubezpieczenia-zdrowotne\/\">Read More&#8230;<\/a><\/p>\n","protected":false},"author":28,"featured_media":0,"parent":15449,"menu_order":0,"comment_status":"closed","ping_status":"closed","template":"","meta":{"_expiration-date-status":"","_expiration-date":0,"_expiration-date-type":"","_expiration-date-categories":[],"_expiration-date-options":[]},"acf":[],"_links":{"self":[{"href":"https:\/\/us.edu.pl\/student\/wp-json\/wp\/v2\/pages\/15455"}],"collection":[{"href":"https:\/\/us.edu.pl\/student\/wp-json\/wp\/v2\/pages"}],"about":[{"href":"https:\/\/us.edu.pl\/student\/wp-json\/wp\/v2\/types\/page"}],"author":[{"embeddable":true,"href":"https:\/\/us.edu.pl\/student\/wp-json\/wp\/v2\/users\/28"}],"replies":[{"embeddable":true,"href":"https:\/\/us.edu.pl\/student\/wp-json\/wp\/v2\/comments?post=15455"}],"version-history":[{"count":6,"href":"https:\/\/us.edu.pl\/student\/wp-json\/wp\/v2\/pages\/15455\/revisions"}],"predecessor-version":[{"id":39962,"href":"https:\/\/us.edu.pl\/student\/wp-json\/wp\/v2\/pages\/15455\/revisions\/39962"}],"up":[{"embeddable":true,"href":"https:\/\/us.edu.pl\/student\/wp-json\/wp\/v2\/pages\/15449"}],"wp:attachment":[{"href":"https:\/\/us.edu.pl\/student\/wp-json\/wp\/v2\/media?parent=15455"}],"curies":[{"name":"wp","href":"https:\/\/api.w.org\/{rel}","templated":true}]}}