{"id":15641,"date":"2019-11-17T21:36:54","date_gmt":"2019-11-17T20:36:54","guid":{"rendered":"https:\/\/us.edu.pl\/student\/?page_id=15641"},"modified":"2020-06-22T18:21:54","modified_gmt":"2020-06-22T16:21:54","slug":"ciniba","status":"publish","type":"page","link":"https:\/\/us.edu.pl\/student\/wsparcie-i-fundusze\/dostosowanie-do-specjalnych-potrzeb\/dostosowanie-budynkow\/ciniba\/","title":{"rendered":"CINiBA"},"content":{"rendered":"<p>[vc_row][vc_column]\r\n                <div class=\"text-modules \">\r\n                    <div class=\"container\">\r\n                        <h3 class=\"section-title section-title_border-bottom\">CINiBA (Biblioteka G\u0142\u00f3wna)<\/h3> \r\n                        <div class=\"row m-0\">\r\n                            <div class=\"text-modules__content\">\r\n                                <strong>Katowice, ul. Bankowa 11A<\/strong><\/p>\n<ul>\n<li><u>Dost\u0119pno\u015b\u0107 wej\u015bcia do budynku i przechodzenia przez obszary kontroli<\/u> \u2013 drzwi wej\u015bciowe szerokie (dostosowane do os\u00f3b z niepe\u0142nosprawno\u015bciami, otwierane automatycznie \u2013 rozsuwane).<\/li>\n<li><u>Dost\u0119pno\u015b\u0107 korytarzy, schod\u00f3w i wind<\/u> \u2013 korytarze oraz schody w budynku s\u0105 og\u00f3lnodost\u0119pne. W budynku znajduje si\u0119 winda przystosowana do potrzeb os\u00f3b z\u00a0niepe\u0142nosprawno\u015bciami. Schody wyposa\u017cone s\u0105 w por\u0119cze. Ci\u0105gi komunikacyjne s\u0105 szerokie. Drzwi na korytarzach dostosowane s\u0105 do potrzeb os\u00f3b z niepe\u0142nosprawno\u015bciami.<\/li>\n<li><u>Rodzaje dostosowa\u0144 wewn\u0105trz budynku<\/u> \u2013 w budynku znajduj\u0105 si\u0119 toalety przystosowane dla potrzeb os\u00f3b z niepe\u0142nosprawno\u015bciami (szerokie wej\u015bcie, barierki przy toalecie, kran dostosowany do os\u00f3b z niepe\u0142nosprawno\u015bciami, system alarmuj\u0105cy o potrzebie pomocy).<\/li>\n<li><u>Udogodnienia architektoniczne w budynku<\/u> \u2013 s\u0105 to: automatycznie otwierane drzwi wej\u015bciowe, windy z kabinami dostosowanymi dla os\u00f3b poruszaj\u0105cych si\u0119 na w\u00f3zkach oraz niewidomych\/niedowidz\u0105cych, toalety dla os\u00f3b z niepe\u0142nosprawno\u015bci\u0105 ruchow\u0105, korytarze i pomieszczenia dostosowane do poruszania si\u0119 na w\u00f3zkach, stanowiska pracy dla czytelnik\u00f3w i pracownik\u00f3w z niepe\u0142nosprawno\u015bciami.<\/li>\n<li><u>Kabina pracy indywidualnej<\/u> \u2013 zamykana, w pe\u0142ni dostosowana, wyposa\u017cona w sprz\u0119t i\u00a0oprogramowanie dla os\u00f3b niewidomych i s\u0142abowidz\u0105cych.<\/li>\n<li><u>Miejsca parkingowe wyznaczone dla os\u00f3b z niepe\u0142nosprawn<\/u><u>o\u015bciami i spos\u00f3b korzystania z nich<\/u> \u2013 miejsca parkingowe dla os\u00f3b z niepe\u0142nosprawno\u015bciami znajduj\u0105 si\u0119 przy budynku. Wjazd na parking mie\u015bci si\u0119 od strony ul. Bankowej, ze szlabanem.<\/li>\n<li><u>Wst\u0119p z psem asystuj\u0105cym<\/u> \u2013 na teren budynku mo\u017cna wej\u015b\u0107 z psem asystuj\u0105cym oraz psem przewodnikiem.<\/li>\n<li><u>T\u0142umacz j\u0119zyka migowego<\/u> \u2013 w budynku nie ma t\u0142umacza j\u0119zyka migowego, nie jest mo\u017cliwe skorzystanie z us\u0142ugi t\u0142umacza online. Konieczno\u015b\u0107 kontaktu z udzia\u0142em t\u0142umacza j\u0119zyka migowego nale\u017cy zg\u0142osi\u0107 minimum 3 dni przed planowan\u0105 wizyt\u0105 na adres e-mail: <a href=\"mailto:dostepnosc@us.edu.pl\">dostepnosc@us.edu.pl<\/a>.<\/li>\n<\/ul>\n<div class=\"mt-3\"><\/div>\r\n                            <\/div>\r\n                            \r\n                            \r\n                        <\/div>\r\n                    <\/div>\r\n                <\/div>[\/vc_column][\/vc_row]<\/p>","protected":false},"excerpt":{"rendered":"<p>[vc_row][vc_column][\/vc_column][\/vc_row] [&#8230;]<\/p>\n<p><a class=\"btn btn-secondary understrap-read-more-link\" href=\"https:\/\/us.edu.pl\/student\/wsparcie-i-fundusze\/dostosowanie-do-specjalnych-potrzeb\/dostosowanie-budynkow\/ciniba\/\">Read More&#8230;<\/a><\/p>\n","protected":false},"author":28,"featured_media":0,"parent":9343,"menu_order":0,"comment_status":"closed","ping_status":"closed","template":"","meta":{"_expiration-date-status":"saved","_expiration-date":0,"_expiration-date-type":"","_expiration-date-categories":[],"_expiration-date-options":[]},"acf":[],"_links":{"self":[{"href":"https:\/\/us.edu.pl\/student\/wp-json\/wp\/v2\/pages\/15641"}],"collection":[{"href":"https:\/\/us.edu.pl\/student\/wp-json\/wp\/v2\/pages"}],"about":[{"href":"https:\/\/us.edu.pl\/student\/wp-json\/wp\/v2\/types\/page"}],"author":[{"embeddable":true,"href":"https:\/\/us.edu.pl\/student\/wp-json\/wp\/v2\/users\/28"}],"replies":[{"embeddable":true,"href":"https:\/\/us.edu.pl\/student\/wp-json\/wp\/v2\/comments?post=15641"}],"version-history":[{"count":0,"href":"https:\/\/us.edu.pl\/student\/wp-json\/wp\/v2\/pages\/15641\/revisions"}],"up":[{"embeddable":true,"href":"https:\/\/us.edu.pl\/student\/wp-json\/wp\/v2\/pages\/9343"}],"wp:attachment":[{"href":"https:\/\/us.edu.pl\/student\/wp-json\/wp\/v2\/media?parent=15641"}],"curies":[{"name":"wp","href":"https:\/\/api.w.org\/{rel}","templated":true}]}}