{"id":15678,"date":"2019-11-17T21:55:41","date_gmt":"2019-11-17T20:55:41","guid":{"rendered":"https:\/\/us.edu.pl\/student\/?page_id=15678"},"modified":"2020-06-22T18:46:38","modified_gmt":"2020-06-22T16:46:38","slug":"wydzial-teologiczny","status":"publish","type":"page","link":"https:\/\/us.edu.pl\/student\/wsparcie-i-fundusze\/dostosowanie-do-specjalnych-potrzeb\/dostosowanie-budynkow\/wydzial-teologiczny\/","title":{"rendered":"Wydzia\u0142 Teologiczny"},"content":{"rendered":"<p>[vc_row][vc_column]\r\n                <div class=\"text-modules \">\r\n                    <div class=\"container\">\r\n                        <h3 class=\"section-title section-title_border-bottom\">Wydzia\u0142 Teologiczny<\/h3> \r\n                        <div class=\"row m-0\">\r\n                            <div class=\"text-modules__content\">\r\n                                <strong>Katowice, ul. Jordana 18<\/strong><\/p>\n<ul>\n<li><u>Dost\u0119pno\u015b\u0107 wej\u015bcia do budynku i przechodzenia przez obszary kontroli<\/u> \u2013 wej\u015bcie g\u0142\u00f3wne do budynk\u00f3w jest w pe\u0142ni dost\u0119pne.<\/li>\n<li><u>Dost\u0119pno\u015b\u0107 korytarzy, schod\u00f3w i wind<\/u> \u2013 korytarze s\u0105 w pe\u0142ni dost\u0119pne, posiadaj\u0105 odpowiedni\u0105 szeroko\u015b\u0107, kt\u00f3ra umo\u017cliwia swobodne przemieszczanie si\u0119 po budynku. Schody maj\u0105 por\u0119cze i s\u0105 oznakowane. Windy s\u0105 w pe\u0142ni przystosowane do korzystania z\u00a0nich przez wszystkich u\u017cytkownik\u00f3w budynku, ze szczeg\u00f3lnym uwzgl\u0119dnieniem potrzeb os\u00f3b poruszaj\u0105cych si\u0119 na w\u00f3zku inwalidzkim.<\/li>\n<li><u>Rodzaje dostosowa\u0144 wewn\u0105trz budynku<\/u> \u2013 toalety s\u0105 przystosowane dla os\u00f3b z niepe\u0142nosprawno\u015bciami. Bar jest dostosowany do korzystania przez osoby z niepe\u0142nosprawno\u015bciami. Wywieszone s\u0105 tabliczki informuj\u0105ce o pierwsze\u0144stwie obs\u0142ugi os\u00f3b z\u00a0niepe\u0142nosprawno\u015bciami.<\/li>\n<li><u>Wst\u0119p z psem asystuj\u0105cym<\/u> \u2013 na teren budynku mo\u017cna wej\u015b\u0107 z psem asystuj\u0105cym oraz psem przewodnikiem.<\/li>\n<li><u>T\u0142umacz j\u0119zyka migowego<\/u> \u2013 w budynku nie ma t\u0142umacza j\u0119zyka migowego, nie jest mo\u017cliwe skorzystanie z us\u0142ugi t\u0142umacza online. Konieczno\u015b\u0107 kontaktu z udzia\u0142em t\u0142umacza j\u0119zyka migowego nale\u017cy zg\u0142osi\u0107 minimum 3 dni przed planowan\u0105 wizyt\u0105 na adres e-mail: <a href=\"mailto:dostepnosc@us.edu.pl\">dostepnosc@us.edu.pl<\/a>.<\/li>\n<\/ul>\n<div class=\"mt-3\"><\/div>\r\n                            <\/div>\r\n                            \r\n                            \r\n                        <\/div>\r\n                    <\/div>\r\n                <\/div>[\/vc_column][\/vc_row]<\/p>","protected":false},"excerpt":{"rendered":"<p>[vc_row][vc_column][\/vc_column][\/vc_row] [&#8230;]<\/p>\n<p><a class=\"btn btn-secondary understrap-read-more-link\" href=\"https:\/\/us.edu.pl\/student\/wsparcie-i-fundusze\/dostosowanie-do-specjalnych-potrzeb\/dostosowanie-budynkow\/wydzial-teologiczny\/\">Read More&#8230;<\/a><\/p>\n","protected":false},"author":28,"featured_media":0,"parent":9343,"menu_order":0,"comment_status":"closed","ping_status":"closed","template":"","meta":{"_expiration-date-status":"saved","_expiration-date":0,"_expiration-date-type":"","_expiration-date-categories":[],"_expiration-date-options":[]},"acf":[],"_links":{"self":[{"href":"https:\/\/us.edu.pl\/student\/wp-json\/wp\/v2\/pages\/15678"}],"collection":[{"href":"https:\/\/us.edu.pl\/student\/wp-json\/wp\/v2\/pages"}],"about":[{"href":"https:\/\/us.edu.pl\/student\/wp-json\/wp\/v2\/types\/page"}],"author":[{"embeddable":true,"href":"https:\/\/us.edu.pl\/student\/wp-json\/wp\/v2\/users\/28"}],"replies":[{"embeddable":true,"href":"https:\/\/us.edu.pl\/student\/wp-json\/wp\/v2\/comments?post=15678"}],"version-history":[{"count":0,"href":"https:\/\/us.edu.pl\/student\/wp-json\/wp\/v2\/pages\/15678\/revisions"}],"up":[{"embeddable":true,"href":"https:\/\/us.edu.pl\/student\/wp-json\/wp\/v2\/pages\/9343"}],"wp:attachment":[{"href":"https:\/\/us.edu.pl\/student\/wp-json\/wp\/v2\/media?parent=15678"}],"curies":[{"name":"wp","href":"https:\/\/api.w.org\/{rel}","templated":true}]}}