{"id":15752,"date":"2019-11-17T22:10:39","date_gmt":"2019-11-17T21:10:39","guid":{"rendered":"https:\/\/us.edu.pl\/student\/?page_id=15752"},"modified":"2020-06-22T19:10:29","modified_gmt":"2020-06-22T17:10:29","slug":"biblioteka-cyfrowa","status":"publish","type":"page","link":"https:\/\/us.edu.pl\/student\/wsparcie-i-fundusze\/dostosowanie-do-specjalnych-potrzeb\/biblioteka-cyfrowa\/","title":{"rendered":"Biblioteka Cyfrowa"},"content":{"rendered":"<p>[vc_row][vc_column]\r\n                <div class=\"text-modules\">\r\n                    <div class=\"container\">\r\n                        <h3 class=\"page-title text__title\">Biblioteka Cyfrowa<\/h3>\r\n                        <div class=\"text-modules__content\"><p>Studenci i doktoranci z niepe\u0142nosprawno\u015bci\u0105, kt\u00f3rzy ze wzgl\u0119du na wyst\u0119puj\u0105ce trudno\u015bci nie mog\u0105 korzysta\u0107 z tradycyjnych, drukowanych ksi\u0105\u017cek, mog\u0105 w ramach IDS uzyska\u0107 ksi\u0105\u017cki w\u00a0wersji cyfrowej (zdigitalizowane).<\/p>\n<p>Aby otrzyma\u0107 ksi\u0105\u017ck\u0119 w wersji cyfrowej, osoby korzystaj\u0105ce z IDS pisz\u0105 e-mail do Centrum Obs\u0142ugi Student\u00f3w (<a href=\"mailto:dlastudenta@us.edu.pl\">dlastudenta@us.edu.pl<\/a>). W wiadomo\u015bci nale\u017cy poda\u0107 autora i tytu\u0142 ksi\u0105\u017cki oraz inne istotne informacje (wydawnictwo, rok i numer wydania).<\/p>\n<p>Jednostk\u0105 odpowiedzialn\u0105 za digitalizacj\u0119 jest Centrum Informacji Naukowej i Biblioteka Akademicka, kt\u00f3ra wykonuje zadanie na wniosek COS.<\/p>\n<\/div>\r\n                    <\/div>\r\n                <\/div>[\/vc_column][\/vc_row]<\/p>","protected":false},"excerpt":{"rendered":"<p>[vc_row][vc_column][\/vc_column][\/vc_row] [&#8230;]<\/p>\n<p><a class=\"btn btn-secondary understrap-read-more-link\" href=\"https:\/\/us.edu.pl\/student\/wsparcie-i-fundusze\/dostosowanie-do-specjalnych-potrzeb\/biblioteka-cyfrowa\/\">Read More&#8230;<\/a><\/p>\n","protected":false},"author":28,"featured_media":0,"parent":9188,"menu_order":0,"comment_status":"closed","ping_status":"closed","template":"","meta":{"_expiration-date-status":"saved","_expiration-date":0,"_expiration-date-type":"","_expiration-date-categories":[],"_expiration-date-options":[]},"acf":[],"_links":{"self":[{"href":"https:\/\/us.edu.pl\/student\/wp-json\/wp\/v2\/pages\/15752"}],"collection":[{"href":"https:\/\/us.edu.pl\/student\/wp-json\/wp\/v2\/pages"}],"about":[{"href":"https:\/\/us.edu.pl\/student\/wp-json\/wp\/v2\/types\/page"}],"author":[{"embeddable":true,"href":"https:\/\/us.edu.pl\/student\/wp-json\/wp\/v2\/users\/28"}],"replies":[{"embeddable":true,"href":"https:\/\/us.edu.pl\/student\/wp-json\/wp\/v2\/comments?post=15752"}],"version-history":[{"count":0,"href":"https:\/\/us.edu.pl\/student\/wp-json\/wp\/v2\/pages\/15752\/revisions"}],"up":[{"embeddable":true,"href":"https:\/\/us.edu.pl\/student\/wp-json\/wp\/v2\/pages\/9188"}],"wp:attachment":[{"href":"https:\/\/us.edu.pl\/student\/wp-json\/wp\/v2\/media?parent=15752"}],"curies":[{"name":"wp","href":"https:\/\/api.w.org\/{rel}","templated":true}]}}