{"id":16650,"date":"2019-11-22T11:03:30","date_gmt":"2019-11-22T10:03:30","guid":{"rendered":"https:\/\/us.edu.pl\/student\/?page_id=16650"},"modified":"2023-09-25T15:27:43","modified_gmt":"2023-09-25T13:27:43","slug":"czym-sa-organizacje-studenckie","status":"publish","type":"page","link":"https:\/\/us.edu.pl\/student\/dzialalnosc-studencka\/organizacje-studenckie\/czym-sa-organizacje-studenckie\/","title":{"rendered":"Czym s\u0105 organizacje studenckie?"},"content":{"rendered":"<p>[vc_row][vc_column]\r\n                <div class=\"text-modules\">\r\n                    <div class=\"container\">\r\n                        <h3 class=\"page-title text__title\">Czym s\u0105 organizacje studenckie?<\/h3>\r\n                        <div class=\"text-modules__content\"><p><span style=\"font-weight: 400;\">Wszyscy studenci maj\u0105 prawo zrzesza\u0107 si\u0119 w uczelnianych organizacjach studenckich (zgodnie z ustaw\u0105 Prawo o szkolnictwie wy\u017cszym i nauce). Organizacje studenckie to przede wszystkim Ko\u0142a Naukowe, kt\u00f3rych na Uniwersytecie \u015al\u0105skim aktywnie dzia\u0142a prawie 250, jak r\u00f3wnie\u017c organy Samorz\u0105du Studenckiego czy organizacje o charakterze kulturalnym, artystycznym oraz sportowym.\u00a0<\/span><\/p>\n<p><span style=\"font-weight: 400;\">Organizacje skupiaj\u0105 osoby chc\u0105ce rozwija\u0107 indywidualne zainteresowania, zdobywa\u0107 umiej\u0119tno\u015bci i poszerza\u0107 wiedz\u0119 z r\u00f3\u017cnych dziedzin nauki. Cz\u0119st\u0105 form\u0105 uczestnictwa s\u0105 szkolenia, sympozja oraz konferencje naukowe, o zasi\u0119gu lokalnym, regionalnym jak i krajowym. Cz\u0142onkowie tych organizacji pog\u0142\u0119biaj\u0105 swoj\u0105 wiedz\u0119, prowadz\u0105c rozmaite badania naukowe, w ramach kt\u00f3rych wydawane s\u0105 publikacje, czy te\u017c organizowane szkolenia i warsztaty naukowe. Poza tym, w ramach uczestnictwa w uczelnianych organizacjach odbywaj\u0105 si\u0119 akcje charytatywne, wydarzenia sportowe oraz liczne wydarzenia kulturalne czy popularnonaukowe.<\/span><\/p>\n<p><span style=\"font-weight: 400;\">Uczelniane organizacje, a tak\u017ce dzia\u0142aj\u0105ce w uczelni stowarzyszenia zrzeszaj\u0105ce wy\u0142\u0105cznie student\u00f3w lub doktorant\u00f3w, mog\u0105 wyst\u0119powa\u0107 z wnioskami do organ\u00f3w uczelni, organ\u00f3w samorz\u0105du studenckiego lub samorz\u0105du doktorant\u00f3w w sprawach ich dotycz\u0105cych.<\/span><\/p>\n<p><span style=\"font-weight: 400;\">Zach\u0119camy do zapoznania si\u0119 z informacjami na temat tego jakie organizacje studenckie funkcjonuj\u0105 w Uniwersytecie \u015al\u0105skim oraz jak wygl\u0105da proces za\u0142o\u017cenia organizacji studenckiej.<\/span><\/p>\n<\/div>\r\n                    <\/div>\r\n                <\/div>[\/vc_column][\/vc_row]<\/p>","protected":false},"excerpt":{"rendered":"<p>[vc_row][vc_column][\/vc_column][\/vc_row] [&#8230;]<\/p>\n<p><a class=\"btn btn-secondary understrap-read-more-link\" href=\"https:\/\/us.edu.pl\/student\/dzialalnosc-studencka\/organizacje-studenckie\/czym-sa-organizacje-studenckie\/\">Read More&#8230;<\/a><\/p>\n","protected":false},"author":28,"featured_media":0,"parent":9593,"menu_order":0,"comment_status":"closed","ping_status":"closed","template":"","meta":{"_expiration-date-status":"","_expiration-date":0,"_expiration-date-type":"","_expiration-date-categories":[],"_expiration-date-options":[]},"acf":[],"_links":{"self":[{"href":"https:\/\/us.edu.pl\/student\/wp-json\/wp\/v2\/pages\/16650"}],"collection":[{"href":"https:\/\/us.edu.pl\/student\/wp-json\/wp\/v2\/pages"}],"about":[{"href":"https:\/\/us.edu.pl\/student\/wp-json\/wp\/v2\/types\/page"}],"author":[{"embeddable":true,"href":"https:\/\/us.edu.pl\/student\/wp-json\/wp\/v2\/users\/28"}],"replies":[{"embeddable":true,"href":"https:\/\/us.edu.pl\/student\/wp-json\/wp\/v2\/comments?post=16650"}],"version-history":[{"count":2,"href":"https:\/\/us.edu.pl\/student\/wp-json\/wp\/v2\/pages\/16650\/revisions"}],"predecessor-version":[{"id":41342,"href":"https:\/\/us.edu.pl\/student\/wp-json\/wp\/v2\/pages\/16650\/revisions\/41342"}],"up":[{"embeddable":true,"href":"https:\/\/us.edu.pl\/student\/wp-json\/wp\/v2\/pages\/9593"}],"wp:attachment":[{"href":"https:\/\/us.edu.pl\/student\/wp-json\/wp\/v2\/media?parent=16650"}],"curies":[{"name":"wp","href":"https:\/\/api.w.org\/{rel}","templated":true}]}}