{"id":16662,"date":"2019-11-22T11:18:30","date_gmt":"2019-11-22T10:18:30","guid":{"rendered":"https:\/\/us.edu.pl\/student\/?page_id=16662"},"modified":"2023-10-02T15:33:25","modified_gmt":"2023-10-02T13:33:25","slug":"zaloz-organizacje","status":"publish","type":"page","link":"https:\/\/us.edu.pl\/student\/dzialalnosc-studencka\/organizacje-studenckie\/zaloz-organizacje\/","title":{"rendered":"Za\u0142\u00f3\u017c organizacj\u0119"},"content":{"rendered":"<p>[vc_row][vc_column]\r\n                <div class=\"text-modules\">\r\n                    <div class=\"container\">\r\n                        <h3 class=\"page-title text__title\">Za\u0142\u00f3\u017c organizacj\u0119<\/h3>\r\n                        <div class=\"text-modules__content\"><p><b>Chcesz aktywnie uczestniczy\u0107 w \u017cyciu uczelni, pog\u0142\u0119bia\u0107 zdobyt\u0105 wiedz\u0119, wsp\u00f3\u0142pracowa\u0107 z aktywnymi lud\u017ami? Chcia\u0142by\u015b sprawdzi\u0107 si\u0119 jako organizator, realizator pomys\u0142\u00f3w?<\/b><\/p>\n<p><span style=\"font-weight: 400;\">Je\u015bli tak to zapraszamy w szeregi uczelnianych organizacji studenckich. Organizacje studenckie, takie jak: ko\u0142a naukowe, zespo\u0142y o charakterze artystycznym czy sportowym to ku\u017anie talent\u00f3w, kt\u00f3re umo\u017cliwiaj\u0105 osobisty rozw\u00f3j na polu naukowym i organizacyjnym.<\/span><\/p>\n<p>&nbsp;<\/p>\n<p><b>1.Jak za\u0142o\u017cy\u0107 organizacj\u0119?<\/b><\/p>\n<p><b>Etap I &#8211; wizja<\/b><\/p>\n<p><span style=\"font-weight: 400;\">Uczelniana organizacja mo\u017ce zosta\u0107 powo\u0142ana do \u017cycia z inicjatywy grupy min. trzech student\u00f3w czy te\u017c doktorant\u00f3w zainteresowanych wsp\u00f3lnym zagadnieniem i pomys\u0142em. Przed za\u0142o\u017ceniem w\u0142asnej organizacji warto zapozna\u0107 si\u0119 z ofert\u0105 dzia\u0142aj\u0105cych organizacji oraz k\u00f3\u0142 \u201cdo reaktywacji\u201d. Je\u015bli cele i sfera dzia\u0142alno\u015bci oraz nazwa istniej\u0105cych k\u00f3\u0142 naukowych i innych organizacji studenckich nie jest zbie\u017cna z nowo powsta\u0142\u0105 inicjatyw\u0105, to czas na za\u0142o\u017cenie w\u0142asnej organizacji.<\/span><\/p>\n<p><b>ETAP II \u2013 opiekun\u00a0<\/b><\/p>\n<p><span style=\"font-weight: 400;\">Istot\u0105 powstania organizacji jest zebranie kilku os\u00f3b zainteresowanych dan\u0105 tematyka, czy dziedzin\u0105 wiedzy a nast\u0119pnie zainteresowanie ni\u0105 pracownika naukowego, kt\u00f3ry m\u00f3g\u0142by pe\u0142ni\u0107 rol\u0119 opiekuna naukowego. Posiadanie opiekuna nie jest konieczne dla powstania samej organizacji ale jest obligatoryjne w przypadku ubiegania si\u0119 o \u015brodki finansowe. Ka\u017cda organizacja mo\u017ce posiada\u0107 dowoln\u0105 liczb\u0119 opiekun\u00f3w naukowych, kt\u00f3rymi mog\u0105 zosta\u0107 nauczyciele akademiccy zajmuj\u0105cy si\u0119 zawodowo dan\u0105 dziedzin\u0105 wiedzy. Opiekun ma za zadanie pe\u0142ni\u0107 rol\u0119 mentora, kt\u00f3ry b\u0119dzie wspiera\u0142 inicjatyw\u0119 dzia\u0142alno\u015bci poprzez udzielanie pomocy administracyjnej i dydaktycznej cz\u0142onkom, w szczeg\u00f3lno\u015bci: uczestnictwo w spotkaniach cz\u0142onk\u00f3w organizacji, poparcie dzia\u0142alno\u015bci i inicjatyw na forum wydzia\u0142u i uczelni, pomoc i doradztwo w ustalaniu programu i zakresu dzia\u0142alno\u015bci.\u00a0<\/span><\/p>\n<p><span style=\"font-weight: 400;\">W przypadku wybrania opiekuna naukowego wraz z wnioskiem rejestracyjnym nale\u017cy z\u0142o\u017cy\u0107 jego pisemn\u0105 zgod\u0119.\u00a0<\/span><\/p>\n<p><b>Etap III \u2013 zg\u0142oszenie i regulamin<\/b><b><br \/>\n<\/b><span style=\"font-weight: 400;\">Po powstaniu organizacji nale\u017cy niezw\u0142ocznie z\u0142o\u017cy\u0107 <\/span><a href=\"https:\/\/aktyprawne.us.edu.pl\/423-lista\/d\/253\/13\/?reporef=%2Flexlist%3Fsearch-global%3DZarz%25C4%2585dzenie%2520nr%2520108%252F2019%2520Rektora%2520U%25C5%259A%2520w%2520sprawie%2520uczelnianych%2520organizacji%2520studenckich%2520i%2520uczelnianych%2520organizacji%2520doktorant%25C3%25B3w\"><span style=\"font-weight: 400;\">pisemne zg\u0142oszenie<\/span><\/a><span style=\"font-weight: 400;\">\u00a0wraz z <\/span><span style=\"font-weight: 400;\"><a href=\"https:\/\/aktyprawne.us.edu.pl\/423-lista\/d\/253\/13\/?reporef=%2Flexlist%3Fsearch-global%3DZarz%25C4%2585dzenie%2520nr%2520108%252F2019%2520Rektora%2520U%25C5%259A%2520w%2520sprawie%2520uczelnianych%2520organizacji%2520studenckich%2520i%2520uczelnianych%2520organizacji%2520doktorant%25C3%25B3w\">regulaminem<\/a> dzia\u0142alno\u015bci<\/span><span style=\"font-weight: 400;\"> w Centrum Obs\u0142ugi Student\u00f3w (patrz <\/span><i><span style=\"font-weight: 400;\">pkt. 4 Za\u0142\u0105czniki<\/span><\/i><span style=\"font-weight: 400;\">). Tylko dope\u0142nienie tych formalno\u015bci skutkowa\u0107 b\u0119dzie wpisaniem do rejestru oraz mo\u017cliwo\u015bci\u0105 funkcjonowania organizacji.<\/span><\/p>\n<p><span style=\"font-weight: 400;\">Regulamin uczelnianej organizacji studenckiej powinien okre\u015bla\u0107:<\/span><\/p>\n<ul>\n<li style=\"font-weight: 400;\"><span style=\"font-weight: 400;\">nazw\u0119 organizacji, odr\u00f3\u017cniaj\u0105c\u0105 j\u0105 od innych,<\/span><\/li>\n<li style=\"font-weight: 400;\"><span style=\"font-weight: 400;\">teren dzia\u0142ania i siedzib\u0119,<\/span><\/li>\n<li style=\"font-weight: 400;\"><span style=\"font-weight: 400;\">cele i sposoby realizacji dzia\u0142alno\u015bci,<\/span><\/li>\n<li style=\"font-weight: 400;\"><span style=\"font-weight: 400;\">spos\u00f3b nabywania i utraty cz\u0142onkostwa, przyczyny utraty oraz prawa i obowi\u0105zki cz\u0142onk\u00f3w,<\/span><\/li>\n<li style=\"font-weight: 400;\"><span style=\"font-weight: 400;\">w\u0142adze uczelnianej organizacji, tryb dokonywania ich wyboru, czas trwania kadencji oraz ich kompetencje,<\/span><\/li>\n<li style=\"font-weight: 400;\"><span style=\"font-weight: 400;\">spos\u00f3b reprezentowania uczelnianej organizacji i warunki wa\u017cno\u015bci jej uchwa\u0142,<\/span><\/li>\n<li style=\"font-weight: 400;\"><span style=\"font-weight: 400;\">zasady dokonywania zmian regulaminu,<\/span><\/li>\n<li style=\"font-weight: 400;\"><span style=\"font-weight: 400;\">spos\u00f3b rozwi\u0105zania si\u0119 uczelnianych organizacji studenckich.<\/span><\/li>\n<\/ul>\n<p><b>Etap IV<\/b><\/p>\n<p><span style=\"font-weight: 400;\">Po sprawdzeniu zgodno\u015bci i kompletno\u015bci z\u0142o\u017conych dokument\u00f3w, organizacja zostaje wpisana do wykazu dost\u0119pnego na stronie <a href=\"https:\/\/us.edu.pl\/student\/dzialalnosc-studencka\/organizacje-studenckie\/\">www.us.edu.pl\/student<\/a>.<\/span><\/p>\n<p>&nbsp;<\/p>\n<p><b>2. Wymagane dokumenty<\/b><\/p>\n<p><span style=\"font-weight: 400;\">&#8211; pisemne zg\u0142oszenie (wniosek),<\/span><\/p>\n<p><span style=\"font-weight: 400;\">&#8211; zgoda opiekuna naukowego (nieobligatoryjne),<\/span><\/p>\n<p><span style=\"font-weight: 400;\">&#8211; regulamin organizacji.<\/span><\/p>\n<p>&nbsp;<\/p>\n<p><b>3. Miejsce sk\u0142adania dokument\u00f3w<\/b><\/p>\n<p><span style=\"font-weight: 400;\">Centrum Obs\u0142ugi Student\u00f3w, pok. 0.9, ul. Bankowa 12, 40-007 Katowice<\/span><\/p>\n<p>&nbsp;<\/p>\n<p><b>4. Za\u0142\u0105czniki<\/b><\/p>\n<p><span style=\"font-weight: 400;\">&#8211; pisemne zg\u0142oszenie (<a href=\"https:\/\/aktyprawne.us.edu.pl\/423-lista\/d\/253\/13\/?reporef=%2Flexlist%3Fsearch-global%3DZarz%25C4%2585dzenie%2520nr%2520108%252F2019%2520Rektora%2520U%25C5%259A%2520w%2520sprawie%2520uczelnianych%2520organizacji%2520studenckich%2520i%2520uczelnianych%2520organizacji%2520doktorant%25C3%25B3w\">wniosek<\/a>),<\/span><\/p>\n<p><span style=\"font-weight: 400;\">&#8211; <a href=\"https:\/\/us.edu.pl\/student\/wp-content\/uploads\/sites\/3\/Aktualne-akty-prawne\/oswiadczenie_opiekuna_naukowego_bis.doc\" class=\"mtli_attachment mtli_doc\" data-mtli=\"mtli_filesize26,00kB\" class=\"mtli_attachment mtli_doc\" data-mtli=\"mtli_filesize26,00kB\">zgoda opiekuna naukowego<\/a>,<\/span><\/p>\n<p><span style=\"font-weight: 400;\">&#8211; <a href=\"https:\/\/us.edu.pl\/student\/wp-content\/uploads\/sites\/3\/Aktualne-akty-prawne\/wzor_regulaminu.docx\" class=\"mtli_attachment mtli_docx\" data-mtli=\"mtli_filesize27,30kB\" class=\"mtli_attachment mtli_docx\" data-mtli=\"mtli_filesize27,30kB\">wzor_regulaminu<\/a><\/span><\/p>\n<style type=\"text\/css\">a[data-mtli~=\"mtli_filesize26,00kB\"]:after {content:\" (26,00 kB)\"}a[data-mtli~=\"mtli_filesize27,30kB\"]:after {content:\" (27,30 kB)\"}<\/style><\/div>\r\n                    <\/div>\r\n                <\/div>[\/vc_column][\/vc_row]<\/p>\n<style type=\"text\/css\">a[data-mtli~=\"mtli_filesize26,00kB\"]:after {content:\" (26,00 kB)\"}a[data-mtli~=\"mtli_filesize27,30kB\"]:after {content:\" (27,30 kB)\"}<\/style>","protected":false},"excerpt":{"rendered":"<p>[vc_row][vc_column][\/vc_column][\/vc_row] [&#8230;]<\/p>\n<p><a class=\"btn btn-secondary understrap-read-more-link\" href=\"https:\/\/us.edu.pl\/student\/dzialalnosc-studencka\/organizacje-studenckie\/zaloz-organizacje\/\">Read More&#8230;<\/a><\/p>\n","protected":false},"author":28,"featured_media":0,"parent":9593,"menu_order":0,"comment_status":"closed","ping_status":"closed","template":"","meta":{"_expiration-date-status":"","_expiration-date":0,"_expiration-date-type":"","_expiration-date-categories":[],"_expiration-date-options":[]},"acf":[],"_links":{"self":[{"href":"https:\/\/us.edu.pl\/student\/wp-json\/wp\/v2\/pages\/16662"}],"collection":[{"href":"https:\/\/us.edu.pl\/student\/wp-json\/wp\/v2\/pages"}],"about":[{"href":"https:\/\/us.edu.pl\/student\/wp-json\/wp\/v2\/types\/page"}],"author":[{"embeddable":true,"href":"https:\/\/us.edu.pl\/student\/wp-json\/wp\/v2\/users\/28"}],"replies":[{"embeddable":true,"href":"https:\/\/us.edu.pl\/student\/wp-json\/wp\/v2\/comments?post=16662"}],"version-history":[{"count":8,"href":"https:\/\/us.edu.pl\/student\/wp-json\/wp\/v2\/pages\/16662\/revisions"}],"predecessor-version":[{"id":41517,"href":"https:\/\/us.edu.pl\/student\/wp-json\/wp\/v2\/pages\/16662\/revisions\/41517"}],"up":[{"embeddable":true,"href":"https:\/\/us.edu.pl\/student\/wp-json\/wp\/v2\/pages\/9593"}],"wp:attachment":[{"href":"https:\/\/us.edu.pl\/student\/wp-json\/wp\/v2\/media?parent=16662"}],"curies":[{"name":"wp","href":"https:\/\/api.w.org\/{rel}","templated":true}]}}