{"id":16677,"date":"2019-11-22T11:33:01","date_gmt":"2019-11-22T10:33:01","guid":{"rendered":"https:\/\/us.edu.pl\/student\/?page_id=16677"},"modified":"2023-10-03T15:51:12","modified_gmt":"2023-10-03T13:51:12","slug":"finansowanie-dzialalnosci-studenckiej-i-naukowej","status":"publish","type":"page","link":"https:\/\/us.edu.pl\/student\/dzialalnosc-studencka\/organizacje-studenckie\/finansowanie-dzialalnosci-studenckiej-i-naukowej\/","title":{"rendered":"Finansowanie dzia\u0142alno\u015bci studenckiej i naukowej"},"content":{"rendered":"<p>[vc_row][vc_column]\r\n                <div class=\"text-modules\">\r\n                    <div class=\"container\">\r\n                        <h3 class=\"page-title text__title\">Finansowanie dzia\u0142alno\u015bci studenckiej i naukowej<\/h3>\r\n                        <div class=\"text-modules__content\"><p>Dzia\u0142alno\u015b\u0107 w zakresie kulturalno-artystycznym, sportowym i naukowym uczelnianych organizacji dzia\u0142aj\u0105cych w Uczelni i stowarzysze\u0144 mo\u017ce by\u0107 dofinansowana w szczeg\u00f3lno\u015bci z:<\/p>\n<ul>\n<li>podzia\u0142u \u015brodk\u00f3w dokonywanych przez\u00a0Uczelnian\u0105 Rad\u0119 Samorz\u0105du Studenckiego;<\/li>\n<li>\u015brodk\u00f3w pozostaj\u0105cych w dyspozycji Rektora przeznaczonych na dzia\u0142alno\u015b\u0107 dydaktyczn\u0105, czyli tzn. Rezerwa Rektora;<\/li>\n<li>dotacji celowych, darowizn i zapis\u00f3w otrzymanych na dzia\u0142alno\u015b\u0107 kulturalno-artystyczn\u0105, sportow\u0105 i naukow\u0105;<\/li>\n<li>przychod\u00f3w z dzia\u0142alno\u015bci organizacji;<\/li>\n<li>\u015brodk\u00f3w pozostaj\u0105cych w dyspozycji jednostek organizacyjnych (dotacja Dziekana);<\/li>\n<\/ul>\n<p><strong>Podzia\u0142 \u015brodk\u00f3w dokonywany przez Uczelnian\u0105 Rad\u0119 Samorz\u0105du Studenckiego.<\/strong><\/p>\n<p>W podziale \u015brodk\u00f3w mog\u0105 wzi\u0105\u0107 udzia\u0142 wszystkie podmioty, maj\u0105ce nadany status organizacji Uniwersytetu \u015al\u0105skiego, czyli wszystkie organizacje znajduj\u0105ce si\u0119 w wykazie uczelnianych organizacji studenckich oraz stowarzyszenia dzia\u0142aj\u0105ce przy Uniwersytecie.<\/p>\n<p>Uczelniana Rada Samorz\u0105du Studenckiego dokonuje podzia\u0142u \u015brodk\u00f3w na dzia\u0142alno\u015b\u0107 studenck\u0105, na dane p\u00f3\u0142rocze, w oparciu o\u00a0<a href=\"http:\/\/www.studenci.us.edu.pl\/wp-content\/uploads\/2017\/09\/902583b9646b17c8a0c4b5713c01253b.pdf\" class=\"mtli_attachment mtli_pdf\" class=\"mtli_attachment mtli_pdf\">regulamin podzia\u0142u \u015brodk\u00f3w<\/a>, w terminach:<\/p>\n<ul>\n<li>do 15 lutego obejmuje okres od stycznia do sierpnia<\/li>\n<li>do 15 pa\u017adziernika obejmuje okres od wrze\u015bnia do grudnia<\/li>\n<\/ul>\n<p>Podzia\u0142 \u015brodk\u00f3w nast\u0119puje pomi\u0119dzy organizacje i stowarzyszenia, kt\u00f3re z\u0142o\u017cy\u0142y w wyznaczonym terminie sprawozdania merytoryczne i rozliczenia finansowe z otrzymanych wcze\u015bniej dotacji (dot. poprzedniego p\u00f3\u0142rocza) oraz wnioski wraz z kosztorysami o dofinansowanie przedsi\u0119wzi\u0119\u0107 na kolejny okres.<\/p>\n<p>Wszystkie informacje dotycz\u0105ce podzia\u0142u \u015brodk\u00f3w na dzia\u0142alno\u015b\u0107 studenck\u0105 mo\u017cna znale\u017a\u0107 na stronie http:\/\/www.studenci.us.edu.pl\/?page_id=509<\/p>\n<p><strong>Rezerwa Rektora<\/strong><\/p>\n<p>Rezerw\u0119 stanowi\u0105 \u015brodki pozostaj\u0105ce do dyspozycji Rektora, uzgadniane przez Rektora z URSS i URSD. Rezerwa jest przeznaczona na dofinansowania:<\/p>\n<ul>\n<li>wyr\u00f3\u017cniaj\u0105cych si\u0119 przedsi\u0119wzi\u0119\u0107 uczelnianych organizacji,<\/li>\n<li>wyr\u00f3\u017cniaj\u0105cych si\u0119 indywidualnych przedsi\u0119wzi\u0119\u0107 student\u00f3w i doktorant\u00f3w, zwi\u0105zanych z ich dzia\u0142alno\u015bci\u0105 naukow\u0105, tw\u00f3rcz\u0105 b\u0105d\u017a sportow\u0105.<\/li>\n<\/ul>\n<p>Jak ubiega\u0107 si\u0119 o dofinansowanie przedsi\u0119wzi\u0119cia z Rezerwy Rektora?<\/p>\n<p>Pisemny wniosek skierowany do Prorektora ds. kszta\u0142cenia i student\u00f3w nale\u017cy z\u0142o\u017cy\u0107 do Centrum Obs\u0142ugi Student\u00f3w w pokoju 127. Ze wzgl\u0119du na unikalny charakter finansowania dzia\u0142alno\u015bci, wnioski przed z\u0142o\u017ceniem winny by\u0107 pozytywnie zaopiniowane przez w\u0142a\u015bciwego dziekana oraz Samorz\u0105d Studencki wraz z adnotacj\u0105 o partycypacji finansowej.<\/p>\n<p><strong>PAMI\u0118TAJ!<\/strong><\/p>\n<p>Przed zaci\u0105gni\u0119ciem jakichkolwiek zobowi\u0105za\u0144 finansowych, w ramach przyznanych \u015brodk\u00f3w, skonsultuj si\u0119 z osob\u0105 odpowiedzialn\u0105 za ewidencj\u0119 koszt\u00f3w na wydziale b\u0105d\u017a z Centrum Obs\u0142ugi Student\u00f3w!<\/p>\n<\/div>\r\n                    <\/div>\r\n                <\/div>[\/vc_column][\/vc_row]<\/p>","protected":false},"excerpt":{"rendered":"<p>[vc_row][vc_column][\/vc_column][\/vc_row] [&#8230;]<\/p>\n<p><a class=\"btn btn-secondary understrap-read-more-link\" href=\"https:\/\/us.edu.pl\/student\/dzialalnosc-studencka\/organizacje-studenckie\/finansowanie-dzialalnosci-studenckiej-i-naukowej\/\">Read More&#8230;<\/a><\/p>\n","protected":false},"author":28,"featured_media":0,"parent":9593,"menu_order":0,"comment_status":"closed","ping_status":"closed","template":"page-templates\/page-with-sidebar.php","meta":{"_expiration-date-status":"","_expiration-date":0,"_expiration-date-type":"","_expiration-date-categories":[],"_expiration-date-options":[]},"acf":[],"_links":{"self":[{"href":"https:\/\/us.edu.pl\/student\/wp-json\/wp\/v2\/pages\/16677"}],"collection":[{"href":"https:\/\/us.edu.pl\/student\/wp-json\/wp\/v2\/pages"}],"about":[{"href":"https:\/\/us.edu.pl\/student\/wp-json\/wp\/v2\/types\/page"}],"author":[{"embeddable":true,"href":"https:\/\/us.edu.pl\/student\/wp-json\/wp\/v2\/users\/28"}],"replies":[{"embeddable":true,"href":"https:\/\/us.edu.pl\/student\/wp-json\/wp\/v2\/comments?post=16677"}],"version-history":[{"count":4,"href":"https:\/\/us.edu.pl\/student\/wp-json\/wp\/v2\/pages\/16677\/revisions"}],"predecessor-version":[{"id":41576,"href":"https:\/\/us.edu.pl\/student\/wp-json\/wp\/v2\/pages\/16677\/revisions\/41576"}],"up":[{"embeddable":true,"href":"https:\/\/us.edu.pl\/student\/wp-json\/wp\/v2\/pages\/9593"}],"wp:attachment":[{"href":"https:\/\/us.edu.pl\/student\/wp-json\/wp\/v2\/media?parent=16677"}],"curies":[{"name":"wp","href":"https:\/\/api.w.org\/{rel}","templated":true}]}}