{"id":16704,"date":"2019-11-22T11:56:09","date_gmt":"2019-11-22T10:56:09","guid":{"rendered":"https:\/\/us.edu.pl\/student\/?page_id=16704"},"modified":"2023-10-09T15:13:32","modified_gmt":"2023-10-09T13:13:32","slug":"wydatkowanie-srodkow-na-dzialalnosc-studencka","status":"publish","type":"page","link":"https:\/\/us.edu.pl\/student\/dzialalnosc-studencka\/organizacje-studenckie\/wydatkowanie-srodkow-na-dzialalnosc-studencka\/","title":{"rendered":"Wydatkowanie \u015brodk\u00f3w na dzia\u0142alno\u015b\u0107 studenck\u0105"},"content":{"rendered":"<p>[vc_row][vc_column]\r\n                <div class=\"text-modules\">\r\n                    <div class=\"container\">\r\n                        <h3 class=\"page-title text__title\">Wydatkowanie \u015brodk\u00f3w na dzia\u0142alno\u015b\u0107 studenck\u0105<\/h3>\r\n                        <div class=\"text-modules__content\"><p><span style=\"font-weight: 400;\">Wydatkowanie \u015brodk\u00f3w przyznanych na dzia\u0142alno\u015b\u0107 studenck\u0105 musi si\u0119 odbywa\u0107 zgodnie z procedurami obowi\u0105zuj\u0105cymi na uczelni.<\/span><\/p>\n<p><span style=\"font-weight: 400;\">Uniwersytet \u015al\u0105ski jako instytucj\u0119 publiczn\u0105 obowi\u0105zuje <\/span><a href=\"http:\/\/dzp.us.edu.pl\/sites\/dzp.us.edu.pl\/files\/imce\/akty_pop\/pzampub\/pzptj2019poz.1843.pdf\" class=\"mtli_attachment mtli_pdf\" data-mtli=\"mtli_filesize162b\" class=\"mtli_attachment mtli_pdf\" data-mtli=\"mtli_filesize162b\"><span style=\"font-weight: 400;\">Prawo zam\u00f3wie\u0144 publicznych<\/span><\/a><span style=\"font-weight: 400;\">, w zwi\u0105zku z tym ka\u017cdy wydatek ze \u015brodk\u00f3w uczelnianych musi by\u0107 realizowany zgodnie z wewn\u0119trznym <\/span><a href=\"http:\/\/dzp.us.edu.pl\/sites\/dzp.us.edu.pl\/files\/imce\/przepisy_wewn\/2019\/zal201913900regulamin.pdf\" class=\"mtli_attachment mtli_pdf\" data-mtli=\"mtli_filesize162b\" class=\"mtli_attachment mtli_pdf\" data-mtli=\"mtli_filesize162b\"><span style=\"font-weight: 400;\">Regulaminem ubiegania si\u0119 i udzielania zam\u00f3wie\u0144 publicznych<\/span><\/a><span style=\"font-weight: 400;\">.<\/span><\/p>\n<p><span style=\"font-weight: 400;\">Instrukcja wydatkowania \u015brodk\u00f3w:<\/span><\/p>\n<p><span style=\"font-weight: 400;\">1. Odbierz decyzj\u0119 o przyznanych \u015brodkach od osoby odpowiedzialnej za ewidencj\u0119 koszt\u00f3w na wydziale (ksi\u0119gowa)<\/span><\/p>\n<p><span style=\"font-weight: 400;\">2. Om\u00f3w spos\u00f3b wydatkowania \u015brodk\u00f3w z wydzia\u0142ow\u0105 ksi\u0119gow\u0105 b\u0105d\u017a pracownikiem Centrum Obs\u0142ugi Student\u00f3w. <\/span><span style=\"font-weight: 400;\"><br \/>\n<\/span><b><\/b><\/p>\n<p><strong>WA\u017bNE!<br \/>\n<\/strong>Nale\u017cy pami\u0119ta\u0107, \u017ce nie wszystko na co zosta\u0142o przyznane dofinansowanie mo\u017cna zakupi\u0107 samodzielnie. Na cz\u0119\u015b\u0107 us\u0142ug i towar\u00f3w Uniwersytet ma podpisane umowy d\u0142ugoterminowe, dlatego samodzielny zakup mo\u017ce skutkowa\u0107 brakiem mo\u017cliwo\u015bci rozliczenia koszt\u00f3w.<\/p>\n<p>&nbsp;<\/p>\n<p><span style=\"font-weight: 400;\">Wykaz wszystkich grup przedmiotowych jest dost\u0119pny w <\/span><a href=\"http:\/\/dzp.us.edu.pl\/sites\/dzp.us.edu.pl\/files\/imce\/przepisy_wewn\/2019\/zal201913902doregulaminu.pdf\" class=\"mtli_attachment mtli_pdf\" data-mtli=\"mtli_filesize162b\" class=\"mtli_attachment mtli_pdf\" data-mtli=\"mtli_filesize162b\"><span style=\"font-weight: 400;\">za\u0142\u0105czniku nr 2 do Regulaminu<\/span><\/a><span style=\"font-weight: 400;\">.<\/span><\/p>\n<p><span style=\"font-weight: 400;\">Us\u0142ugi i towary kt\u00f3rych nie mo\u017cna realizowa\u0107 samodzielnie:<\/span><\/p>\n<ul>\n<li style=\"font-weight: 400;\"><span style=\"font-weight: 400;\">Wydruki plakat\u00f3w i materia\u0142\u00f3w informacyjnych (kontakt z Centrum Promocji)<\/span><\/li>\n<li style=\"font-weight: 400;\"><span style=\"font-weight: 400;\">Transport i przew\u00f3z os\u00f3b (kontakt z Dzia\u0142em Logistyki)<\/span><\/li>\n<li style=\"font-weight: 400;\"><span style=\"font-weight: 400;\">Materia\u0142y biurowe &#8211; do pobrania jedynie w magazynie! (kontakt z ksi\u0119gowo\u015bci\u0105)<\/span><\/li>\n<li style=\"font-weight: 400;\"><span style=\"font-weight: 400;\">Wyjazdy i delegacje (kontakt z ksi\u0119gowo\u015bci\u0105)<\/span><\/li>\n<li style=\"font-weight: 400;\"><span style=\"font-weight: 400;\">Catering (kontakt z Centrum Promocji)<\/span><\/li>\n<li style=\"font-weight: 400;\"><span style=\"font-weight: 400;\">Wyjazdy zagraniczne, w tym zakup bilet\u00f3w lotniczych, noclegu i diet (kontakt z Dzia\u0142em Wsp\u00f3\u0142pracy z Zagranic\u0105)<\/span><\/li>\n<li style=\"font-weight: 400;\"><span style=\"font-weight: 400;\">Pobieranie op\u0142at konferencyjnych (kontakt z Dzia\u0142em Nauki)<\/span><\/li>\n<\/ul>\n<p>&nbsp;<\/p>\n<p><span style=\"font-weight: 400;\">3. Po ustaleniu sposobu wydatkowania nale\u017cy skontaktowa\u0107 si\u0119 z odpowiednimi dzia\u0142ami. W przypadku samodzielnego zakupu dozwolonych towar\u00f3w i us\u0142ug ka\u017cdorazowo nale\u017cy wzi\u0105\u0107 Faktur\u0119 VAT wystawion\u0105 na Uniwersytet \u015al\u0105ski w Katowicach (dane poni\u017cej). Dopuszcza si\u0119 dwie formy rozliczania faktur (wystawionych na U\u015a):<\/span><\/p>\n<ul>\n<li style=\"font-weight: 400;\"><span style=\"font-weight: 400;\">Samodzielny zakup z w\u0142asnych \u015brodk\u00f3w, dostarczenie faktury do ksi\u0119gowo\u015bci, opisanie jej zgodnie z zaleceniami oraz p\u00f3\u017aniejszy zwrot \u015brodk\u00f3w na konto<\/span><\/li>\n<li style=\"font-weight: 400;\"><span style=\"font-weight: 400;\">Pobranie faktury z odroczonym terminem p\u0142atno\u015bci (14 dni) oraz niezw\u0142oczne dostarczenie jej do ksi\u0119gowo\u015bci w celu rozliczenia z firm\u0105.<\/span><\/li>\n<\/ul>\n<p>&nbsp;<\/p>\n<p><span style=\"font-weight: 400;\">DANE DO FAKTURY<\/span><\/p>\n<p><span style=\"font-weight: 400;\">Uniwersytet \u015al\u0105ski<br \/>\n<\/span><span style=\"font-weight: 400;\">NIP: 634-019-71-34<br \/>\n<\/span>Bankowa 12<br \/>\n<span style=\"font-weight: 400;\">40-007 Katowice<\/span><\/p>\n<p>&nbsp;<\/p>\n<p><strong>WA\u017bNE!<\/strong><b><br \/>\n<\/b><span style=\"font-weight: 400;\">Tylko faktura wystawiona na Uniwersytet \u015al\u0105ski mo\u017ce zosta\u0107 rozliczona! Nale\u017cy pami\u0119ta\u0107, \u017ce faktura musi zosta\u0107 wystawiona zgodnie z za\u0142\u0105cznikiem nr 2 do Regulaminu!\u00a0<\/span><\/p>\n<p><strong>PAMI\u0118TAJ!<\/strong><span style=\"font-weight: 400;\"><br \/>\nJe\u017celi masz jakiekolwiek w\u0105tpliwo\u015bci, przed zaci\u0105gni\u0119ciem jakichkolwiek zobowi\u0105za\u0144 finansowych skontaktuj si\u0119 z osob\u0105 odpowiedzialn\u0105 za ewidencj\u0119 koszt\u00f3w na wydziale (ksi\u0119gowa) b\u0105d\u017a Centrum Obs\u0142ugi Student\u00f3w!<\/span><\/p>\n<style type=\"text\/css\">a[data-mtli~=\"mtli_filesize162b\"]:after {content:\" (162 b)\"}<\/style><\/div>\r\n                    <\/div>\r\n                <\/div>[\/vc_column][\/vc_row]<\/p>\n<style type=\"text\/css\">a[data-mtli~=\"mtli_filesize162b\"]:after {content:\" (162 b)\"}<\/style>","protected":false},"excerpt":{"rendered":"<p>[vc_row][vc_column][\/vc_column][\/vc_row] [&#8230;]<\/p>\n<p><a class=\"btn btn-secondary understrap-read-more-link\" href=\"https:\/\/us.edu.pl\/student\/dzialalnosc-studencka\/organizacje-studenckie\/wydatkowanie-srodkow-na-dzialalnosc-studencka\/\">Read More&#8230;<\/a><\/p>\n","protected":false},"author":28,"featured_media":0,"parent":9593,"menu_order":0,"comment_status":"closed","ping_status":"closed","template":"","meta":{"_expiration-date-status":"","_expiration-date":0,"_expiration-date-type":"","_expiration-date-categories":[],"_expiration-date-options":[]},"acf":[],"_links":{"self":[{"href":"https:\/\/us.edu.pl\/student\/wp-json\/wp\/v2\/pages\/16704"}],"collection":[{"href":"https:\/\/us.edu.pl\/student\/wp-json\/wp\/v2\/pages"}],"about":[{"href":"https:\/\/us.edu.pl\/student\/wp-json\/wp\/v2\/types\/page"}],"author":[{"embeddable":true,"href":"https:\/\/us.edu.pl\/student\/wp-json\/wp\/v2\/users\/28"}],"replies":[{"embeddable":true,"href":"https:\/\/us.edu.pl\/student\/wp-json\/wp\/v2\/comments?post=16704"}],"version-history":[{"count":2,"href":"https:\/\/us.edu.pl\/student\/wp-json\/wp\/v2\/pages\/16704\/revisions"}],"predecessor-version":[{"id":41671,"href":"https:\/\/us.edu.pl\/student\/wp-json\/wp\/v2\/pages\/16704\/revisions\/41671"}],"up":[{"embeddable":true,"href":"https:\/\/us.edu.pl\/student\/wp-json\/wp\/v2\/pages\/9593"}],"wp:attachment":[{"href":"https:\/\/us.edu.pl\/student\/wp-json\/wp\/v2\/media?parent=16704"}],"curies":[{"name":"wp","href":"https:\/\/api.w.org\/{rel}","templated":true}]}}