{"id":16723,"date":"2019-11-22T12:39:28","date_gmt":"2019-11-22T11:39:28","guid":{"rendered":"https:\/\/us.edu.pl\/student\/?page_id=16723"},"modified":"2023-10-03T16:01:21","modified_gmt":"2023-10-03T14:01:21","slug":"wsparcie-organizacji","status":"publish","type":"page","link":"https:\/\/us.edu.pl\/student\/dzialalnosc-studencka\/organizacje-studenckie\/wsparcie-organizacji\/","title":{"rendered":"Wsparcie organizacji"},"content":{"rendered":"<p>[vc_row][vc_column]\r\n                <div class=\"text-modules \">\r\n                    <div class=\"container\">\r\n                        <h3 class=\"section-title section-title_border-bottom\">Wsparcie organizacji<\/h3> \r\n                        <div class=\"row m-0\">\r\n                            <div class=\"text-modules__content\">\r\n                                <span style=\"font-weight: 400;\">We wszystkich kwestiach zwi\u0105zanych z obs\u0142ug\u0105 dzia\u0142alno\u015bci studenckich zapraszamy do Centrum Obs\u0142ugi Student\u00f3w.\u00a0<\/span><\/p>\n<p><span style=\"font-weight: 400;\">Je\u017celi chcesz:<\/span><\/p>\n<ul>\n<li style=\"font-weight: 400;\"><span style=\"font-weight: 400;\">dowiedzie\u0107 si\u0119 jak za\u0142o\u017cy\u0107 Ko\u0142o Naukowe<\/span><\/li>\n<li style=\"font-weight: 400;\"><span style=\"font-weight: 400;\">uzupe\u0142ni\u0107 b\u0105d\u017a uzyska\u0107 dokumentacj\u0119 Ko\u0142a<\/span><\/li>\n<li style=\"font-weight: 400;\"><span style=\"font-weight: 400;\">za\u0142o\u017cy\u0107 adres mailowy organizacji\u00a0<\/span><\/li>\n<li style=\"font-weight: 400;\"><span style=\"font-weight: 400;\">uzyska\u0107 wsparcie w realizacji swojego projektu<\/span><\/li>\n<li style=\"font-weight: 400;\"><span style=\"font-weight: 400;\">porozmawia\u0107 o finansowaniu dzia\u0142alno\u015bci studenckiej<\/span><\/li>\n<li style=\"font-weight: 400;\"><span style=\"font-weight: 400;\">uzyska\u0107 informacje odno\u015bnie sprawozda\u0144 organizacji<\/span><\/li>\n<\/ul>\n<p>&nbsp;<\/p>\n<p>&nbsp;<\/p>\n<p style=\"text-align: center;\"><span style=\"font-weight: 400;\">Zapraszamy do Studenckiej Strefy Aktywno\u015bci Studenckiej w Rektoracie!<\/span><\/p>\n<p>&nbsp;<\/p>\n<p>&nbsp;<\/p>\n<p><span style=\"font-weight: 400;\">Kontakt:<br \/>\n<\/span>ul. Bankowa 12 (parter), pok. 127<br \/>\n<span style=\"font-weight: 400;\">e-mail:<\/span> <a href=\"mailto:dlastudenta@us.edu.pl\"><span style=\"font-weight: 400;\">dlastudenta@us.edu.pl<\/span><\/a><br \/>\n<span style=\"font-weight: 400;\">tel.: (32) 359 1672<\/span><\/p>\n<p>&nbsp;<\/p>\n<div class=\"mt-3\"><\/div>\r\n                            <\/div>\r\n                            \r\n                            <div class=\"text-modules__img\"><img src=\"https:\/\/us.edu.pl\/student\/wp-content\/uploads\/sites\/3\/COS\/Organizacje-Kasia-T\/SSA-e1642506312253.jpg\" alt=\"img\"><\/div>\r\n                        <\/div>\r\n                    <\/div>\r\n                <\/div>[\/vc_column][\/vc_row]<\/p>","protected":false},"excerpt":{"rendered":"<p>[vc_row][vc_column][\/vc_column][\/vc_row] [&#8230;]<\/p>\n<p><a class=\"btn btn-secondary understrap-read-more-link\" href=\"https:\/\/us.edu.pl\/student\/dzialalnosc-studencka\/organizacje-studenckie\/wsparcie-organizacji\/\">Read More&#8230;<\/a><\/p>\n","protected":false},"author":28,"featured_media":0,"parent":9593,"menu_order":0,"comment_status":"closed","ping_status":"closed","template":"","meta":{"_expiration-date-status":"","_expiration-date":0,"_expiration-date-type":"","_expiration-date-categories":[],"_expiration-date-options":[]},"acf":[],"_links":{"self":[{"href":"https:\/\/us.edu.pl\/student\/wp-json\/wp\/v2\/pages\/16723"}],"collection":[{"href":"https:\/\/us.edu.pl\/student\/wp-json\/wp\/v2\/pages"}],"about":[{"href":"https:\/\/us.edu.pl\/student\/wp-json\/wp\/v2\/types\/page"}],"author":[{"embeddable":true,"href":"https:\/\/us.edu.pl\/student\/wp-json\/wp\/v2\/users\/28"}],"replies":[{"embeddable":true,"href":"https:\/\/us.edu.pl\/student\/wp-json\/wp\/v2\/comments?post=16723"}],"version-history":[{"count":1,"href":"https:\/\/us.edu.pl\/student\/wp-json\/wp\/v2\/pages\/16723\/revisions"}],"predecessor-version":[{"id":41583,"href":"https:\/\/us.edu.pl\/student\/wp-json\/wp\/v2\/pages\/16723\/revisions\/41583"}],"up":[{"embeddable":true,"href":"https:\/\/us.edu.pl\/student\/wp-json\/wp\/v2\/pages\/9593"}],"wp:attachment":[{"href":"https:\/\/us.edu.pl\/student\/wp-json\/wp\/v2\/media?parent=16723"}],"curies":[{"name":"wp","href":"https:\/\/api.w.org\/{rel}","templated":true}]}}