{"id":16736,"date":"2019-11-22T12:51:59","date_gmt":"2019-11-22T11:51:59","guid":{"rendered":"https:\/\/us.edu.pl\/student\/?page_id=16736"},"modified":"2019-11-22T12:51:59","modified_gmt":"2019-11-22T11:51:59","slug":"akty-prawne","status":"publish","type":"page","link":"https:\/\/us.edu.pl\/student\/dzialalnosc-studencka\/organizacje-studenckie\/akty-prawne\/","title":{"rendered":"Akty prawne"},"content":{"rendered":"<p>[vc_row][vc_column]\r\n                <div class=\"text-modules\">\r\n                    <div class=\"container\">\r\n                        <h3 class=\"page-title text__title\">Akty prawne<\/h3>\r\n                        <div class=\"text-modules__content\"><p><span style=\"font-weight: 400\">Prosimy o zapoznanie si\u0119 z podstawami prawnymi dotycz\u0105cymi funkcjonowania i finansowania organizacji studenckich na Uniwersytecie \u015al\u0105skim:<\/span><\/p>\n<ul>\n<li><a href=\"http:\/\/isap.sejm.gov.pl\/isap.nsf\/download.xsp\/WDU20180001668\/U\/D20181668Lj.pdf\" class=\"mtli_attachment mtli_pdf\" data-mtli=\"mtli_filesize1,66MB\" class=\"mtli_attachment mtli_pdf\" data-mtli=\"mtli_filesize1,66MB\"><span style=\"font-weight: 400\">art. 110-111 ustawy z dnia 20 lipca 2018 r. &#8211; Prawo o szkolnictwie wy\u017cszym i nauce<\/span><\/a><\/li>\n<li><a href=\"http:\/\/bip.us.edu.pl\/sites\/bip.us.edu.pl\/files\/zarz201369.pdf\" class=\"mtli_attachment mtli_pdf\" data-mtli=\"mtli_filesize36,44kB\" class=\"mtli_attachment mtli_pdf\" data-mtli=\"mtli_filesize36,44kB\"><span style=\"font-weight: 400\">Zarz\u0105dzenie nr 69\/2013 z dnia 20 maja 2013 r. Rektora Uniwersytetu \u015al\u0105skiego w sprawie zasad dofinansowywania dzia\u0142alno\u015bci studenckiej i dzia\u0142alno\u015bci doktorant\u00f3w (w\u0142a\u015bciwe od \u00a76)<\/span><\/a><\/li>\n<li><a href=\"http:\/\/bip.us.edu.pl\/zarzadzenie-nr-1082019\"><span style=\"font-weight: 400\">Zarz\u0105dzenie nr 108\/2019 z dnia 06-08-2019 Rektora U\u015a w sprawie uczelnianych organizacji studenckich i uczelnianych organizacji doktorant\u00f3w<\/span><\/a><\/li>\n<li><a href=\"http:\/\/www.studenci.us.edu.pl\/wp-content\/uploads\/2017\/09\/902583b9646b17c8a0c4b5713c01253b.pdf\" class=\"mtli_attachment mtli_pdf\" class=\"mtli_attachment mtli_pdf\"><span style=\"font-weight: 400\">Regulamin podzia\u0142u \u015brodk\u00f3w na dzia\u0142alno\u015b\u0107 studenck\u0105 <\/span><\/a><\/li>\n<li><a href=\"http:\/\/dzp.us.edu.pl\/sites\/dzp.us.edu.pl\/files\/imce\/przepisy_wewn\/2019\/zal201913900regulamin.pdf\" class=\"mtli_attachment mtli_pdf\" data-mtli=\"mtli_filesize162b\" class=\"mtli_attachment mtli_pdf\" data-mtli=\"mtli_filesize162b\"><span style=\"font-weight: 400\">Regulamin ubiegania si\u0119 i udzielania zam\u00f3wie\u0144 publicznych<\/span><\/a><\/li>\n<li><a href=\"http:\/\/dzp.us.edu.pl\/sites\/dzp.us.edu.pl\/files\/imce\/przepisy_wewn\/2019\/zal201913902doregulaminu.pdf\" class=\"mtli_attachment mtli_pdf\" data-mtli=\"mtli_filesize162b\" class=\"mtli_attachment mtli_pdf\" data-mtli=\"mtli_filesize162b\"><span style=\"font-weight: 400\">Zasady dotycz\u0105ce samodzielnego udzielania zam\u00f3wie\u0144 publicznych &#8211; Wykaz przedmiot\u00f3w<\/span><\/a><\/li>\n<\/ul>\n<p>\n<style type=\"text\/css\">a[data-mtli~=\"mtli_filesize1,66MB\"]:after {content:\" (1,66 MB)\"}a[data-mtli~=\"mtli_filesize36,44kB\"]:after {content:\" (36,44 kB)\"}a[data-mtli~=\"mtli_filesize162b\"]:after {content:\" (162 b)\"}<\/style><\/div>\r\n                    <\/div>\r\n                <\/div>[\/vc_column][\/vc_row]<\/p>\n<style type=\"text\/css\">a[data-mtli~=\"mtli_filesize1,66MB\"]:after {content:\" (1,66 MB)\"}a[data-mtli~=\"mtli_filesize36,44kB\"]:after {content:\" (36,44 kB)\"}a[data-mtli~=\"mtli_filesize162b\"]:after {content:\" (162 b)\"}<\/style>","protected":false},"excerpt":{"rendered":"<p>[vc_row][vc_column][\/vc_column][\/vc_row] [&#8230;]<\/p>\n<p><a class=\"btn btn-secondary understrap-read-more-link\" href=\"https:\/\/us.edu.pl\/student\/dzialalnosc-studencka\/organizacje-studenckie\/akty-prawne\/\">Read More&#8230;<\/a><\/p>\n","protected":false},"author":28,"featured_media":0,"parent":9593,"menu_order":0,"comment_status":"closed","ping_status":"closed","template":"","meta":{"_expiration-date-status":"saved","_expiration-date":0,"_expiration-date-type":"","_expiration-date-categories":[],"_expiration-date-options":[]},"acf":[],"_links":{"self":[{"href":"https:\/\/us.edu.pl\/student\/wp-json\/wp\/v2\/pages\/16736"}],"collection":[{"href":"https:\/\/us.edu.pl\/student\/wp-json\/wp\/v2\/pages"}],"about":[{"href":"https:\/\/us.edu.pl\/student\/wp-json\/wp\/v2\/types\/page"}],"author":[{"embeddable":true,"href":"https:\/\/us.edu.pl\/student\/wp-json\/wp\/v2\/users\/28"}],"replies":[{"embeddable":true,"href":"https:\/\/us.edu.pl\/student\/wp-json\/wp\/v2\/comments?post=16736"}],"version-history":[{"count":0,"href":"https:\/\/us.edu.pl\/student\/wp-json\/wp\/v2\/pages\/16736\/revisions"}],"up":[{"embeddable":true,"href":"https:\/\/us.edu.pl\/student\/wp-json\/wp\/v2\/pages\/9593"}],"wp:attachment":[{"href":"https:\/\/us.edu.pl\/student\/wp-json\/wp\/v2\/media?parent=16736"}],"curies":[{"name":"wp","href":"https:\/\/api.w.org\/{rel}","templated":true}]}}