{"id":19605,"date":"2020-03-10T12:39:01","date_gmt":"2020-03-10T11:39:01","guid":{"rendered":"https:\/\/us.edu.pl\/student\/?page_id=19605"},"modified":"2026-03-30T10:07:39","modified_gmt":"2026-03-30T08:07:39","slug":"kategorie-konkursowe","status":"publish","type":"page","link":"https:\/\/us.edu.pl\/student\/dzialalnosc-studencka\/wyroznienia-jm-rektora-us\/kategorie-konkursowe\/","title":{"rendered":"Kategorie konkursowe"},"content":{"rendered":"<p>[vc_row el_class=&#8221;container&#8221;][vc_column width=&#8221;5\/6&#8243;]\r\n                <div class=\"text-modules\">\r\n                    <div class=\"container\">\r\n                        <h3 class=\"page-title text__title\">Kategorie konkursowe<\/h3>\r\n                        <div class=\"text-modules__content\"><p><span style=\"font-weight: 400;\">Podejmij decyzj\u0119, w kt\u00f3rej z kategorii masz najwi\u0119ksze osi\u0105gni\u0119cia lub najwi\u0119cej dzia\u0142a\u0144? Niekt\u00f3re dzia\u0142ania mog\u0105 wpisywa\u0107 si\u0119 w wi\u0119cej ni\u017c jedn\u0105 kategori\u0119 &#8211; w takiej sytuacji warto wzi\u0105\u0107 pod uwag\u0119 <\/span><b>grup\u0119 docelow\u0105<\/b><span style=\"font-weight: 400;\"> lub <\/span><b>g\u0142\u00f3wny charakter czy cel dzia\u0142ania<\/b><span style=\"font-weight: 400;\">. Np. organizacja pokazu filmowego mo\u017ce by\u0107 dzia\u0142alno\u015bci\u0105 kulturaln\u0105, ale je\u015bli jest to pokaz organizowany w gronie studenckim, w\u00f3wczas mo\u017ce by\u0107 to bli\u017csze idei kategorii \u201cinicjowanie i rozwijanie \u017cycia akademickiego\u201d. Je\u015bli natomiast pokazowi towarzyszy np. prelekcja lub dyskusja z komentarzem eksperta a odbiorcami s\u0105 nie tylko studenci, w\u00f3wczas mo\u017ce by\u0107 to bardziej dzia\u0142alno\u015b\u0107 popularnonaukowa.<\/span><\/p>\n<ol>\n<li><strong><span style=\"font-size: 14pt;\">osi\u0105gni\u0119cia naukowe:<\/span><\/strong><\/li>\n<\/ol>\n<ul>\n<li style=\"font-weight: 400;\" aria-level=\"1\"><span style=\"font-weight: 400;\">w szczeg\u00f3lno\u015bci autorstwo lub wsp\u00f3\u0142autorstwo artyku\u0142\u00f3w naukowych, ksi\u0105\u017cek naukowych, patent\u00f3w, kierowanie w\u0142asnymi projektami naukowymi lub znaczny udzia\u0142 w projektach,<\/span><\/li>\n<li style=\"font-weight: 400;\" aria-level=\"1\"><span style=\"font-weight: 400;\">dodatkowo wyst\u0105pienia na konferencjach naukowych o zasi\u0119gu co najmniej og\u00f3lnopolskim, reprezentowanie Uczelni w konkursach krajowych i zagranicznych (zwyci\u0119stwa), praca w charakterze g\u0142\u00f3wnego organizatora konferencji naukowej o zasi\u0119gu co najmniej og\u00f3lnopolskim.\u00a0<\/span><\/li>\n<\/ul>\n<ol>\n<li value=\"2\"><strong><span style=\"font-size: 14pt;\">osi\u0105gni\u0119cia artystyczne:<\/span><\/strong><\/li>\n<\/ol>\n<ul>\n<li style=\"font-weight: 400;\" aria-level=\"1\"><span style=\"font-weight: 400;\">film, teatr, powie\u015b\u0107, poezja, plastyka, grafika, malarstwo, muzyka i in. jako tw\u00f3rca lub wsp\u00f3\u0142tw\u00f3rca, np. autorstwo powie\u015bci, poezji, sztuki teatralnej itp., w szczeg\u00f3lno\u015bci uzyskuj\u0105cych znacz\u0105ce nagrody.<\/span><\/li>\n<\/ul>\n<ol>\n<li value=\"3\"><span style=\"font-size: 14pt;\"><strong>osi\u0105gni\u0119cia sportowe:<\/strong><\/span><\/li>\n<\/ol>\n<ul>\n<li style=\"font-weight: 400;\" aria-level=\"1\"><span style=\"font-weight: 400;\">dowolne dyscypliny; zwyci\u0119stwa lub udzia\u0142 w konkursach i zawodach na poziomie mistrzostw akademickich, lokalnych, regionalnych, og\u00f3lnopolskich i mi\u0119dzynarodowych.<\/span><\/li>\n<\/ul>\n<ol>\n<li value=\"4\"><strong><span style=\"font-size: 14pt;\">dzia\u0142alno\u015b\u0107 popularnonaukowa:<\/span><\/strong><\/li>\n<\/ol>\n<p style=\"padding-left: 40px;\"><span style=\"font-weight: 400;\">To dzia\u0142alno\u015b\u0107 skierowana do os\u00f3b niezwi\u0105zanych zawodowo z nauk\u0105, np.<\/span><\/p>\n<ul>\n<li style=\"font-weight: 400;\" aria-level=\"1\"><span style=\"font-weight: 400;\">autorstwo publikacji popularnonaukowych (zw\u0142aszcza og\u00f3lnodost\u0119pnych),<\/span><\/li>\n<li style=\"font-weight: 400;\" aria-level=\"1\"><span style=\"font-weight: 400;\">aktywny udzia\u0142 w festiwalach nauki, dniach otwartych obejmuj\u0105cych elementy popularyzacji wiedzy naukowej, w tym w szczeg\u00f3lno\u015bci realizacja autorskich pomys\u0142\u00f3w w\u0142asnych stoisk tematycznych, warsztat\u00f3w, prelekcji, wyk\u0142ad\u00f3w,<\/span><\/li>\n<li style=\"font-weight: 400;\" aria-level=\"1\"><span style=\"font-weight: 400;\">dzia\u0142alno\u015b\u0107 taka jak prowadzenie zaj\u0119\u0107 popularnonaukowych w szko\u0142ach, organizacja konferencji naukowych i szkoleniowych, <\/span><b>kt\u00f3rych g\u0142\u00f3wnymi odbiorcami by\u0142y osoby spoza uczelni<\/b><span style=\"font-weight: 400;\">,<\/span><\/li>\n<li style=\"font-weight: 400;\" aria-level=\"1\"><span style=\"font-weight: 400;\">dzia\u0142alno\u015b\u0107 popularyzuj\u0105ca nauk\u0119 w mediach.<\/span><\/li>\n<\/ul>\n<ol>\n<li value=\"5\"><strong><span style=\"font-size: 14pt;\">dzia\u0142alno\u015b\u0107 spo\u0142eczna:<\/span><\/strong><\/li>\n<\/ol>\n<ul>\n<li style=\"font-weight: 400;\" aria-level=\"1\"><span style=\"font-weight: 400;\">dzia\u0142ania podejmowane na rzecz drugiego cz\u0142owieka, okre\u015blonych grup spo\u0142ecznych, spo\u0142eczno\u015bci lokalnej, zwierz\u0105t, \u015brodowiska przyrodniczego, integracji spo\u0142ecznej, aktywizacji zawodowej, sportowej,<\/span><\/li>\n<li style=\"font-weight: 400;\" aria-level=\"1\"><span style=\"font-weight: 400;\">np. akcje spo\u0142eczne, zbi\u00f3rki charytatywne zar\u00f3wno w Uczelni, jak i poza ni\u0105.<\/span><\/li>\n<\/ul>\n<ol>\n<li value=\"6\"><strong><span style=\"font-size: 14pt;\">dzia\u0142alno\u015b\u0107 kulturalna:<\/span><\/strong><\/li>\n<\/ol>\n<ul>\n<li style=\"font-weight: 400;\" aria-level=\"1\"><span style=\"font-weight: 400;\">realizacja w\u0142asnych projekt\u00f3w kulturalnych lub aktywny udzia\u0142 w nich jako wykonawca,<\/span><\/li>\n<li style=\"font-weight: 400;\" aria-level=\"1\"><span style=\"font-weight: 400;\">np. spotkania z tw\u00f3rcami, organizacja wystaw, akcji i projekt\u00f3w u\u0142atwiaj\u0105cych udzia\u0142 w kulturze, popularyzuj\u0105cych czytelnictwo, kultur\u0119 polsk\u0105 lub mi\u0119dzynarodow\u0105.<\/span><\/li>\n<\/ul>\n<ol>\n<li value=\"7\"><strong><span style=\"font-size: 14pt;\">inicjowanie i rozwijanie \u017cycia akademickiego:<\/span><\/strong><\/li>\n<\/ol>\n<ul>\n<li style=\"font-weight: 400;\" aria-level=\"1\"><span style=\"font-weight: 400;\">organizacja wydarze\u0144, spotka\u0144, szkole\u0144, wyjazd\u00f3w wykraczaj\u0105cych poza program studi\u00f3w i kt\u00f3rych <\/span><b>g\u0142\u00f3wnym odbiorc\u0105 s\u0105 osoby studiuj\u0105ce lub\/i realizuj\u0105ce studia doktoranckie<\/b><span style=\"font-weight: 400;\">, np. organizowanie wydarze\u0144 integruj\u0105cych, kulturalnych, szkoleniowych, spotka\u0144 k\u00f3\u0142 naukowych i innych organizacji studenckich i doktoranckich.\u00a0<\/span><\/li>\n<li>dzia\u0142alno\u015b\u0107 w samorz\u0105dzie studenckim lub doktoranckim, ko\u0142ach naukowych i innych organizacjach studenckich.<\/li>\n<\/ul>\n<p>\n<\/div>\r\n                    <\/div>\r\n                <\/div>[\/vc_column][vc_column width=&#8221;1\/6&#8243;][\/vc_column][\/vc_row]<\/p>","protected":false},"excerpt":{"rendered":"<p>[vc_row el_class=&#8221;container&#8221;][vc_column width=&#8221;5\/6&#8243;][\/vc_column][vc_column width=&#8221;1\/6&#8243;][\/vc_column][\/vc_row] [&#8230;]<\/p>\n<p><a class=\"btn btn-secondary understrap-read-more-link\" href=\"https:\/\/us.edu.pl\/student\/dzialalnosc-studencka\/wyroznienia-jm-rektora-us\/kategorie-konkursowe\/\">Read More&#8230;<\/a><\/p>\n","protected":false},"author":28,"featured_media":0,"parent":5514,"menu_order":0,"comment_status":"closed","ping_status":"closed","template":"","meta":{"_expiration-date-status":"","_expiration-date":0,"_expiration-date-type":"","_expiration-date-categories":[],"_expiration-date-options":[]},"acf":[],"_links":{"self":[{"href":"https:\/\/us.edu.pl\/student\/wp-json\/wp\/v2\/pages\/19605"}],"collection":[{"href":"https:\/\/us.edu.pl\/student\/wp-json\/wp\/v2\/pages"}],"about":[{"href":"https:\/\/us.edu.pl\/student\/wp-json\/wp\/v2\/types\/page"}],"author":[{"embeddable":true,"href":"https:\/\/us.edu.pl\/student\/wp-json\/wp\/v2\/users\/28"}],"replies":[{"embeddable":true,"href":"https:\/\/us.edu.pl\/student\/wp-json\/wp\/v2\/comments?post=19605"}],"version-history":[{"count":7,"href":"https:\/\/us.edu.pl\/student\/wp-json\/wp\/v2\/pages\/19605\/revisions"}],"predecessor-version":[{"id":61188,"href":"https:\/\/us.edu.pl\/student\/wp-json\/wp\/v2\/pages\/19605\/revisions\/61188"}],"up":[{"embeddable":true,"href":"https:\/\/us.edu.pl\/student\/wp-json\/wp\/v2\/pages\/5514"}],"wp:attachment":[{"href":"https:\/\/us.edu.pl\/student\/wp-json\/wp\/v2\/media?parent=19605"}],"curies":[{"name":"wp","href":"https:\/\/api.w.org\/{rel}","templated":true}]}}