{"id":19661,"date":"2020-03-10T13:37:34","date_gmt":"2020-03-10T12:37:34","guid":{"rendered":"https:\/\/us.edu.pl\/student\/?page_id=19661"},"modified":"2020-05-22T17:22:24","modified_gmt":"2020-05-22T15:22:24","slug":"pytania-i-odpowiedzi","status":"publish","type":"page","link":"https:\/\/us.edu.pl\/student\/dzialalnosc-studencka\/wyroznienia-jm-rektora-us\/pytania-i-odpowiedzi\/","title":{"rendered":"Pytania i odpowiedzi"},"content":{"rendered":"<p>[vc_row][vc_column]\r\n                <div class=\"text-modules\">\r\n                    <div class=\"container\">\r\n                        \r\n                        <div class=\"text-modules__content\"><\/p>\n<ul>\n<li><strong>Jakie dzia\u0142ania i osi\u0105gni\u0119cia s\u0105 nagradzane w konkursie Wyr\u00f3\u017cnie\u0144 Rektora U\u015a?<\/strong><\/li>\n<\/ul>\n<p>Wyr\u00f3\u017cnienia mog\u0105 by\u0107 przyznane za wyr\u00f3\u017cniaj\u0105ce si\u0119 i znacz\u0105ce osi\u0105gni\u0119cia w dziedzinie dzia\u0142alno\u015bci spo\u0142ecznej, sportowej, naukowej, popularnonaukowej, kulturalnej i artystycznej oraz w dzia\u0142alno\u015bci s\u0142u\u017c\u0105cej propagowaniu \u017cycia studenckiego i integrowaniu spo\u0142eczno\u015bci akademickiej Uczelni. Kandydat mo\u017ce wykazywa\u0107 dzia\u0142ania z r\u00f3\u017cnych obszar\u00f3w, przy czym przynajmniej w jednym z nich dzia\u0142alno\u015b\u0107 powinna trwa\u0107 d\u0142u\u017cej ni\u017c jeden rok akademicki.<\/p>\n<p>&nbsp;<\/p>\n<ul>\n<li><strong>Kto mo\u017ce stara\u0107 si\u0119 o Wyr\u00f3\u017cnienie Rektora U\u015a?<\/strong><\/li>\n<\/ul>\n<p>Kandydatami do Wyr\u00f3\u017cnie\u0144 mog\u0105 by\u0107 wszystkie osoby posiadaj\u0105ce status studenta lub doktoranta U\u015a. Poza tym, w ramach Uniwersytetu Otwartego o Wyr\u00f3\u017cnienie mog\u0105 stara\u0107 si\u0119 uczestnicy Uniwersytetu \u015al\u0105skiego Dzieci, Uniwersytetu \u015al\u0105skiego M\u0142odzie\u017cy, Uniwersytetu \u015al\u0105skiego Maturzyst\u00f3w, s\u0142uchacze Uniwersytetu Trzeciego Wieku i innych form kszta\u0142cenia.<\/p>\n<p>&nbsp;<\/p>\n<ul>\n<li><strong>Ile razy mo\u017cna stara\u0107 si\u0119 o Wyr\u00f3\u017cnienie Rektora U\u015a i ile razy mo\u017cna je otrzyma\u0107?<\/strong><\/li>\n<\/ul>\n<p>Mo\u017cna stara\u0107 si\u0119 o Wyr\u00f3\u017cnienie wielokrotnie, ale mo\u017cna je otrzyma\u0107 raz na ka\u017cdym z ni\u017cej okre\u015blonych etap\u00f3w kszta\u0142cenia lub uczestnictwa w Uczelni, przedstawiaj\u0105c dzia\u0142alno\u015b\u0107 lub osi\u0105gni\u0119cia z danego okresu uczenia si\u0119:<\/p>\n<p>Przyk\u0142ad 1: je\u015bli sk\u0142adasz wniosek jako student studi\u00f3w II stopnia, mo\u017cesz wykazywa\u0107 dzia\u0142alno\u015b\u0107 prowadzon\u0105 na pierwszych studiach w U\u015a (licencjackich lub magisterskich) niezale\u017cnie od kierunku.<\/p>\n<p>Przyk\u0142ad 2: je\u015bli sk\u0142adasz wniosek jako student jednolitych studi\u00f3w magisterskich, a wcze\u015bniej rozpocz\u0119\u0142a\u015b\/rozpocz\u0105\u0142e\u015b studia licencjackie, mo\u017cesz wykazywa\u0107 dzia\u0142alno\u015b\u0107 podj\u0119t\u0105 ju\u017c w trakcie pierwszych podj\u0119tych studi\u00f3w w U\u015a niezale\u017cnie od kierunku.<\/p>\n<p>Przyk\u0142ad 3: otrzymuj\u0105c Wyr\u00f3\u017cnienie jako student studi\u00f3w licencjackich nie mo\u017cna zosta\u0107 laureatem wyr\u00f3\u017cnienia w takcie nauki na studiach magisterskich, ale jak najbardziej mo\u017cna je otrzyma\u0107 jako doktorant.<\/p>\n<p>&nbsp;<\/p>\n<ul>\n<li><strong>Dzia\u0142alno\u015b\u0107 z jakiego okresu mo\u017cna wykazywa\u0107 we wniosku?<\/strong><\/li>\n<\/ul>\n<p>Kandydaci mog\u0105 wykazywa\u0107 dzia\u0142alno\u015b\u0107 od momentu rozpocz\u0119cia danego etapu kszta\u0142cenia (na kt\u00f3rym sk\u0142adaj\u0105 wniosek) do momentu wype\u0142niania formularza. Przyk\u0142adowo zar\u00f3wno doktorant, kt\u00f3ry otrzyma\u0142 ju\u017c Wyr\u00f3\u017cnienie jako student, jak i ten, kt\u00f3ry jeszcze go nie otrzyma\u0142, przedstawiaj\u0105 osi\u0105gni\u0119cia i dzia\u0142alno\u015b\u0107 od momentu rozpocz\u0119cia studi\u00f3w doktoranckich (a nie od momentu otrzymania poprzedniego Wyr\u00f3\u017cnienia). Niezale\u017cnie od tego w przypadku projekt\u00f3w, kt\u00f3re rozpocz\u0119\u0142y si\u0119 wcze\u015bniej, a s\u0105 kontynuowane na etapie, z kt\u00f3rego sk\u0142adany jest wniosek, w formularzu prosimy wpisywa\u0107 ich faktyczne daty rozpocz\u0119cia. Jest to wa\u017cne dla kontekstu oceny oraz dla przygotowania opis\u00f3w dla os\u00f3b wyr\u00f3\u017cnionych.<\/p>\n<p>&nbsp;<\/p>\n<ul>\n<li><strong>W jaki spos\u00f3b oceniane s\u0105 wnioski Kandydat\u00f3w w konkursie?<\/strong><\/li>\n<\/ul>\n<p>Konkurs Wyr\u00f3\u017cnie\u0144 JM Rektora U\u015a obejmuje bardzo r\u00f3\u017cne dzia\u0142ania. W pierwszej kolejno\u015bci wnioski oceniane s\u0105 na Wydziale, a nast\u0119pnie s\u0105 przekazywane do Centrum Obs\u0142ugi Student\u00f3w. Zawarte w nich opisy dzia\u0142alno\u015bci i osi\u0105gni\u0119\u0107 podlegaj\u0105 analizie Kapitu\u0142y Konkursowej powo\u0142anej przez JM Rektora U\u015a. W swoich pracach Kapitu\u0142a opiera si\u0119 na ocenach z Wydzia\u0142\u00f3w &#8211; niejednokrotnie opisowych, a nie tylko punktowych oraz na trzech podstawowych kryteriach: zaanga\u017cowanie i okres aktywno\u015bci (czy dzia\u0142alno\u015b\u0107 jest od jakiego\u015b czasu, jest powtarzalna?), inicjatywa w\u0142asna (czy osoba zainicjowa\u0142a dzia\u0142ania, by\u0142a pomys\u0142odawc\u0105, g\u0142\u00f3wnym organizatorem?), wyr\u00f3\u017cnianie si\u0119 (czy aktywno\u015b\u0107 kandydata wyr\u00f3\u017cnia si\u0119 na danym Wydziale lub w jednostce, osi\u0105gni\u0119cia danej osoby s\u0105 wyj\u0105tkowe na tle innych, dana osoba robi co\u015b np. ca\u0142kowicie niezwi\u0105zanego z kierunkiem studi\u00f3w, co wymaga wi\u0119kszego zaanga\u017cowania czasu czy p\u00f3j\u015bcia &#8222;pod pr\u0105d&#8221;).<\/p>\n<\/div>\r\n                    <\/div>\r\n                <\/div>[\/vc_column][\/vc_row]<\/p>","protected":false},"excerpt":{"rendered":"<p>[vc_row][vc_column][\/vc_column][\/vc_row] [&#8230;]<\/p>\n<p><a class=\"btn btn-secondary understrap-read-more-link\" href=\"https:\/\/us.edu.pl\/student\/dzialalnosc-studencka\/wyroznienia-jm-rektora-us\/pytania-i-odpowiedzi\/\">Read More&#8230;<\/a><\/p>\n","protected":false},"author":28,"featured_media":0,"parent":5514,"menu_order":0,"comment_status":"closed","ping_status":"closed","template":"","meta":{"_expiration-date-status":"saved","_expiration-date":0,"_expiration-date-type":"","_expiration-date-categories":[],"_expiration-date-options":[]},"acf":[],"_links":{"self":[{"href":"https:\/\/us.edu.pl\/student\/wp-json\/wp\/v2\/pages\/19661"}],"collection":[{"href":"https:\/\/us.edu.pl\/student\/wp-json\/wp\/v2\/pages"}],"about":[{"href":"https:\/\/us.edu.pl\/student\/wp-json\/wp\/v2\/types\/page"}],"author":[{"embeddable":true,"href":"https:\/\/us.edu.pl\/student\/wp-json\/wp\/v2\/users\/28"}],"replies":[{"embeddable":true,"href":"https:\/\/us.edu.pl\/student\/wp-json\/wp\/v2\/comments?post=19661"}],"version-history":[{"count":0,"href":"https:\/\/us.edu.pl\/student\/wp-json\/wp\/v2\/pages\/19661\/revisions"}],"up":[{"embeddable":true,"href":"https:\/\/us.edu.pl\/student\/wp-json\/wp\/v2\/pages\/5514"}],"wp:attachment":[{"href":"https:\/\/us.edu.pl\/student\/wp-json\/wp\/v2\/media?parent=19661"}],"curies":[{"name":"wp","href":"https:\/\/api.w.org\/{rel}","templated":true}]}}