{"id":19748,"date":"2020-03-11T15:19:49","date_gmt":"2020-03-11T14:19:49","guid":{"rendered":"https:\/\/us.edu.pl\/student\/?page_id=19748"},"modified":"2025-03-13T15:10:34","modified_gmt":"2025-03-13T14:10:34","slug":"studenci-i-doktoranci-roku","status":"publish","type":"page","link":"https:\/\/us.edu.pl\/student\/dzialalnosc-studencka\/wyroznienia-jm-rektora-us\/studenci-i-doktoranci-roku\/","title":{"rendered":"Studenci i Doktoranci Roku"},"content":{"rendered":"<p>[vc_row][vc_column]\r\n                <div class=\"text-modules\">\r\n                    <div class=\"container\">\r\n                        <h3 class=\"page-title text__title\">Studenci i Doktoranci Roku<\/h3>\r\n                        <div class=\"text-modules__content\"><p><span style=\"font-size: 12pt; font-family: verdana, geneva, sans-serif;\">Spo\u015br\u00f3d student\u00f3w i doktorant\u00f3w otrzymuj\u0105cych w danej edycji Wyr\u00f3\u017cnienie JM Rektora U\u015a spo\u0142eczno\u015b\u0107 uczelni poprzez g\u0142osowanie w internetowym systemie USOS wybiera osoby, kt\u00f3rym przyznany zostanie tytu\u0142 Studenta\/Studentki oraz Doktoranta\/Doktorantki Roku. Mo\u017cliwo\u015b\u0107 taka pojawi\u0142a si\u0119 w 2013 roku, a zatem od V edycji konkursu, przy czym pocz\u0105tkowo grupa student\u00f3w i doktorant\u00f3w by\u0142a traktowana \u0142\u0105cznie a od 2015 roku przeprowadzane s\u0105 oddzielne g\u0142osowania.<\/span><\/p>\n<p>&nbsp;<\/p>\n<h3><span style=\"font-size: 14pt; font-family: verdana, geneva, sans-serif;\">Student\/Studentka Roku:<\/span><\/h3>\n<p><span style=\"font-size: 12pt; font-family: verdana, geneva, sans-serif;\">2013: Joanna Zwierzy\u0144ska<\/span><\/p>\n<p><span style=\"font-size: 12pt; font-family: verdana, geneva, sans-serif;\">2014: Agnieszka Cybulska (w g\u0142osowaniu spo\u0142eczno\u015bci akademickiej) oraz Micha\u0142 Czech (wyb\u00f3r Kapitu\u0142y Konkursu)<\/span><\/p>\n<p><span style=\"font-size: 12pt; font-family: verdana, geneva, sans-serif;\">2015: Mateusz Cicho\u0144<\/span><\/p>\n<p><span style=\"font-size: 12pt; font-family: verdana, geneva, sans-serif;\">2016: Bartosz J\u0119dryszczyk<\/span><\/p>\n<p><span style=\"font-size: 12pt; font-family: verdana, geneva, sans-serif;\">2017: Aleksander Meryk<\/span><\/p>\n<p><span style=\"font-size: 12pt; font-family: verdana, geneva, sans-serif;\">2018: Martyna Gw\u00f3\u017ad\u017a<\/span><\/p>\n<p><span style=\"font-size: 12pt; font-family: verdana, geneva, sans-serif;\">2019: Agata Zwolankiewicz<\/span><\/p>\n<p><span style=\"font-size: 12pt; font-family: verdana, geneva, sans-serif;\">2020:\u00a0Pylyp Bilyi<\/span><\/p>\n<p><span style=\"font-size: 12pt; font-family: verdana, geneva, sans-serif;\">2021:\u00a0Ma\u0142gorzata Poszwa\u00a0<\/span><\/p>\n<p><span style=\"font-size: 12pt; font-family: verdana, geneva, sans-serif;\">2022:\u00a0Wojciech Wydma\u0144ski<\/span><\/p>\n<p><span style=\"font-size: 12pt; font-family: verdana, geneva, sans-serif;\">2023: <em>ex aequo <\/em><a href=\"https:\/\/us.edu.pl\/studentka-student-i-doktorant-roku-2023-wyniki-glosowania\/\">Daria Socha oraz Tomasz Janocha<\/a><\/span><\/p>\n<p><span style=\"font-size: 12pt; font-family: verdana, geneva, sans-serif;\">2024: <a href=\"https:\/\/us.edu.pl\/uroczysta-gala-xvi-edycji-wyroznien-jm-rektora-uniwersytetu-slaskiego\/\">Jan Szopa<\/a><\/span><\/p>\n<p>&nbsp;<\/p>\n<h3><span style=\"font-size: 14pt; font-family: verdana, geneva, sans-serif;\">Doktorant\/Doktorantka Roku:<\/span><\/h3>\n<p><span style=\"font-size: 12pt; font-family: verdana, geneva, sans-serif;\">2013: \u2013<\/span><\/p>\n<p><span style=\"font-size: 12pt; font-family: verdana, geneva, sans-serif;\">2014: \u2013<\/span><\/p>\n<p><span style=\"font-size: 12pt; font-family: verdana, geneva, sans-serif;\">2015: Wojciech Maczuch<\/span><\/p>\n<p><span style=\"font-size: 12pt; font-family: verdana, geneva, sans-serif;\">2016: Wojciech Osuchowski<\/span><\/p>\n<p><span style=\"font-size: 12pt; font-family: verdana, geneva, sans-serif;\">2017: Mateusz Kr\u00f3l<\/span><\/p>\n<p><span style=\"font-size: 12pt; font-family: verdana, geneva, sans-serif;\">2018: Dorota Lipi\u0144ska<\/span><\/p>\n<p><span style=\"font-size: 12pt; font-family: verdana, geneva, sans-serif;\">2019: Katarzyna Zio\u0142o<\/span><\/p>\n<p><span style=\"font-size: 12pt; font-family: verdana, geneva, sans-serif;\">2020:\u00a0Marta Fr\u0105ckowiak<\/span><\/p>\n<p><span style=\"font-size: 12pt; font-family: verdana, geneva, sans-serif;\">2021:\u00a0Marlena Drapalska-Grochowicz<\/span><\/p>\n<p><span style=\"font-size: 12pt; font-family: verdana, geneva, sans-serif;\">2022:\u00a0Mariusz Wierzgo\u0144<\/span><\/p>\n<p><span style=\"font-size: 12pt; font-family: verdana, geneva, sans-serif;\">2023: <a href=\"https:\/\/us.edu.pl\/studentka-student-i-doktorant-roku-2023-wyniki-glosowania\/\">Bartosz Baran<\/a><\/span><\/p>\n<p><span style=\"font-size: 12pt; font-family: verdana, geneva, sans-serif;\">2024: <a href=\"https:\/\/us.edu.pl\/uroczysta-gala-xvi-edycji-wyroznien-jm-rektora-uniwersytetu-slaskiego\/\">Karolina Kowalska<\/a><\/span><\/p>\n<\/div>\r\n                    <\/div>\r\n                <\/div>[\/vc_column][\/vc_row]<\/p>","protected":false},"excerpt":{"rendered":"<p>[vc_row][vc_column][\/vc_column][\/vc_row] [&#8230;]<\/p>\n<p><a class=\"btn btn-secondary understrap-read-more-link\" href=\"https:\/\/us.edu.pl\/student\/dzialalnosc-studencka\/wyroznienia-jm-rektora-us\/studenci-i-doktoranci-roku\/\">Read More&#8230;<\/a><\/p>\n","protected":false},"author":28,"featured_media":0,"parent":5514,"menu_order":0,"comment_status":"closed","ping_status":"closed","template":"","meta":{"_expiration-date-status":"","_expiration-date":0,"_expiration-date-type":"","_expiration-date-categories":[],"_expiration-date-options":[]},"acf":[],"_links":{"self":[{"href":"https:\/\/us.edu.pl\/student\/wp-json\/wp\/v2\/pages\/19748"}],"collection":[{"href":"https:\/\/us.edu.pl\/student\/wp-json\/wp\/v2\/pages"}],"about":[{"href":"https:\/\/us.edu.pl\/student\/wp-json\/wp\/v2\/types\/page"}],"author":[{"embeddable":true,"href":"https:\/\/us.edu.pl\/student\/wp-json\/wp\/v2\/users\/28"}],"replies":[{"embeddable":true,"href":"https:\/\/us.edu.pl\/student\/wp-json\/wp\/v2\/comments?post=19748"}],"version-history":[{"count":9,"href":"https:\/\/us.edu.pl\/student\/wp-json\/wp\/v2\/pages\/19748\/revisions"}],"predecessor-version":[{"id":51333,"href":"https:\/\/us.edu.pl\/student\/wp-json\/wp\/v2\/pages\/19748\/revisions\/51333"}],"up":[{"embeddable":true,"href":"https:\/\/us.edu.pl\/student\/wp-json\/wp\/v2\/pages\/5514"}],"wp:attachment":[{"href":"https:\/\/us.edu.pl\/student\/wp-json\/wp\/v2\/media?parent=19748"}],"curies":[{"name":"wp","href":"https:\/\/api.w.org\/{rel}","templated":true}]}}