{"id":21752,"date":"2020-06-22T15:32:29","date_gmt":"2020-06-22T13:32:29","guid":{"rendered":"https:\/\/us.edu.pl\/student\/?page_id=21752"},"modified":"2020-06-22T15:40:44","modified_gmt":"2020-06-22T13:40:44","slug":"dzialalnosc-naukowa","status":"publish","type":"page","link":"https:\/\/us.edu.pl\/student\/dzialalnosc-naukowa\/","title":{"rendered":"dzia\u0142alno\u015b\u0107 naukowa"},"content":{"rendered":"<p>[vc_row][vc_column]\r\n                <div class=\"tiles-section\" style=\"background: \">\r\n                    <div class=\"container\">\r\n                        <div class=\"tiles tiles-3 color-blue\">\r\n                            <a href=\"https:\/\/us.edu.pl\/student\/dzialalnosc-naukowa\/dzialalnosc-naukowa-osiagniecia-naukowe\/\" class=\"tile tile_2\">\r\n                                <div class=\"tile__img\">\r\n                                    \r\n                                <\/div>\r\n                                <div class=\"tile__title-small\"><\/div>\r\n                                <div class=\"tile__title-big\">osi\u0105gni\u0119cia naukowe<\/div>\r\n                            <\/a>\r\n                            <a href=\"http:\/\/www.grantyrektora.us.edu.pl\/\" class=\"tile tile_2\">\r\n                                <div class=\"tile__img\">\r\n                                    \r\n                                <\/div>\r\n                                <div class=\"tile__title-small\"><\/div>\r\n                                <div class=\"tile__title-big\">Granty rektora<\/div>\r\n                            <\/a>\r\n                            <a href=\"https:\/\/www.gov.pl\/web\/nauka\/stypendia-ministra-dla-studentow-i-doktorantow-za-wybitne-osiagniecia-naukowe\" class=\"tile tile_2\">\r\n                                <div class=\"tile__img\">\r\n                                    \r\n                                <\/div>\r\n                                <div class=\"tile__title-small\"><\/div>\r\n                                <div class=\"tile__title-big\">stypendium Ministra<\/div>\r\n                            <\/a><\/div>\r\n                    <\/div>\r\n                <\/div>\r\n                [\/vc_column][\/vc_row]<\/p>","protected":false},"excerpt":{"rendered":"<p>[vc_row][vc_column][\/vc_column][\/vc_row] [&#8230;]<\/p>\n<p><a class=\"btn btn-secondary understrap-read-more-link\" href=\"https:\/\/us.edu.pl\/student\/dzialalnosc-naukowa\/\">Read More&#8230;<\/a><\/p>\n","protected":false},"author":28,"featured_media":0,"parent":0,"menu_order":0,"comment_status":"closed","ping_status":"closed","template":"","meta":{"_expiration-date-status":"saved","_expiration-date":0,"_expiration-date-type":"","_expiration-date-categories":[],"_expiration-date-options":[]},"acf":[],"_links":{"self":[{"href":"https:\/\/us.edu.pl\/student\/wp-json\/wp\/v2\/pages\/21752"}],"collection":[{"href":"https:\/\/us.edu.pl\/student\/wp-json\/wp\/v2\/pages"}],"about":[{"href":"https:\/\/us.edu.pl\/student\/wp-json\/wp\/v2\/types\/page"}],"author":[{"embeddable":true,"href":"https:\/\/us.edu.pl\/student\/wp-json\/wp\/v2\/users\/28"}],"replies":[{"embeddable":true,"href":"https:\/\/us.edu.pl\/student\/wp-json\/wp\/v2\/comments?post=21752"}],"version-history":[{"count":0,"href":"https:\/\/us.edu.pl\/student\/wp-json\/wp\/v2\/pages\/21752\/revisions"}],"wp:attachment":[{"href":"https:\/\/us.edu.pl\/student\/wp-json\/wp\/v2\/media?parent=21752"}],"curies":[{"name":"wp","href":"https:\/\/api.w.org\/{rel}","templated":true}]}}