{"id":21793,"date":"2020-06-22T15:48:33","date_gmt":"2020-06-22T13:48:33","guid":{"rendered":"https:\/\/us.edu.pl\/student\/?page_id=21793"},"modified":"2025-09-08T13:12:43","modified_gmt":"2025-09-08T11:12:43","slug":"kariera-i-rozwoj","status":"publish","type":"page","link":"https:\/\/us.edu.pl\/student\/kariera-i-rozwoj\/","title":{"rendered":"kariera i rozw\u00f3j"},"content":{"rendered":"<p>[vc_row][vc_column]\r\n                <div class=\"text-modules\">\r\n                    <div class=\"container\">\r\n                        \r\n                        <div class=\"text-modules__content\"><p><img class=\"alignnone wp-image-43716 size-full\" src=\"https:\/\/us.edu.pl\/student\/wp-content\/uploads\/sites\/3\/BK\/slajder-na-strone_BK-2.png\" alt=\"Na \u015brodku napis, Biuro Karier Miejsce na Twoj\u0105 karier\u0119\" width=\"1600\" height=\"600\" srcset=\"https:\/\/us.edu.pl\/student\/wp-content\/uploads\/sites\/3\/BK\/slajder-na-strone_BK-2.png 1600w, https:\/\/us.edu.pl\/student\/wp-content\/uploads\/sites\/3\/BK\/slajder-na-strone_BK-2-300x113.png 300w, https:\/\/us.edu.pl\/student\/wp-content\/uploads\/sites\/3\/BK\/slajder-na-strone_BK-2-1024x384.png 1024w, https:\/\/us.edu.pl\/student\/wp-content\/uploads\/sites\/3\/BK\/slajder-na-strone_BK-2-768x288.png 768w, https:\/\/us.edu.pl\/student\/wp-content\/uploads\/sites\/3\/BK\/slajder-na-strone_BK-2-1536x576.png 1536w, https:\/\/us.edu.pl\/student\/wp-content\/uploads\/sites\/3\/BK\/slajder-na-strone_BK-2-575x216.png 575w\" sizes=\"(max-width: 1600px) 100vw, 1600px\" \/><\/p>\n<\/div>\r\n                    <\/div>\r\n                <\/div>\r\n                            \r\n            <div class=\"announcement-loop loop-section color-blue\" style=\"background-color: \">\r\n                <div class=\"container\">\r\n\r\n                    <div class=\"announcement-loop-top loop-section-top\">\r\n                        <h2 class=\"section-title\"><\/h2>\r\n                        \r\n                        <div class=\"announcement-loop-top_right loop-section-top__right\">\r\n                             <a href = \"https:\/\/us.edu.pl\/student\/komunikaty\/\" class=\"link-button \" > Wszystko<\/a>\r\n                        <\/div> \r\n                    <\/div>\r\n\r\n                    <div class=\"announcement-loop-main\">\r\n            \r\n                <article class=\"announcement-loop-post carousel-slide\">\r\n                    \r\n                    <a href=\"https:\/\/us.edu.pl\/student\/komunikaty\/miedzynarodowe-sympozjum-poswiecone-przyszlosci-pracy-i-zatrudnienia\/\">    <h3 class=\"article-title announcement-loop-post__title\">Mi\u0119dzynarodowe Sympozjum po\u015bwi\u0119cone przysz\u0142o\u015bci pracy i zatrudnienia<\/h3> <\/a>\r\n                        \r\n                    <a href=\"https:\/\/us.edu.pl\/student\/komunikaty\/miedzynarodowe-sympozjum-poswiecone-przyszlosci-pracy-i-zatrudnienia\/\">     <div class=\"announcement-loop-post__text\">[vc_row][vc_column]\u015awiat dynamicznie zmienia si\u0119, tak\u017ce praca i rynek zatrudnienia. Warto by\u0107 na bie\u017c\u0105co obserwuj\u0105c trendy i tendencje. 18 maja br. we\u017a udzia\u0142 w mi\u0119dzynarodowym Sympozjum po\u015bwi\u0119conym przysz\u0142o\u015bci zatrudnienia i rozw...<\/div> <\/a>\r\n                    \r\n                     <a href=\"https:\/\/us.edu.pl\/student\/komunikaty\/miedzynarodowe-sympozjum-poswiecone-przyszlosci-pracy-i-zatrudnienia\/\">   <div class=\"announcement-loop-post__more\">wi\u0119cej...<\/div> <\/a>\r\n                    \r\n                <\/article>\r\n            \r\n                <article class=\"announcement-loop-post carousel-slide\">\r\n                    \r\n                    <a href=\"https:\/\/us.edu.pl\/student\/komunikaty\/t4eu-bootcamp-dziedzictwo-a-antropocen-przewidywanie-przyszlosci\/\">    <h3 class=\"article-title announcement-loop-post__title\">T4EU BOOTCAMP: Dziedzictwo a Antropocen &#8211; przewidywanie przysz\u0142o\u015bci<\/h3> <\/a>\r\n                        \r\n                    <a href=\"https:\/\/us.edu.pl\/student\/komunikaty\/t4eu-bootcamp-dziedzictwo-a-antropocen-przewidywanie-przyszlosci\/\">     <div class=\"announcement-loop-post__text\">[vc_row][vc_column]Jak dziedzictwo zmienia si\u0119 w epoce Antropocenu? Je\u015bli jeste\u015b studentk\u0105 lub studentem studi\u00f3w magisterskich albo doktoranckich i interesuj\u0105 Ci\u0119 krytyczne studia nad dziedzictwem, przysz\u0142o\u015bci\u0105 kultury i relacjami lud...<\/div> <\/a>\r\n                    \r\n                     <a href=\"https:\/\/us.edu.pl\/student\/komunikaty\/t4eu-bootcamp-dziedzictwo-a-antropocen-przewidywanie-przyszlosci\/\">   <div class=\"announcement-loop-post__more\">wi\u0119cej...<\/div> <\/a>\r\n                    \r\n                <\/article>\r\n            \r\n                <article class=\"announcement-loop-post carousel-slide\">\r\n                    \r\n                    <a href=\"https:\/\/us.edu.pl\/student\/komunikaty\/wydarzenie-bk-szkolenie-wstep-do-perswazji\/\">    <h3 class=\"article-title announcement-loop-post__title\">Wydarzenie BK: Szkolenie \u201eWst\u0119p do perswazji\u201d<\/h3> <\/a>\r\n                        \r\n                    <a href=\"https:\/\/us.edu.pl\/student\/komunikaty\/wydarzenie-bk-szkolenie-wstep-do-perswazji\/\">     <div class=\"announcement-loop-post__text\">[vc_row][vc_column]W dniu 27 maja 2026 roku w godz. 13.00 \u2013 15.00 zapraszamy na bezp\u0142atne szkolenie stacjonarne \u201eWst\u0119p do perswazji\u201d w spinPLACE z Mateuszem Roma\u0144czukiewiczem. [...]<p><a class=\"btn btn-secondary understrap-read-more-li...<\/div> <\/a>\r\n                    \r\n                     <a href=\"https:\/\/us.edu.pl\/student\/komunikaty\/wydarzenie-bk-szkolenie-wstep-do-perswazji\/\">   <div class=\"announcement-loop-post__more\">wi\u0119cej...<\/div> <\/a>\r\n                    \r\n                <\/article>\r\n            \r\n                <article class=\"announcement-loop-post carousel-slide\">\r\n                    \r\n                    <a href=\"https:\/\/us.edu.pl\/student\/komunikaty\/program-ai-ready\/\">    <h3 class=\"article-title announcement-loop-post__title\">Program AI Ready<\/h3> <\/a>\r\n                        \r\n                    <a href=\"https:\/\/us.edu.pl\/student\/komunikaty\/program-ai-ready\/\">     <div class=\"announcement-loop-post__text\">[vc_row][vc_column]Do 30 czerwca br. mo\u017cesz wzi\u0105\u0107 udzia\u0142 w bezp\u0142atnym programie AI Ready, przygotowanym przez Microsoft oraz Fundacj\u0119 Econverse. [...]<p><a class=\"btn btn-secondary understrap-read-more-link\" href=\"https:\/\/us.edu.pl\/studen...<\/div> <\/a>\r\n                    \r\n                     <a href=\"https:\/\/us.edu.pl\/student\/komunikaty\/program-ai-ready\/\">   <div class=\"announcement-loop-post__more\">wi\u0119cej...<\/div> <\/a>\r\n                    \r\n                <\/article>\r\n            \r\n                <article class=\"announcement-loop-post carousel-slide\">\r\n                    \r\n                    <a href=\"https:\/\/us.edu.pl\/student\/komunikaty\/career-turn-bezplatny-program-rozwoju-zawodowego-online\/\">    <h3 class=\"article-title announcement-loop-post__title\">Career Turn \u2013 bezp\u0142atny program rozwoju zawodowego online<\/h3> <\/a>\r\n                        \r\n                    <a href=\"https:\/\/us.edu.pl\/student\/komunikaty\/career-turn-bezplatny-program-rozwoju-zawodowego-online\/\">     <div class=\"announcement-loop-post__text\">[vc_row][vc_column]W dniach 27 lipca \u2013 7 sierpnia 2026 r. odb\u0119dzie si\u0119 kolejna edycja programu Career Turn realizowanego w formule online przez Fundacj\u0119 Stella Virium. [...]<p><a class=\"btn btn-secondary understrap-read-more-link\" href=\"ht...<\/div> <\/a>\r\n                    \r\n                     <a href=\"https:\/\/us.edu.pl\/student\/komunikaty\/career-turn-bezplatny-program-rozwoju-zawodowego-online\/\">   <div class=\"announcement-loop-post__more\">wi\u0119cej...<\/div> <\/a>\r\n                    \r\n                <\/article>\r\n            \r\n                <article class=\"announcement-loop-post carousel-slide\">\r\n                    \r\n                    <a href=\"https:\/\/us.edu.pl\/student\/komunikaty\/program-rozwojowy-fearless-together-3-0\/\">    <h3 class=\"article-title announcement-loop-post__title\">Program rozwojowy Fearless Together 3.0<\/h3> <\/a>\r\n                        \r\n                    <a href=\"https:\/\/us.edu.pl\/student\/komunikaty\/program-rozwojowy-fearless-together-3-0\/\">     <div class=\"announcement-loop-post__text\">[vc_row][vc_column]My\u015blisz o karierze w finansach i chcesz zdoby\u0107 kompetencje, kt\u00f3re pomog\u0105 Ci wyr\u00f3\u017cni\u0107 si\u0119 na rynku pracy? We\u017a udzia\u0142 w 3. edycji programu Fearless Together i rozpocznij swoj\u0105 drog\u0119 zawodow\u0105 z solidnym przygotowani...<\/div> <\/a>\r\n                    \r\n                     <a href=\"https:\/\/us.edu.pl\/student\/komunikaty\/program-rozwojowy-fearless-together-3-0\/\">   <div class=\"announcement-loop-post__more\">wi\u0119cej...<\/div> <\/a>\r\n                    \r\n                <\/article><\/div>\r\n                    \r\n                    <div class=\"announcement-loop-main announcement-loop-main_responsive carousel\">\r\n                    \r\n                        <a href = \"#\" data-slide = \"prev\" class=\"arrow\" >\r\n                            <em class=\"ci ci-angle-left\" ><\/em >\r\n                            <span class=\"d-none\" > arrow<\/span >\r\n                        <\/a>\r\n    \r\n                        <a href = \"#\" data-slide = \"next\" class=\"arrow\" >\r\n                            <em class=\"ci ci-angle-right\" ><\/em >\r\n                            <span class=\"d-none\" > arrow<\/span >\r\n                        <\/a>\r\n                    \r\n                        <div class=\"row items\">\r\n            \r\n                <article class=\"announcement-loop-post carousel-slide\">\r\n                    \r\n                    <a href=\"https:\/\/us.edu.pl\/student\/komunikaty\/miedzynarodowe-sympozjum-poswiecone-przyszlosci-pracy-i-zatrudnienia\/\">    <h3 class=\"article-title announcement-loop-post__title\">Mi\u0119dzynarodowe Sympozjum po\u015bwi\u0119cone przysz\u0142o\u015bci pracy i zatrudnienia<\/h3> <\/a>\r\n                        \r\n                    <a href=\"https:\/\/us.edu.pl\/student\/komunikaty\/miedzynarodowe-sympozjum-poswiecone-przyszlosci-pracy-i-zatrudnienia\/\">     <div class=\"announcement-loop-post__text\">[vc_row][vc_column]\u015awiat dynamicznie zmienia si\u0119, tak\u017ce praca i rynek zatrudnienia. Warto by\u0107 na bie\u017c\u0105co obserwuj\u0105c trendy i tendencje. 18 maja br. we\u017a udzia\u0142 w mi\u0119dzynarodowym Sympozjum po\u015bwi\u0119conym przysz\u0142o\u015bci zatrudnienia i rozw...<\/div> <\/a>\r\n                    \r\n                     <a href=\"https:\/\/us.edu.pl\/student\/komunikaty\/miedzynarodowe-sympozjum-poswiecone-przyszlosci-pracy-i-zatrudnienia\/\">   <div class=\"announcement-loop-post__more\">wi\u0119cej...<\/div> <\/a>\r\n                    \r\n                <\/article>\r\n            \r\n                <article class=\"announcement-loop-post carousel-slide\">\r\n                    \r\n                    <a href=\"https:\/\/us.edu.pl\/student\/komunikaty\/t4eu-bootcamp-dziedzictwo-a-antropocen-przewidywanie-przyszlosci\/\">    <h3 class=\"article-title announcement-loop-post__title\">T4EU BOOTCAMP: Dziedzictwo a Antropocen &#8211; przewidywanie przysz\u0142o\u015bci<\/h3> <\/a>\r\n                        \r\n                    <a href=\"https:\/\/us.edu.pl\/student\/komunikaty\/t4eu-bootcamp-dziedzictwo-a-antropocen-przewidywanie-przyszlosci\/\">     <div class=\"announcement-loop-post__text\">[vc_row][vc_column]Jak dziedzictwo zmienia si\u0119 w epoce Antropocenu? Je\u015bli jeste\u015b studentk\u0105 lub studentem studi\u00f3w magisterskich albo doktoranckich i interesuj\u0105 Ci\u0119 krytyczne studia nad dziedzictwem, przysz\u0142o\u015bci\u0105 kultury i relacjami lud...<\/div> <\/a>\r\n                    \r\n                     <a href=\"https:\/\/us.edu.pl\/student\/komunikaty\/t4eu-bootcamp-dziedzictwo-a-antropocen-przewidywanie-przyszlosci\/\">   <div class=\"announcement-loop-post__more\">wi\u0119cej...<\/div> <\/a>\r\n                    \r\n                <\/article>\r\n            \r\n                <article class=\"announcement-loop-post carousel-slide\">\r\n                    \r\n                    <a href=\"https:\/\/us.edu.pl\/student\/komunikaty\/wydarzenie-bk-szkolenie-wstep-do-perswazji\/\">    <h3 class=\"article-title announcement-loop-post__title\">Wydarzenie BK: Szkolenie \u201eWst\u0119p do perswazji\u201d<\/h3> <\/a>\r\n                        \r\n                    <a href=\"https:\/\/us.edu.pl\/student\/komunikaty\/wydarzenie-bk-szkolenie-wstep-do-perswazji\/\">     <div class=\"announcement-loop-post__text\">[vc_row][vc_column]W dniu 27 maja 2026 roku w godz. 13.00 \u2013 15.00 zapraszamy na bezp\u0142atne szkolenie stacjonarne \u201eWst\u0119p do perswazji\u201d w spinPLACE z Mateuszem Roma\u0144czukiewiczem. [...]<p><a class=\"btn btn-secondary understrap-read-more-li...<\/div> <\/a>\r\n                    \r\n                     <a href=\"https:\/\/us.edu.pl\/student\/komunikaty\/wydarzenie-bk-szkolenie-wstep-do-perswazji\/\">   <div class=\"announcement-loop-post__more\">wi\u0119cej...<\/div> <\/a>\r\n                    \r\n                <\/article>\r\n            \r\n                <article class=\"announcement-loop-post carousel-slide\">\r\n                    \r\n                    <a href=\"https:\/\/us.edu.pl\/student\/komunikaty\/program-ai-ready\/\">    <h3 class=\"article-title announcement-loop-post__title\">Program AI Ready<\/h3> <\/a>\r\n                        \r\n                    <a href=\"https:\/\/us.edu.pl\/student\/komunikaty\/program-ai-ready\/\">     <div class=\"announcement-loop-post__text\">[vc_row][vc_column]Do 30 czerwca br. mo\u017cesz wzi\u0105\u0107 udzia\u0142 w bezp\u0142atnym programie AI Ready, przygotowanym przez Microsoft oraz Fundacj\u0119 Econverse. [...]<p><a class=\"btn btn-secondary understrap-read-more-link\" href=\"https:\/\/us.edu.pl\/studen...<\/div> <\/a>\r\n                    \r\n                     <a href=\"https:\/\/us.edu.pl\/student\/komunikaty\/program-ai-ready\/\">   <div class=\"announcement-loop-post__more\">wi\u0119cej...<\/div> <\/a>\r\n                    \r\n                <\/article>\r\n            \r\n                <article class=\"announcement-loop-post carousel-slide\">\r\n                    \r\n                    <a href=\"https:\/\/us.edu.pl\/student\/komunikaty\/career-turn-bezplatny-program-rozwoju-zawodowego-online\/\">    <h3 class=\"article-title announcement-loop-post__title\">Career Turn \u2013 bezp\u0142atny program rozwoju zawodowego online<\/h3> <\/a>\r\n                        \r\n                    <a href=\"https:\/\/us.edu.pl\/student\/komunikaty\/career-turn-bezplatny-program-rozwoju-zawodowego-online\/\">     <div class=\"announcement-loop-post__text\">[vc_row][vc_column]W dniach 27 lipca \u2013 7 sierpnia 2026 r. odb\u0119dzie si\u0119 kolejna edycja programu Career Turn realizowanego w formule online przez Fundacj\u0119 Stella Virium. [...]<p><a class=\"btn btn-secondary understrap-read-more-link\" href=\"ht...<\/div> <\/a>\r\n                    \r\n                     <a href=\"https:\/\/us.edu.pl\/student\/komunikaty\/career-turn-bezplatny-program-rozwoju-zawodowego-online\/\">   <div class=\"announcement-loop-post__more\">wi\u0119cej...<\/div> <\/a>\r\n                    \r\n                <\/article>\r\n            \r\n                <article class=\"announcement-loop-post carousel-slide\">\r\n                    \r\n                    <a href=\"https:\/\/us.edu.pl\/student\/komunikaty\/program-rozwojowy-fearless-together-3-0\/\">    <h3 class=\"article-title announcement-loop-post__title\">Program rozwojowy Fearless Together 3.0<\/h3> <\/a>\r\n                        \r\n                    <a href=\"https:\/\/us.edu.pl\/student\/komunikaty\/program-rozwojowy-fearless-together-3-0\/\">     <div class=\"announcement-loop-post__text\">[vc_row][vc_column]My\u015blisz o karierze w finansach i chcesz zdoby\u0107 kompetencje, kt\u00f3re pomog\u0105 Ci wyr\u00f3\u017cni\u0107 si\u0119 na rynku pracy? We\u017a udzia\u0142 w 3. edycji programu Fearless Together i rozpocznij swoj\u0105 drog\u0119 zawodow\u0105 z solidnym przygotowani...<\/div> <\/a>\r\n                    \r\n                     <a href=\"https:\/\/us.edu.pl\/student\/komunikaty\/program-rozwojowy-fearless-together-3-0\/\">   <div class=\"announcement-loop-post__more\">wi\u0119cej...<\/div> <\/a>\r\n                    \r\n                <\/article><\/div>\r\n                    <\/div>\r\n                <\/div>\r\n            <\/div>\r\n            \r\n                <div class=\"text-modules \">\r\n                    <div class=\"container\">\r\n                        <h3 class=\"section-title section-title_border-bottom\">Biuro Karier Uniwersytetu \u015al\u0105skiego<\/h3> \r\n                        <div class=\"row m-0\">\r\n                            <div class=\"text-modules__content\">\r\n                                Biuro Karier dzia\u0142a z my\u015bl\u0105 o studentach i absolwentach Uniwersytetu \u015al\u0105skiego w Katowicach na rynku pracy. Naszym celem jest szeroko poj\u0119te wspieranie rozwoju ich kariery zawodowej.<br \/>\nPracodawcom oferujemy natomiast mo\u017cliwo\u015b\u0107 zaistnienia w \u015bwiadomo\u015bci student\u00f3w i absolwent\u00f3w, a tak\u017ce pomoc w poszukiwaniu wykwalifikowanej kadry. \r\n                                <div class=\"mt-3\"><\/div>\r\n                            <\/div>\r\n                            \r\n                            \r\n                        <\/div>\r\n                    <\/div>\r\n                <\/div>[\/vc_column][\/vc_row][vc_row el_class=&#8221;container&#8221;][vc_column width=&#8221;1\/2&#8243;]\r\n                <div class=\"text-modules\">\r\n                    <div class=\"container\">\r\n                        \r\n                        <div class=\"text-modules__content\"><\/p>\n<p style=\"text-align: right;\">godziny otwarcia: poniedzia\u0142ek-pi\u0105tek, 7:30 \u2013 15:30<br \/>\ne-mail: <a href=\"mailto:bk@us.edu.pl\">bk@us.edu.pl<\/a><br \/>\ntel. 32 359 20 32, 32 359 19 82, 32 359 19 77.<\/p>\n<p>\n<\/div>\r\n                    <\/div>\r\n                <\/div>[\/vc_column][vc_column width=&#8221;1\/2&#8243;]\r\n                <div class=\"text-modules\">\r\n                    <div class=\"container\">\r\n                        \r\n                        <div class=\"text-modules__content\"><\/p>\n<p style=\"text-align: left;\">budynek spinPLACE<br \/>\nul. Bankowa 5, 40-007 Katowice<br \/>\npokoje A 3.1 \u2013 A 3.5 (III pi\u0119tro)<\/p>\n<p>\n<\/div>\r\n                    <\/div>\r\n                <\/div>[\/vc_column][\/vc_row]<\/p>","protected":false},"excerpt":{"rendered":"<p>[vc_row][vc_column][\/vc_column][\/vc_row][vc_row el_class=&#8221;container&#8221;][vc_column width=&#8221;1\/2&#8243;][\/vc_column][vc_column width=&#8221;1\/2&#8243;][\/vc_column][\/vc_row] [&#8230;]<\/p>\n<p><a class=\"btn btn-secondary understrap-read-more-link\" href=\"https:\/\/us.edu.pl\/student\/kariera-i-rozwoj\/\">Read More&#8230;<\/a><\/p>\n","protected":false},"author":28,"featured_media":0,"parent":0,"menu_order":0,"comment_status":"closed","ping_status":"closed","template":"page-templates\/page-with-sidebar.php","meta":{"_expiration-date-status":"","_expiration-date":0,"_expiration-date-type":"","_expiration-date-categories":[],"_expiration-date-options":[]},"acf":[],"_links":{"self":[{"href":"https:\/\/us.edu.pl\/student\/wp-json\/wp\/v2\/pages\/21793"}],"collection":[{"href":"https:\/\/us.edu.pl\/student\/wp-json\/wp\/v2\/pages"}],"about":[{"href":"https:\/\/us.edu.pl\/student\/wp-json\/wp\/v2\/types\/page"}],"author":[{"embeddable":true,"href":"https:\/\/us.edu.pl\/student\/wp-json\/wp\/v2\/users\/28"}],"replies":[{"embeddable":true,"href":"https:\/\/us.edu.pl\/student\/wp-json\/wp\/v2\/comments?post=21793"}],"version-history":[{"count":11,"href":"https:\/\/us.edu.pl\/student\/wp-json\/wp\/v2\/pages\/21793\/revisions"}],"predecessor-version":[{"id":40675,"href":"https:\/\/us.edu.pl\/student\/wp-json\/wp\/v2\/pages\/21793\/revisions\/40675"}],"wp:attachment":[{"href":"https:\/\/us.edu.pl\/student\/wp-json\/wp\/v2\/media?parent=21793"}],"curies":[{"name":"wp","href":"https:\/\/api.w.org\/{rel}","templated":true}]}}