{"id":23198,"date":"2020-08-18T14:58:16","date_gmt":"2020-08-18T12:58:16","guid":{"rendered":"https:\/\/us.edu.pl\/student\/?page_id=23198"},"modified":"2020-08-18T16:14:15","modified_gmt":"2020-08-18T14:14:15","slug":"pylyp-bilyi","status":"publish","type":"page","link":"https:\/\/us.edu.pl\/student\/dzialalnosc-studencka\/wyroznienia-jm-rektora-us\/laureaci-poprzednich-edycji\/laureaci-xii-edycji\/studenci\/pylyp-bilyi\/","title":{"rendered":"Pylyp Bilyi"},"content":{"rendered":"<p>[vc_row][vc_column]\r\n                <div class=\"text-modules \">\r\n                    <div class=\"container\">\r\n                         <h3 class=\"subtitle text-modules__subtitle\">Pylyp Bilyi<\/h3>\r\n                        <div class=\"row m-0\">\r\n                            <div class=\"text-modules__content\">\r\n                                <span style=\"font-weight: 400\">Otrzyma\u0142 Wyr\u00f3\u017cnienie Rektora U\u015a za <\/span><b>dzia\u0142alno\u015b\u0107 popularnonaukow\u0105 <\/b><span style=\"font-weight: 400\">jako student II roku studi\u00f3w magisterskich na kierunku filozofia. Za\u0142o\u017cyciel &#8222;Filozofia tak bardzo&#8221; jako strony na Facebooku, profilu na instagramie i miejsca na platformie discord. W ramach tej inicjatywy jest autorem mem\u00f3w i organizatorem spotka\u0144 online. Od kwietnia 2020 jego dzia\u0142ania przenios\u0142y si\u0119 do \u015bwiata wirtualnego i do maja 2020 przeprowadzi\u0142 17 spotka\u0144 online na discordzie z udzia\u0142em gimnazjalist\u00f3w, licealist\u00f3w i student\u00f3w z r\u00f3\u017cnych \u015brodowisk filozoficznych itd. Od 2016 roku aktywnie dzia\u0142a w Kole Naukowym Filozof\u00f3w U\u015a, do 2019 roku jako jego przewodnicz\u0105cy. Cz\u0142onek, prelegent i fotograf w Klubie Dyskusyjnym U\u015a. Prowadzi\u0142 warsztaty filozoficzne dla licealist\u00f3w (2018). Wsp\u00f3\u0142organizator konferencji po\u015bwi\u0119conej kszta\u0142ceniu Eduholism (2019) oraz Nicolai Hartmann International Conference (2019). Podejmowa\u0142 r\u00f3wnie\u017c dzia\u0142ania s\u0142u\u017c\u0105ce integracji student\u00f3w i wyk\u0142adowc\u00f3w wsp\u00f3\u0142organizuj\u0105c dwukrotnie Sympozjon Filozoficzny (2017, 2019) oraz Festival Aktywno\u015bci Naukowej! (2018).\u00a0 Jest fotografem &#8211; swoje prace prezentowa\u0142 m.in. w Galerii Sztuki Inny \u015al\u0105sk w Tarnowskich G\u00f3rach (2019). Uwieczni\u0142 r\u00f3wnie\u017c wiele wydarze\u0144, zar\u00f3wno tych, kt\u00f3rych by\u0142 wsp\u00f3\u0142organizatorem, jak i dzia\u0142aj\u0105c na rzecz innych organizacji np. Metropolii M\u0142odych oraz studenckiego radia Egida. W latach 2017-2020 pracowa\u0142 jako asystent osoby niepe\u0142nosprawnej.<\/span> \r\n                                <div class=\"mt-3\"><\/div>\r\n                            <\/div>\r\n                            \r\n                            <div class=\"text-modules__img\"><img src=\"https:\/\/us.edu.pl\/student\/wp-content\/uploads\/sites\/3\/Wyr\u00f3\u017cnienia-rektora\/wyr\u00f3\u017cnieni-z-lat-poprzednich\/Pylyp-Bilyi-200x300.jpg\" alt=\"img\"><\/div>\r\n                        <\/div>\r\n                    <\/div>\r\n                <\/div>[\/vc_column][\/vc_row]<\/p>","protected":false},"excerpt":{"rendered":"<p>[vc_row][vc_column][\/vc_column][\/vc_row] [&#8230;]<\/p>\n<p><a class=\"btn btn-secondary understrap-read-more-link\" href=\"https:\/\/us.edu.pl\/student\/dzialalnosc-studencka\/wyroznienia-jm-rektora-us\/laureaci-poprzednich-edycji\/laureaci-xii-edycji\/studenci\/pylyp-bilyi\/\">Read More&#8230;<\/a><\/p>\n","protected":false},"author":28,"featured_media":0,"parent":23084,"menu_order":0,"comment_status":"closed","ping_status":"closed","template":"","meta":{"_expiration-date-status":"saved","_expiration-date":0,"_expiration-date-type":"","_expiration-date-categories":[],"_expiration-date-options":[]},"acf":[],"_links":{"self":[{"href":"https:\/\/us.edu.pl\/student\/wp-json\/wp\/v2\/pages\/23198"}],"collection":[{"href":"https:\/\/us.edu.pl\/student\/wp-json\/wp\/v2\/pages"}],"about":[{"href":"https:\/\/us.edu.pl\/student\/wp-json\/wp\/v2\/types\/page"}],"author":[{"embeddable":true,"href":"https:\/\/us.edu.pl\/student\/wp-json\/wp\/v2\/users\/28"}],"replies":[{"embeddable":true,"href":"https:\/\/us.edu.pl\/student\/wp-json\/wp\/v2\/comments?post=23198"}],"version-history":[{"count":0,"href":"https:\/\/us.edu.pl\/student\/wp-json\/wp\/v2\/pages\/23198\/revisions"}],"up":[{"embeddable":true,"href":"https:\/\/us.edu.pl\/student\/wp-json\/wp\/v2\/pages\/23084"}],"wp:attachment":[{"href":"https:\/\/us.edu.pl\/student\/wp-json\/wp\/v2\/media?parent=23198"}],"curies":[{"name":"wp","href":"https:\/\/api.w.org\/{rel}","templated":true}]}}