{"id":23205,"date":"2020-08-18T15:03:20","date_gmt":"2020-08-18T13:03:20","guid":{"rendered":"https:\/\/us.edu.pl\/student\/?page_id=23205"},"modified":"2020-08-26T15:33:29","modified_gmt":"2020-08-26T13:33:29","slug":"justyna-damska","status":"publish","type":"page","link":"https:\/\/us.edu.pl\/student\/dzialalnosc-studencka\/wyroznienia-jm-rektora-us\/laureaci-poprzednich-edycji\/laureaci-xii-edycji\/studenci\/justyna-damska\/","title":{"rendered":"Justyna Damska"},"content":{"rendered":"<p>[vc_row][vc_column]\r\n                <div class=\"text-modules \">\r\n                    <div class=\"container\">\r\n                         <h3 class=\"subtitle text-modules__subtitle\">Justyna Damska<\/h3>\r\n                        <div class=\"row m-0\">\r\n                            <div class=\"text-modules__content\">\r\n                                <span style=\"font-weight: 400\">Otrzyma\u0142a Wyr\u00f3\u017cnienie Rektora U\u015a za <\/span><b>dzia\u0142alno\u015b\u0107 popularnonaukow\u0105 <\/b><span style=\"font-weight: 400\">jako studentka II roku studi\u00f3w magisterskich na kierunku geografia. Anga\u017cowa\u0142a si\u0119 w trzy edycje \u015al\u0105skiego Studenckiego Festiwalu Nauki oraz dwie edycje \u015al\u0105skiego Festiwalu Nauki (2016, 2017) wsp\u00f3\u0142prowadz\u0105c mini warsztaty na stoisku edukacyjnym (2016, 2017, 2018). Prowadzi\u0142a warsztaty dla uczni\u00f3w podczas Dnia Geografa (2017, 2018) oraz podejmowa\u0142a inne dzia\u0142ania popularyzatorskie skierowane do os\u00f3b spoza Uczelni. Podejmowa\u0142a r\u00f3wnie\u017c dzia\u0142ania na rzecz \u017cycia studenckiego, takie jak organizacja wyjazd\u00f3w integracyjnych dla nowych student\u00f3w \u00f3wczesnego Wydzia\u0142u Nauk\u00a0 o Ziemi Uniwersytetu \u015al\u0105skiego (2016, 2017, 2018) oraz dla student\u00f3w-uczestnik\u00f3w mi\u0119dzynarodowego kongresu geograficznego (2017), kt\u00f3rego by\u0142a wsp\u00f3\u0142organizatork\u0105. Wsp\u00f3\u0142organizowa\u0142a r\u00f3wnie\u017c wydzia\u0142owe wycieczki do Parku Nauki i Rozrywki w Krasiejowie (2016, 2017) oraz inne wydarzenia przeznaczone dla student\u00f3w takie jak np. cykl prelekcji podr\u00f3\u017cniczych TRAVELIADA (lata 2016, 2017). W jej dzia\u0142alno\u015bci naukowej wyr\u00f3\u017cnia si\u0119 m.in. bycie pomys\u0142odawc\u0105 oraz g\u0142\u00f3wnym organizatorem 41. Og\u00f3lnopolskiego Zjazdu K\u00f3\u0142 Naukowych Geograf\u00f3w oraz praca w charakterze wsp\u00f3\u0142organizatora europejskiej konferencji naukowej \u2013 EGEA Annual Congress 2017.<\/span> \r\n                                <div class=\"mt-3\"><\/div>\r\n                            <\/div>\r\n                            \r\n                            <div class=\"text-modules__img\"><img src=\"https:\/\/us.edu.pl\/student\/wp-content\/uploads\/sites\/3\/Wyr\u00f3\u017cnienia-rektora\/wyr\u00f3\u017cnieni-z-lat-poprzednich\/Laureaci-2020\/Damska-Justyna-1-199x300.jpg\" alt=\"img\"><\/div>\r\n                        <\/div>\r\n                    <\/div>\r\n                <\/div>[\/vc_column][\/vc_row]<\/p>","protected":false},"excerpt":{"rendered":"<p>[vc_row][vc_column][\/vc_column][\/vc_row] [&#8230;]<\/p>\n<p><a class=\"btn btn-secondary understrap-read-more-link\" href=\"https:\/\/us.edu.pl\/student\/dzialalnosc-studencka\/wyroznienia-jm-rektora-us\/laureaci-poprzednich-edycji\/laureaci-xii-edycji\/studenci\/justyna-damska\/\">Read More&#8230;<\/a><\/p>\n","protected":false},"author":28,"featured_media":0,"parent":23084,"menu_order":0,"comment_status":"closed","ping_status":"closed","template":"","meta":{"_expiration-date-status":"saved","_expiration-date":0,"_expiration-date-type":"","_expiration-date-categories":[],"_expiration-date-options":[]},"acf":[],"_links":{"self":[{"href":"https:\/\/us.edu.pl\/student\/wp-json\/wp\/v2\/pages\/23205"}],"collection":[{"href":"https:\/\/us.edu.pl\/student\/wp-json\/wp\/v2\/pages"}],"about":[{"href":"https:\/\/us.edu.pl\/student\/wp-json\/wp\/v2\/types\/page"}],"author":[{"embeddable":true,"href":"https:\/\/us.edu.pl\/student\/wp-json\/wp\/v2\/users\/28"}],"replies":[{"embeddable":true,"href":"https:\/\/us.edu.pl\/student\/wp-json\/wp\/v2\/comments?post=23205"}],"version-history":[{"count":0,"href":"https:\/\/us.edu.pl\/student\/wp-json\/wp\/v2\/pages\/23205\/revisions"}],"up":[{"embeddable":true,"href":"https:\/\/us.edu.pl\/student\/wp-json\/wp\/v2\/pages\/23084"}],"wp:attachment":[{"href":"https:\/\/us.edu.pl\/student\/wp-json\/wp\/v2\/media?parent=23205"}],"curies":[{"name":"wp","href":"https:\/\/api.w.org\/{rel}","templated":true}]}}