{"id":23213,"date":"2020-08-18T15:30:10","date_gmt":"2020-08-18T13:30:10","guid":{"rendered":"https:\/\/us.edu.pl\/student\/?page_id=23213"},"modified":"2020-08-20T12:59:10","modified_gmt":"2020-08-20T10:59:10","slug":"jacek-kiera","status":"publish","type":"page","link":"https:\/\/us.edu.pl\/student\/dzialalnosc-studencka\/wyroznienia-jm-rektora-us\/laureaci-poprzednich-edycji\/laureaci-xii-edycji\/studenci\/jacek-kiera\/","title":{"rendered":"Jacek Kiera"},"content":{"rendered":"<p>[vc_row][vc_column]\r\n                <div class=\"text-modules \">\r\n                    <div class=\"container\">\r\n                         <h3 class=\"subtitle text-modules__subtitle\">Jacek Kiera<\/h3>\r\n                        <div class=\"row m-0\">\r\n                            <div class=\"text-modules__content\">\r\n                                Otrzyma\u0142 Wyro\u0301z\u0307nienie Rektora US\u0301 <strong>za inicjowanie i rozwijanie z\u0307ycia studenckiego<\/strong> jako student I roku studio\u0301w magisterskich na kierunku bezpieczen\u0301stwo narodowe i mie\u0328dzynarodowe. Absolwent kierunko\u0301w politologia oraz prawo na Uniwersytecie S\u0301la\u0328skim. Od 2014 roku aktywnie dzia\u0142a\u0142 w Samorza\u0328dzie Studenckim Uniwersytetu S\u0301la\u0328skiego w Katowicach m.in. jako Wiceprzewodnicza\u0328cy Rady Samorza\u0328du Studenckiego Wydzia\u0142u Nauk Spo\u0142ecznych (2016-2018) oraz Przewodnicza\u0328cy Rady Samorza\u0328du Studenckiego Wydzia\u0142u Nauk Spo\u0142ecznych (2018-2020). Reprezentowa\u0142 studento\u0301w Wydzia\u0142u Nauk Spo\u0142ecznych w Senacie Uniwersytetu S\u0301la\u0328skiego, Radzie Wydzia\u0142u Nauk Spo\u0142ecznych oraz Radzie Instytutu Nauk Politycznych i Dziennikarstwa. Wspo\u0301\u0142organizowa\u0142 wiele wydarzen\u0301 kulturalnych, integracyjnych, konkurso\u0301w, szkolen\u0301 a takz\u0307e wyk\u0142ado\u0301w i prelekcji dla studento\u0301w. Wspomaga\u0142 ich w sprawach naukowo-dydaktycznych oraz reprezentowa\u0142 studento\u0301w WNS przed w\u0142adzami. Bra\u0142 udzia\u0142 w organizacji Dni Otwartych WNS, wspo\u0301\u0142organizowa\u0142 coroczna\u0328 akcje\u0328 \u201et\u0142usty czwartek na WNS\u201d oraz liczne wieczory filmowe dla studento\u0301w US\u0301. Trzykrotnie wspo\u0301\u0142organizowa\u0142 Turniej o Puchar Dziekana WNS&amp;WPiA&amp;WPiPs (2017-2018). Wspo\u0301\u0142tworzy\u0142 ro\u0301wniez\u0307 akcje\u0328 \u201eOgrzej zwierzaka z WNS-em\u201d. \r\n                                <div class=\"mt-3\"><\/div>\r\n                            <\/div>\r\n                            \r\n                            <div class=\"text-modules__img\"><img src=\"https:\/\/us.edu.pl\/student\/wp-content\/uploads\/sites\/3\/Wyr\u00f3\u017cnienia-rektora\/wyr\u00f3\u017cnieni-z-lat-poprzednich\/Laureaci-2020\/Jacek-Kiera-1-254x300.jpeg\" alt=\"img\"><\/div>\r\n                        <\/div>\r\n                    <\/div>\r\n                <\/div>[\/vc_column][\/vc_row]<\/p>","protected":false},"excerpt":{"rendered":"<p>[vc_row][vc_column][\/vc_column][\/vc_row] [&#8230;]<\/p>\n<p><a class=\"btn btn-secondary understrap-read-more-link\" href=\"https:\/\/us.edu.pl\/student\/dzialalnosc-studencka\/wyroznienia-jm-rektora-us\/laureaci-poprzednich-edycji\/laureaci-xii-edycji\/studenci\/jacek-kiera\/\">Read More&#8230;<\/a><\/p>\n","protected":false},"author":28,"featured_media":0,"parent":23084,"menu_order":0,"comment_status":"closed","ping_status":"closed","template":"","meta":{"_expiration-date-status":"saved","_expiration-date":0,"_expiration-date-type":"","_expiration-date-categories":[],"_expiration-date-options":[]},"acf":[],"_links":{"self":[{"href":"https:\/\/us.edu.pl\/student\/wp-json\/wp\/v2\/pages\/23213"}],"collection":[{"href":"https:\/\/us.edu.pl\/student\/wp-json\/wp\/v2\/pages"}],"about":[{"href":"https:\/\/us.edu.pl\/student\/wp-json\/wp\/v2\/types\/page"}],"author":[{"embeddable":true,"href":"https:\/\/us.edu.pl\/student\/wp-json\/wp\/v2\/users\/28"}],"replies":[{"embeddable":true,"href":"https:\/\/us.edu.pl\/student\/wp-json\/wp\/v2\/comments?post=23213"}],"version-history":[{"count":0,"href":"https:\/\/us.edu.pl\/student\/wp-json\/wp\/v2\/pages\/23213\/revisions"}],"up":[{"embeddable":true,"href":"https:\/\/us.edu.pl\/student\/wp-json\/wp\/v2\/pages\/23084"}],"wp:attachment":[{"href":"https:\/\/us.edu.pl\/student\/wp-json\/wp\/v2\/media?parent=23213"}],"curies":[{"name":"wp","href":"https:\/\/api.w.org\/{rel}","templated":true}]}}