{"id":23215,"date":"2020-08-18T15:34:14","date_gmt":"2020-08-18T13:34:14","guid":{"rendered":"https:\/\/us.edu.pl\/student\/?page_id=23215"},"modified":"2020-09-07T10:13:41","modified_gmt":"2020-09-07T08:13:41","slug":"natalia-kubicius","status":"publish","type":"page","link":"https:\/\/us.edu.pl\/student\/dzialalnosc-studencka\/wyroznienia-jm-rektora-us\/laureaci-poprzednich-edycji\/laureaci-xii-edycji\/studenci\/natalia-kubicius\/","title":{"rendered":"Natalia Kubicius"},"content":{"rendered":"<p>[vc_row][vc_column]\r\n                <div class=\"text-modules \">\r\n                    <div class=\"container\">\r\n                         <h3 class=\"subtitle text-modules__subtitle\"> Natalia Kubicius<\/h3>\r\n                        <div class=\"row m-0\">\r\n                            <div class=\"text-modules__content\">\r\n                                Otrzyma\u0142a Wyr\u00f3\u017cnienie Rektora U\u015a za\u00a0<strong>osi\u0105gni\u0119cia artystyczne\u00a0<\/strong>jako studentka III roku filologii polskiej. Autorka wierszy i opowiada\u0144 publikowanych m.in. w almanachu \u201ePo\u0142\u00f3w. Poetyckie debiuty 2019\u201d, zbiorze \u201eBeza w\u015br\u00f3d korzennych ciastek\u201d oraz w magazynach literackich. Wyr\u00f3\u017cniana w konkursach poetyckich, m.in. laureatka \u201ePo\u0142owu\u201d Biura Literackiego (2019) oraz finalistka Og\u00f3lnopolskiego Konkursu Poetyckiego im. Jacka Bierezina (2019). Anga\u017cuje si\u0119 w redakcji Magazynu Student\u00f3w Uniwersytetu \u015al\u0105skiego \u201eSuplement\u201d oraz w dzia\u0142ania Mi\u0119dzywydzia\u0142owego Stowarzyszenia Dziennikarzy \u201eMosty\u201d. Wsp\u00f3\u0142redaguje stron\u0119 www.us.edu.pl\/student. Realizowa\u0142a projekt Europejskiego Funduszu Spo\u0142ecznego pt. \u201eSelf-publishing oraz w\u0142a\u015bciwe przygotowanie propozycji wydawniczej\u201d. By\u0142a r\u00f3wnie\u017c wolontariuszk\u0105 (2017\u20132018) i cz\u0142onkiem cieszy\u0144skiego sztabu Wielkiej Orkiestry \u015awi\u0105tecznej Pomocy (2019\u20132020). \r\n                                <div class=\"mt-3\"><\/div>\r\n                            <\/div>\r\n                            \r\n                            <div class=\"text-modules__img\"><img src=\"https:\/\/us.edu.pl\/student\/wp-content\/uploads\/sites\/3\/Wyr\u00f3\u017cnienia-rektora\/wyr\u00f3\u017cnieni-z-lat-poprzednich\/Laureaci-2019\/Kubicius-Natalia-1-207x300.jpg\" alt=\"img\"><\/div>\r\n                        <\/div>\r\n                    <\/div>\r\n                <\/div>[\/vc_column][\/vc_row]<\/p>","protected":false},"excerpt":{"rendered":"<p>[vc_row][vc_column][\/vc_column][\/vc_row] [&#8230;]<\/p>\n<p><a class=\"btn btn-secondary understrap-read-more-link\" href=\"https:\/\/us.edu.pl\/student\/dzialalnosc-studencka\/wyroznienia-jm-rektora-us\/laureaci-poprzednich-edycji\/laureaci-xii-edycji\/studenci\/natalia-kubicius\/\">Read More&#8230;<\/a><\/p>\n","protected":false},"author":28,"featured_media":0,"parent":23084,"menu_order":0,"comment_status":"closed","ping_status":"closed","template":"","meta":{"_expiration-date-status":"saved","_expiration-date":0,"_expiration-date-type":"","_expiration-date-categories":[],"_expiration-date-options":[]},"acf":[],"_links":{"self":[{"href":"https:\/\/us.edu.pl\/student\/wp-json\/wp\/v2\/pages\/23215"}],"collection":[{"href":"https:\/\/us.edu.pl\/student\/wp-json\/wp\/v2\/pages"}],"about":[{"href":"https:\/\/us.edu.pl\/student\/wp-json\/wp\/v2\/types\/page"}],"author":[{"embeddable":true,"href":"https:\/\/us.edu.pl\/student\/wp-json\/wp\/v2\/users\/28"}],"replies":[{"embeddable":true,"href":"https:\/\/us.edu.pl\/student\/wp-json\/wp\/v2\/comments?post=23215"}],"version-history":[{"count":0,"href":"https:\/\/us.edu.pl\/student\/wp-json\/wp\/v2\/pages\/23215\/revisions"}],"up":[{"embeddable":true,"href":"https:\/\/us.edu.pl\/student\/wp-json\/wp\/v2\/pages\/23084"}],"wp:attachment":[{"href":"https:\/\/us.edu.pl\/student\/wp-json\/wp\/v2\/media?parent=23215"}],"curies":[{"name":"wp","href":"https:\/\/api.w.org\/{rel}","templated":true}]}}