{"id":23230,"date":"2020-08-18T15:55:32","date_gmt":"2020-08-18T13:55:32","guid":{"rendered":"https:\/\/us.edu.pl\/student\/?page_id=23230"},"modified":"2020-08-19T11:01:19","modified_gmt":"2020-08-19T09:01:19","slug":"katarzyna-nachman","status":"publish","type":"page","link":"https:\/\/us.edu.pl\/student\/dzialalnosc-studencka\/wyroznienia-jm-rektora-us\/laureaci-poprzednich-edycji\/laureaci-xii-edycji\/studenci\/katarzyna-nachman\/","title":{"rendered":"Katarzyna Nachman"},"content":{"rendered":"<p>[vc_row][vc_column]\r\n                <div class=\"text-modules \">\r\n                    <div class=\"container\">\r\n                         <h3 class=\"subtitle text-modules__subtitle\">Katarzyna Nachman<\/h3>\r\n                        <div class=\"row m-0\">\r\n                            <div class=\"text-modules__content\">\r\n                                Otrzyma\u0142a Wyr\u00f3\u017cnienie Rektora U\u015a za osi\u0105gni\u0119cia artystyczne jako studentka V roku grafiki. Jej dorobek artystyczny obejmuje grafik\u0119, plakaty, ilustracje wiersze, co potwierdzaj\u0105 r\u00f3wnie\u017c zdobyte liczne nagrody i wyr\u00f3\u017cnienia, m.in. 1 miejsce w Mi\u0119dzynarodowym konkursie na plakat Pozna\u0144 Art Week (2020), 1 miejsce w ,,Art+\u201d V Przegl\u0105dzie Studenckim Cieszyn T\u0119tni Sztuk\u0105 (2019), 2 miejsce w VIII Mi\u0119dzynarodowym Biennale Plakatu Spo\u0142eczno-Politycznego w O\u015bwi\u0119cimiu (2020), 2 miejsce Og\u00f3lnopolskim konkursie na pami\u0105tk\u0119 regionu Warmii i Mazur (2019), wyr\u00f3\u017cnienie honorowe w Mi\u0119dzynarodowym konkursie na plakat 100-lecia Polskiego Komitetu Olimpijskiego (2019), wyr\u00f3\u017cnienie honorowe w International Competition of Illustration for Students w Ekwadorze (2019), wyr\u00f3\u017cnienie w Og\u00f3lnopolskim konkursie na plakat ,,Poskromienie Cukrzycy\u201d zorganizowanym w ramach og\u00f3lnopolskiej kampanii edukacyjnej ,,D\u0142u\u017csze \u017cycie z cukrzyc\u0105\u201d (2019), wyr\u00f3\u017cnienie organizator\u00f3w Festiwalu Sztuki na Bilbordach Art Moves (2020), wyr\u00f3\u017cnienie w 9 Mi\u0119dzynarodowej Wystawie Plakatu Ekologicznego: Zmiany Klimatyczne (2018), wyr\u00f3\u017cnienie w Mi\u0119dzynarodowym konkursie na plakat Fundacji Fabryki Norblina (2020), kwalifikacja do fina\u0142u mi\u0119dzynarodowego konkursu na plakat ekologiczny Golden Turtle 2020 Desing Contest w Rosji, kwalifikacja do fina\u0142u 7th International Reggae Poster Contest na Jamajce (2020). Pomys\u0142odawczyni i koordynatorka wielu warsztat\u00f3w artystycznych dla dzieci (2017, 2018). By\u0142a zaanga\u017cowana w inicjatywy kulturalne, bra\u0142a czynny udzia\u0142 w 4 \u015al\u0105skim Festiwalu Nauki w Katowicach, w V Przegl\u0105dzie Tw\u00f3rczo\u015bci Student\u00f3w Cieszyn T\u0119tni Sztuk\u0105 (2019) oraz w ramach Rz\u0105dowego Programu na rzecz Aktywno\u015bci Spo\u0142ecznej Os\u00f3b Starszych. Jest Zas\u0142u\u017conym Honorowym Dawc\u0105 Krwi. \r\n                                <div class=\"mt-3\"><\/div>\r\n                            <\/div>\r\n                            \r\n                            <div class=\"text-modules__img\"><img src=\"https:\/\/us.edu.pl\/student\/wp-content\/uploads\/sites\/3\/Wyr\u00f3\u017cnienia-rektora\/wyr\u00f3\u017cnieni-z-lat-poprzednich\/Laureaci-2020\/Katarzyna_Nachman_1-169x300.jpg\" alt=\"img\"><\/div>\r\n                        <\/div>\r\n                    <\/div>\r\n                <\/div>[\/vc_column][\/vc_row]<\/p>","protected":false},"excerpt":{"rendered":"<p>[vc_row][vc_column][\/vc_column][\/vc_row] [&#8230;]<\/p>\n<p><a class=\"btn btn-secondary understrap-read-more-link\" href=\"https:\/\/us.edu.pl\/student\/dzialalnosc-studencka\/wyroznienia-jm-rektora-us\/laureaci-poprzednich-edycji\/laureaci-xii-edycji\/studenci\/katarzyna-nachman\/\">Read More&#8230;<\/a><\/p>\n","protected":false},"author":28,"featured_media":0,"parent":23084,"menu_order":0,"comment_status":"closed","ping_status":"closed","template":"","meta":{"_expiration-date-status":"saved","_expiration-date":0,"_expiration-date-type":"","_expiration-date-categories":[],"_expiration-date-options":[]},"acf":[],"_links":{"self":[{"href":"https:\/\/us.edu.pl\/student\/wp-json\/wp\/v2\/pages\/23230"}],"collection":[{"href":"https:\/\/us.edu.pl\/student\/wp-json\/wp\/v2\/pages"}],"about":[{"href":"https:\/\/us.edu.pl\/student\/wp-json\/wp\/v2\/types\/page"}],"author":[{"embeddable":true,"href":"https:\/\/us.edu.pl\/student\/wp-json\/wp\/v2\/users\/28"}],"replies":[{"embeddable":true,"href":"https:\/\/us.edu.pl\/student\/wp-json\/wp\/v2\/comments?post=23230"}],"version-history":[{"count":0,"href":"https:\/\/us.edu.pl\/student\/wp-json\/wp\/v2\/pages\/23230\/revisions"}],"up":[{"embeddable":true,"href":"https:\/\/us.edu.pl\/student\/wp-json\/wp\/v2\/pages\/23084"}],"wp:attachment":[{"href":"https:\/\/us.edu.pl\/student\/wp-json\/wp\/v2\/media?parent=23230"}],"curies":[{"name":"wp","href":"https:\/\/api.w.org\/{rel}","templated":true}]}}