{"id":23234,"date":"2020-08-18T15:59:10","date_gmt":"2020-08-18T13:59:10","guid":{"rendered":"https:\/\/us.edu.pl\/student\/?page_id=23234"},"modified":"2020-08-26T15:16:21","modified_gmt":"2020-08-26T13:16:21","slug":"katarzyna-nowak","status":"publish","type":"page","link":"https:\/\/us.edu.pl\/student\/dzialalnosc-studencka\/wyroznienia-jm-rektora-us\/laureaci-poprzednich-edycji\/laureaci-xii-edycji\/studenci\/katarzyna-nowak\/","title":{"rendered":"Katarzyna Nowak"},"content":{"rendered":"<p>[vc_row][vc_column]\r\n                <div class=\"text-modules \">\r\n                    <div class=\"container\">\r\n                         <h3 class=\"subtitle text-modules__subtitle\">Katarzyna Nowak<\/h3>\r\n                        <div class=\"row m-0\">\r\n                            <div class=\"text-modules__content\">\r\n                                <span style=\"font-weight: 400\">Otrzyma\u0142a Wyr\u00f3\u017cnienie Rektora U\u015a za <\/span><b>osi\u0105gni\u0119cia naukowe <\/b><span style=\"font-weight: 400\">jako studentka II roku studi\u00f3w magisterskich na kierunku geologia. W\u015br\u00f3d swoich osi\u0105gni\u0119\u0107 naukowych wymieni\u0107 mo\u017ce publikacje w czasopismach naukowych, wyst\u0105pienia na mi\u0119dzynarodowych oraz og\u00f3lnopolskich konferencjach naukowych oraz realizacj\u0119 Grant Rektora U\u015a dla najlepszych student\u00f3w pt. \u201cWarunki i mechanizmy wzrostu kryszta\u0142\u00f3w fumaroli antropogenicznych\u201d (2018-2019). Pracowa\u0142a r\u00f3wnie\u017c w zespole realizuj\u0105cym grant \u201cNowe i rzadkie minera\u0142y z paralaw Formacji Hatrurim\u201d (2014-2017). W latach 2016-2019 zaanga\u017cowana spo\u0142ecznie w inicjatyw\u0119 Stowarzyszenia Wiosna pn. \u201cSzlachetna Paczka\u201d.\u00a0 Organizowa\u0142a zaj\u0119cia pozalekcyjne dla dzieci i m\u0142odzie\u017cy w ramach wolontariatu w Armenii (wrzesie\u0144 2019).<\/span> \r\n                                <div class=\"mt-3\"><\/div>\r\n                            <\/div>\r\n                            \r\n                            <div class=\"text-modules__img\"><img src=\"https:\/\/us.edu.pl\/student\/wp-content\/uploads\/sites\/3\/Wyr\u00f3\u017cnienia-rektora\/wyr\u00f3\u017cnieni-z-lat-poprzednich\/Laureaci-2020\/Katarzyna-Nowak-300x199.jpg\" alt=\"img\"><\/div>\r\n                        <\/div>\r\n                    <\/div>\r\n                <\/div>[\/vc_column][\/vc_row]<\/p>","protected":false},"excerpt":{"rendered":"<p>[vc_row][vc_column][\/vc_column][\/vc_row] [&#8230;]<\/p>\n<p><a class=\"btn btn-secondary understrap-read-more-link\" href=\"https:\/\/us.edu.pl\/student\/dzialalnosc-studencka\/wyroznienia-jm-rektora-us\/laureaci-poprzednich-edycji\/laureaci-xii-edycji\/studenci\/katarzyna-nowak\/\">Read More&#8230;<\/a><\/p>\n","protected":false},"author":28,"featured_media":0,"parent":23084,"menu_order":0,"comment_status":"closed","ping_status":"closed","template":"","meta":{"_expiration-date-status":"saved","_expiration-date":0,"_expiration-date-type":"","_expiration-date-categories":[],"_expiration-date-options":[]},"acf":[],"_links":{"self":[{"href":"https:\/\/us.edu.pl\/student\/wp-json\/wp\/v2\/pages\/23234"}],"collection":[{"href":"https:\/\/us.edu.pl\/student\/wp-json\/wp\/v2\/pages"}],"about":[{"href":"https:\/\/us.edu.pl\/student\/wp-json\/wp\/v2\/types\/page"}],"author":[{"embeddable":true,"href":"https:\/\/us.edu.pl\/student\/wp-json\/wp\/v2\/users\/28"}],"replies":[{"embeddable":true,"href":"https:\/\/us.edu.pl\/student\/wp-json\/wp\/v2\/comments?post=23234"}],"version-history":[{"count":0,"href":"https:\/\/us.edu.pl\/student\/wp-json\/wp\/v2\/pages\/23234\/revisions"}],"up":[{"embeddable":true,"href":"https:\/\/us.edu.pl\/student\/wp-json\/wp\/v2\/pages\/23084"}],"wp:attachment":[{"href":"https:\/\/us.edu.pl\/student\/wp-json\/wp\/v2\/media?parent=23234"}],"curies":[{"name":"wp","href":"https:\/\/api.w.org\/{rel}","templated":true}]}}