{"id":23240,"date":"2020-08-18T16:08:29","date_gmt":"2020-08-18T14:08:29","guid":{"rendered":"https:\/\/us.edu.pl\/student\/?page_id=23240"},"modified":"2020-08-19T15:44:31","modified_gmt":"2020-08-19T13:44:31","slug":"wiktoria-smolkowska","status":"publish","type":"page","link":"https:\/\/us.edu.pl\/student\/dzialalnosc-studencka\/wyroznienia-jm-rektora-us\/laureaci-poprzednich-edycji\/laureaci-xii-edycji\/studenci\/wiktoria-smolkowska\/","title":{"rendered":"Wiktoria Smo\u0142kowska"},"content":{"rendered":"<p>[vc_row][vc_column]\r\n                <div class=\"text-modules \">\r\n                    <div class=\"container\">\r\n                         <h3 class=\"subtitle text-modules__subtitle\">Wiktoria Smo\u0142kowska<\/h3>\r\n                        <div class=\"row m-0\">\r\n                            <div class=\"text-modules__content\">\r\n                                <span style=\"font-weight: 400\">Otrzyma\u0142a Wyr\u00f3\u017cnienie Rektora U\u015a <\/span><b>za dzia\u0142alno\u015b\u0107 popularnonaukow\u0105 <\/b><span style=\"font-weight: 400\">jako studentka V roku psychologii. Wsp\u00f3\u0142autorka kampanii spo\u0142ecznej na rzecz os\u00f3b chorych psychicznie \u201ePrzecie\u017c to ja, przecie\u017c to ci\u0105gle ja. #zrozumchorob\u0119 #bezschizowania&#8221; (2016). Prowadzi\u0142a cykl warsztat\u00f3w edukacyjnych dla uczni\u00f3w liceum w Miko\u0142owie z zakresu psychologii (2017-2018), a tak\u017ce zaj\u0119cia on-line dotycz\u0105ce m.in. radzenia sobie ze stresem (2020). Zaanga\u017cowana w tworzenie interaktywnych stoisk tematycznych w dziedzinie psychologii podczas dw\u00f3ch edycji \u015al\u0105skiego Festiwalu Nauki (2019, 2020). Pomys\u0142odawczyni i wsp\u00f3\u0142tw\u00f3rca podcastu \u201eJaka matka taka c\u00f3rka? O psychologii z dw\u00f3ch perspektyw&#8221;, kt\u00f3ry realizuje ze swoj\u0105 mam\u0105 &#8211; psychologiem (2020). Odby\u0142a wolontariat w Centrum Psychiatrii im. dr. Krzysztofa Czumy w Katowicach (2020). Zorganizowa\u0142a 3. edycj\u0119 panelu dyskusyjnego \u201eZ pami\u0119tnika m\u0142odego psychologa&#8221; (2019). Wyst\u0105pi\u0142a na czterech konferencjach naukowych, w tym na Mi\u0119dzynarodowej Konferencji Psychologii Muzyki &#8222;Psychomuzy&#8221; (2018). By\u0142a g\u0142\u00f3wnym organizatorem III Og\u00f3lnopolskiej Konferencji Naukowej M\u0142odych Naukowc\u00f3w &#8222;Psychor\u00f3\u017cno\u015bci&#8221; (2018). Jest wsp\u00f3\u0142autork\u0105 tekstu naukowego (2020), a tak\u017ce by\u0142a cz\u0142onkiem zespo\u0142u badawczego z zakresu psychologii kosmicznej (2018, 2019). W roku akademickim 2018\/2019 pe\u0142ni\u0142a funkcj\u0119 przewodnicz\u0105cej Studenckiego Ko\u0142a Naukowego Psychoterapii i Treningu Psychologicznego.<\/span> \r\n                                <div class=\"mt-3\"><\/div>\r\n                            <\/div>\r\n                            \r\n                            <div class=\"text-modules__img\"><img src=\"https:\/\/us.edu.pl\/student\/wp-content\/uploads\/sites\/3\/Wyr\u00f3\u017cnienia-rektora\/wyr\u00f3\u017cnieni-z-lat-poprzednich\/Laureaci-2020\/Smo\u0142kowska-Wiktoria1-200x300.jpg\" alt=\"img\"><\/div>\r\n                        <\/div>\r\n                    <\/div>\r\n                <\/div>[\/vc_column][\/vc_row]<\/p>","protected":false},"excerpt":{"rendered":"<p>[vc_row][vc_column][\/vc_column][\/vc_row] [&#8230;]<\/p>\n<p><a class=\"btn btn-secondary understrap-read-more-link\" href=\"https:\/\/us.edu.pl\/student\/dzialalnosc-studencka\/wyroznienia-jm-rektora-us\/laureaci-poprzednich-edycji\/laureaci-xii-edycji\/studenci\/wiktoria-smolkowska\/\">Read More&#8230;<\/a><\/p>\n","protected":false},"author":28,"featured_media":0,"parent":23084,"menu_order":0,"comment_status":"closed","ping_status":"closed","template":"","meta":{"_expiration-date-status":"saved","_expiration-date":0,"_expiration-date-type":"","_expiration-date-categories":[],"_expiration-date-options":[]},"acf":[],"_links":{"self":[{"href":"https:\/\/us.edu.pl\/student\/wp-json\/wp\/v2\/pages\/23240"}],"collection":[{"href":"https:\/\/us.edu.pl\/student\/wp-json\/wp\/v2\/pages"}],"about":[{"href":"https:\/\/us.edu.pl\/student\/wp-json\/wp\/v2\/types\/page"}],"author":[{"embeddable":true,"href":"https:\/\/us.edu.pl\/student\/wp-json\/wp\/v2\/users\/28"}],"replies":[{"embeddable":true,"href":"https:\/\/us.edu.pl\/student\/wp-json\/wp\/v2\/comments?post=23240"}],"version-history":[{"count":0,"href":"https:\/\/us.edu.pl\/student\/wp-json\/wp\/v2\/pages\/23240\/revisions"}],"up":[{"embeddable":true,"href":"https:\/\/us.edu.pl\/student\/wp-json\/wp\/v2\/pages\/23084"}],"wp:attachment":[{"href":"https:\/\/us.edu.pl\/student\/wp-json\/wp\/v2\/media?parent=23240"}],"curies":[{"name":"wp","href":"https:\/\/api.w.org\/{rel}","templated":true}]}}