{"id":23270,"date":"2020-08-19T13:49:52","date_gmt":"2020-08-19T11:49:52","guid":{"rendered":"https:\/\/us.edu.pl\/student\/?page_id=23270"},"modified":"2020-08-19T13:51:20","modified_gmt":"2020-08-19T11:51:20","slug":"gabriela-styrkowicz","status":"publish","type":"page","link":"https:\/\/us.edu.pl\/student\/dzialalnosc-studencka\/wyroznienia-jm-rektora-us\/laureaci-poprzednich-edycji\/laureaci-xii-edycji\/studenci\/gabriela-styrkowicz\/","title":{"rendered":"Gabriela Styrkowicz"},"content":{"rendered":"<p>[vc_row][vc_column]\r\n                <div class=\"text-modules \">\r\n                    <div class=\"container\">\r\n                         <h3 class=\"subtitle text-modules__subtitle\">Gabriela Styrkowicz<\/h3>\r\n                        <div class=\"row m-0\">\r\n                            <div class=\"text-modules__content\">\r\n                                <span style=\"font-weight: 400\">Otrzyma\u0142a Wyr\u00f3\u017cnienie Rektora U\u015a za <\/span><b>dzia\u0142alno\u015b\u0107 kulturaln\u0105 <\/b><span style=\"font-weight: 400\">jako studentka III roku filozofii w ramach Indywidualnych Studi\u00f3w Mi\u0119dzyobszarowych. Zrealizowa\u0142a projekt edukacyjny kulturoznawczo-filozoficzny pt. \u201eObecno\u015bci nieusprawiedliwione\u201d (2019) oraz artystyczn\u0105 akcj\u0119 fotograficzn\u0105 pt. \u201eCodzienno\u015b\u0107 jest nudna\u201d (2019), kt\u00f3ra zwyci\u0119\u017cy\u0142a w konkursie artystycznym \u201eDo Sztuki Gotowi Start!\u201d organizowanym przez Galeri\u0119 BWA w Katowicach. Wsp\u00f3\u0142tworzy\u0142a konferencj\u0119 po\u015bwi\u0119con\u0105 kszta\u0142ceniu pt. \u201eEduholism\u201d (2019) oraz gazet\u0119 24. edycji Mi\u0119dzynarodowego Festiwalu Sztuk Performatywnych A PART (2018). Anga\u017cowa\u0142a si\u0119 r\u00f3wnie\u017c w popularyzacj\u0119 filozofii b\u0119d\u0105c pomys\u0142odawczyni\u0105 i organizatork\u0105 warsztat\u00f3w dla m\u0142odzie\u017cy (2018) z grantu FIO \u201e\u015al\u0105skie Lokalnie 2018-2019\u201d oraz prowadz\u0105c warsztaty filozoficzno-kulturoznawcze pt. \u201eUwaga: Nauka!\u201d na \u015al\u0105skim Festiwalu Nauki (2020). Zorganizowa\u0142a Sympozjon filozoficzny 2019 oraz III Katowicki Dzie\u0144 Psiaka (2018). Jest wsp\u00f3\u0142za\u0142o\u017cycielk\u0105 stowarzyszenia Przestrze\u0144 Otwarcia<\/span><span style=\"font-weight: 400\">.<\/span> \r\n                                <div class=\"mt-3\"><\/div>\r\n                            <\/div>\r\n                            \r\n                            <div class=\"text-modules__img\"><img src=\"https:\/\/us.edu.pl\/student\/wp-content\/uploads\/sites\/3\/Wyr\u00f3\u017cnienia-rektora\/wyr\u00f3\u017cnieni-z-lat-poprzednich\/Laureaci-2020\/Gabriela_Styrkowicz2-300x200.jpg\" alt=\"img\"><\/div>\r\n                        <\/div>\r\n                    <\/div>\r\n                <\/div>[\/vc_column][\/vc_row]<\/p>","protected":false},"excerpt":{"rendered":"<p>[vc_row][vc_column][\/vc_column][\/vc_row] [&#8230;]<\/p>\n<p><a class=\"btn btn-secondary understrap-read-more-link\" href=\"https:\/\/us.edu.pl\/student\/dzialalnosc-studencka\/wyroznienia-jm-rektora-us\/laureaci-poprzednich-edycji\/laureaci-xii-edycji\/studenci\/gabriela-styrkowicz\/\">Read More&#8230;<\/a><\/p>\n","protected":false},"author":28,"featured_media":0,"parent":23084,"menu_order":0,"comment_status":"closed","ping_status":"closed","template":"","meta":{"_expiration-date-status":"saved","_expiration-date":0,"_expiration-date-type":"","_expiration-date-categories":[],"_expiration-date-options":[]},"acf":[],"_links":{"self":[{"href":"https:\/\/us.edu.pl\/student\/wp-json\/wp\/v2\/pages\/23270"}],"collection":[{"href":"https:\/\/us.edu.pl\/student\/wp-json\/wp\/v2\/pages"}],"about":[{"href":"https:\/\/us.edu.pl\/student\/wp-json\/wp\/v2\/types\/page"}],"author":[{"embeddable":true,"href":"https:\/\/us.edu.pl\/student\/wp-json\/wp\/v2\/users\/28"}],"replies":[{"embeddable":true,"href":"https:\/\/us.edu.pl\/student\/wp-json\/wp\/v2\/comments?post=23270"}],"version-history":[{"count":0,"href":"https:\/\/us.edu.pl\/student\/wp-json\/wp\/v2\/pages\/23270\/revisions"}],"up":[{"embeddable":true,"href":"https:\/\/us.edu.pl\/student\/wp-json\/wp\/v2\/pages\/23084"}],"wp:attachment":[{"href":"https:\/\/us.edu.pl\/student\/wp-json\/wp\/v2\/media?parent=23270"}],"curies":[{"name":"wp","href":"https:\/\/api.w.org\/{rel}","templated":true}]}}