{"id":23273,"date":"2020-08-19T15:17:01","date_gmt":"2020-08-19T13:17:01","guid":{"rendered":"https:\/\/us.edu.pl\/student\/?page_id=23273"},"modified":"2020-08-19T15:20:45","modified_gmt":"2020-08-19T13:20:45","slug":"monika-szomko","status":"publish","type":"page","link":"https:\/\/us.edu.pl\/student\/dzialalnosc-studencka\/wyroznienia-jm-rektora-us\/laureaci-poprzednich-edycji\/laureaci-xii-edycji\/studenci\/monika-szomko\/","title":{"rendered":"Monika Szomko"},"content":{"rendered":"<p>[vc_row][vc_column]\r\n                <div class=\"text-modules \">\r\n                    <div class=\"container\">\r\n                         <h3 class=\"subtitle text-modules__subtitle\">Monika Szomko<\/h3>\r\n                        <div class=\"row m-0\">\r\n                            <div class=\"text-modules__content\">\r\n                                Otrzyma\u0142a Wyr\u00f3\u017cnienie Rektora U\u015a za\u00a0<strong>osi\u0105gni\u0119cia artystyczne\u00a0<\/strong>jako studentka I roku studi\u00f3w magisterskich na kierunku organizacja produkcji filmowej i telewizyjnej. W\u015br\u00f3d swoich najwi\u0119kszych osi\u0105gni\u0119\u0107 wymienia autorski projekt teatralny &#8211; recital piosenki aktorskiej i poetyckiej \u201eDobry we mnie diabe\u0142\u201d (2015-2020), stale rosn\u0105ce do\u015bwiadczenie w dubbingu (jak chocia\u017cby w takich produkcjach jak \u201eDziki \u015bwiat braci Kratt\u201d, &#8222;Super Hero Girls&#8221; i &#8222;Hatchimals&#8221; i dziesi\u0105tkach innych produkcji), nagranie audiobooka \u201ePoduszka w r\u00f3\u017cowe s\u0142onie\u201d oraz zagranie epizodu w filmie Lecha Majewskiego p.t. \u201eBrigitte Bardot Cudowna\u201d oraz w serialu \u201eM\u0142ody Pi\u0142sudski\u201d. Dumna jest r\u00f3wnie\u017c ze swojej pracy licencjackiej o van Goghu. Anga\u017cowa\u0142a si\u0119 tak\u017ce w akcje spo\u0142eczne, m.in. projekt \u201eNasze czytanie\u201d &#8211; Fundacja S\u0142owo i Kropka (2020).\u00a0Wsp\u00f3\u0142pracuje ze studentami\u00a0Szko\u0142y Filmowej im. K. Kie\u015blowskiego, a etiudy, w kt\u00f3rych bra\u0142a udzia\u0142, trafi\u0142y w tym roku na Festiwal M\u0142odzi i Film w Koszalinie (\u201eOstatnie dni lata\u201d re\u017c. Klaudia K\u0119ska) oraz Festiwal Dwa Brzegi (\u201eBajka na niespokojny sen\u201d re\u017c. Nawojka Wierzbowska).\u00a0Posiada imponuj\u0105ce portfolio do\u015bwiadcze\u0144 teatralnych, telewizyjnych i filmowych, a przy tym znajduje czas na dzielenie si\u0119 swoj\u0105 wiedz\u0105 i umiej\u0119tno\u015bciami prowadz\u0105c warsztaty teatralne dla dzieci i doros\u0142ych. \r\n                                <div class=\"mt-3\"><\/div>\r\n                            <\/div>\r\n                            \r\n                            <div class=\"text-modules__img\"><img src=\"https:\/\/us.edu.pl\/student\/wp-content\/uploads\/sites\/3\/Wyr\u00f3\u017cnienia-rektora\/wyr\u00f3\u017cnieni-z-lat-poprzednich\/Laureaci-2020\/Szomko-Monika-2-225x300.jpg\" alt=\"img\"><\/div>\r\n                        <\/div>\r\n                    <\/div>\r\n                <\/div>[\/vc_column][\/vc_row]<\/p>","protected":false},"excerpt":{"rendered":"<p>[vc_row][vc_column][\/vc_column][\/vc_row] [&#8230;]<\/p>\n<p><a class=\"btn btn-secondary understrap-read-more-link\" href=\"https:\/\/us.edu.pl\/student\/dzialalnosc-studencka\/wyroznienia-jm-rektora-us\/laureaci-poprzednich-edycji\/laureaci-xii-edycji\/studenci\/monika-szomko\/\">Read More&#8230;<\/a><\/p>\n","protected":false},"author":28,"featured_media":0,"parent":23084,"menu_order":0,"comment_status":"closed","ping_status":"closed","template":"","meta":{"_expiration-date-status":"saved","_expiration-date":0,"_expiration-date-type":"","_expiration-date-categories":[],"_expiration-date-options":[]},"acf":[],"_links":{"self":[{"href":"https:\/\/us.edu.pl\/student\/wp-json\/wp\/v2\/pages\/23273"}],"collection":[{"href":"https:\/\/us.edu.pl\/student\/wp-json\/wp\/v2\/pages"}],"about":[{"href":"https:\/\/us.edu.pl\/student\/wp-json\/wp\/v2\/types\/page"}],"author":[{"embeddable":true,"href":"https:\/\/us.edu.pl\/student\/wp-json\/wp\/v2\/users\/28"}],"replies":[{"embeddable":true,"href":"https:\/\/us.edu.pl\/student\/wp-json\/wp\/v2\/comments?post=23273"}],"version-history":[{"count":0,"href":"https:\/\/us.edu.pl\/student\/wp-json\/wp\/v2\/pages\/23273\/revisions"}],"up":[{"embeddable":true,"href":"https:\/\/us.edu.pl\/student\/wp-json\/wp\/v2\/pages\/23084"}],"wp:attachment":[{"href":"https:\/\/us.edu.pl\/student\/wp-json\/wp\/v2\/media?parent=23273"}],"curies":[{"name":"wp","href":"https:\/\/api.w.org\/{rel}","templated":true}]}}