{"id":23281,"date":"2020-08-19T15:32:13","date_gmt":"2020-08-19T13:32:13","guid":{"rendered":"https:\/\/us.edu.pl\/student\/?page_id=23281"},"modified":"2020-08-19T15:32:13","modified_gmt":"2020-08-19T13:32:13","slug":"karolina-wosik","status":"publish","type":"page","link":"https:\/\/us.edu.pl\/student\/dzialalnosc-studencka\/wyroznienia-jm-rektora-us\/laureaci-poprzednich-edycji\/laureaci-xii-edycji\/studenci\/karolina-wosik\/","title":{"rendered":"Karolina Wosik"},"content":{"rendered":"<p>[vc_row][vc_column]\r\n                <div class=\"text-modules \">\r\n                    <div class=\"container\">\r\n                         <h3 class=\"subtitle text-modules__subtitle\">Karolina Wosik<\/h3>\r\n                        <div class=\"row m-0\">\r\n                            <div class=\"text-modules__content\">\r\n                                <span style=\"font-weight: 400\">Otrzyma\u0142a Wyr\u00f3\u017cnienie Rektora U\u015a <\/span><b>za dzia\u0142alno\u015b\u0107 popularnonaukow\u0105<\/b> <b>oraz osi\u0105gni\u0119cia naukowe<\/b><span style=\"font-weight: 400\"> jako studentka V roku prawa. Prowadzi\u0142a warsztaty dotycz\u0105ce dzia\u0142alno\u015bci Unii Europejskiej w ramach \u015al\u0105skiego Festiwalu Nauki (2019), warsztaty zwi\u0105zane z prawami os\u00f3b niepe\u0142nosprawnych (2019),\u00a0 oraz warsztaty dla licealist\u00f3w z zakresu mi\u0119dzynarodowego prawa karnego, a nast\u0119pnie powi\u0105zany z nimi konkurs (2018-2019). Jej dzia\u0142alno\u015b\u0107 popularyzatorska od 2017 roku obejmowa\u0142a r\u00f3wnie\u017c warsztaty i wyk\u0142ady dla uczni\u00f3w z zakresu prawa dyplomatycznego i protoko\u0142u dyplomatycznego. Wyst\u0119powa\u0142a na konferencjach naukowych w kraju i za granic\u0105 oraz w konkursach o zasi\u0119gu mi\u0119dzynarodowym &#8211; jej dru\u017cyna znalaz\u0142a si\u0119 w pierwszej dziesi\u0105tce konkursu <\/span><i><span style=\"font-weight: 400\">All-European International Humanitarian and Refugee Law Moot Court Competition<\/span><\/i><span style=\"font-weight: 400\"> w Ljubljanie (2019). Prowadzi\u0142a r\u00f3wnie\u017c seminaria og\u00f3lnopolskie oraz dla student\u00f3w Wydzia\u0142u. Uczestniczy\u0142a w konkursie <\/span><i><span style=\"font-weight: 400\">Nuremberg Moot Court Competition<\/span><\/i><span style=\"font-weight: 400\"> w Norymberdze (2018), gdzie przyznano jej tytu\u0142 najlepszego m\u00f3wcy rundy (<\/span><i><span style=\"font-weight: 400\">Best Speaker of the Round)<\/span><\/i><span style=\"font-weight: 400\">. Przeznaczy\u0142a Grant Rektora U\u015a dla najlepszych student\u00f3w na udzia\u0142 w <\/span><i><span style=\"font-weight: 400\">International Criminal Court Summer School <\/span><\/i><span style=\"font-weight: 400\">(2019)<\/span><i><span style=\"font-weight: 400\">,<\/span><\/i><span style=\"font-weight: 400\"> co z kolei pozwoli\u0142o jej si\u0119 dosta\u0107 na praktyki w Mi\u0119dzynarodowym Trybunale Karnym w Hadze.<\/span> \r\n                                <div class=\"mt-3\"><\/div>\r\n                            <\/div>\r\n                            \r\n                            <div class=\"text-modules__img\"><img src=\"https:\/\/us.edu.pl\/student\/wp-content\/uploads\/sites\/3\/Wyr\u00f3\u017cnienia-rektora\/wyr\u00f3\u017cnieni-z-lat-poprzednich\/Laureaci-2020\/Wosik-Karolina-1-199x300.jpg\" alt=\"img\"><\/div>\r\n                        <\/div>\r\n                    <\/div>\r\n                <\/div>[\/vc_column][\/vc_row]<\/p>","protected":false},"excerpt":{"rendered":"<p>[vc_row][vc_column][\/vc_column][\/vc_row] [&#8230;]<\/p>\n<p><a class=\"btn btn-secondary understrap-read-more-link\" href=\"https:\/\/us.edu.pl\/student\/dzialalnosc-studencka\/wyroznienia-jm-rektora-us\/laureaci-poprzednich-edycji\/laureaci-xii-edycji\/studenci\/karolina-wosik\/\">Read More&#8230;<\/a><\/p>\n","protected":false},"author":28,"featured_media":0,"parent":23084,"menu_order":0,"comment_status":"closed","ping_status":"closed","template":"","meta":{"_expiration-date-status":"saved","_expiration-date":0,"_expiration-date-type":"","_expiration-date-categories":[],"_expiration-date-options":[]},"acf":[],"_links":{"self":[{"href":"https:\/\/us.edu.pl\/student\/wp-json\/wp\/v2\/pages\/23281"}],"collection":[{"href":"https:\/\/us.edu.pl\/student\/wp-json\/wp\/v2\/pages"}],"about":[{"href":"https:\/\/us.edu.pl\/student\/wp-json\/wp\/v2\/types\/page"}],"author":[{"embeddable":true,"href":"https:\/\/us.edu.pl\/student\/wp-json\/wp\/v2\/users\/28"}],"replies":[{"embeddable":true,"href":"https:\/\/us.edu.pl\/student\/wp-json\/wp\/v2\/comments?post=23281"}],"version-history":[{"count":0,"href":"https:\/\/us.edu.pl\/student\/wp-json\/wp\/v2\/pages\/23281\/revisions"}],"up":[{"embeddable":true,"href":"https:\/\/us.edu.pl\/student\/wp-json\/wp\/v2\/pages\/23084"}],"wp:attachment":[{"href":"https:\/\/us.edu.pl\/student\/wp-json\/wp\/v2\/media?parent=23281"}],"curies":[{"name":"wp","href":"https:\/\/api.w.org\/{rel}","templated":true}]}}