{"id":23287,"date":"2020-08-19T15:39:34","date_gmt":"2020-08-19T13:39:34","guid":{"rendered":"https:\/\/us.edu.pl\/student\/?page_id=23287"},"modified":"2020-08-19T15:39:34","modified_gmt":"2020-08-19T13:39:34","slug":"weronika-zebrowska","status":"publish","type":"page","link":"https:\/\/us.edu.pl\/student\/dzialalnosc-studencka\/wyroznienia-jm-rektora-us\/laureaci-poprzednich-edycji\/laureaci-xii-edycji\/studenci\/weronika-zebrowska\/","title":{"rendered":"Weronika \u017bebrowska"},"content":{"rendered":"<p>[vc_row][vc_column]\r\n                <div class=\"text-modules \">\r\n                    <div class=\"container\">\r\n                         <h3 class=\"subtitle text-modules__subtitle\">Weronika \u017bebrowska<\/h3>\r\n                        <div class=\"row m-0\">\r\n                            <div class=\"text-modules__content\">\r\n                                <span style=\"font-weight: 400\">Otrzyma\u0142a Wyr\u00f3\u017cnienie Rektora U\u015a za <\/span><b>dzia\u0142alno\u015b\u0107 popularnonaukow\u0105 <\/b><span style=\"font-weight: 400\">jako studentka V roku prawa. Wsp\u00f3\u0142tworzy\u0142a raport \u201eInside China&#8221; opracowany przez Polskie Centrum Studi\u00f3w nad Prawem i Gospodark\u0105 Chin przy Uniwersytecie Warszawskim, w ramach programu Ministerstwa Nauki i Szkolnictwa Wy\u017cszego pt. \u201eDialog&#8221;\u00a0 oraz by\u0142a organizatorem konferencji naukowych &#8211; og\u00f3lnopolskiej \u201ePrawne i gospodarcze aspekty wsp\u00f3\u0142pracy z Chi\u0144sk\u0105 Republik\u0105 Ludow\u0105&#8221;, w wyniku kt\u00f3rej zosta\u0142a wsp\u00f3\u0142autork\u0105 publikacji naukowej, a tak\u017ce wsp\u00f3\u0142organizowa\u0142a konferencj\u0119 mi\u0119dzynarodow\u0105 -\u201eSino-Polish Conference on Comparative Law&#8221; w Pekinie. Sekretarz Mi\u0119dzywydzia\u0142owego Ko\u0142a Naukowego Kultury i Prawa Chi\u0144skiego Uniwersytetu \u015al\u0105skiego (2018\/2019). Bra\u0142a udzia\u0142 w konferencjach o prawie chi\u0144skim organizowanych przez Uniwersytety w Pekinie. Wsp\u00f3\u0142organizowa\u0142a wydarzenie o mi\u0119dzynarodowym charakterze \u201eDwa dni z prawem Azjatyckim&#8221; (2018). Przeprowadzi\u0142a wyk\u0142ad z rejestracji znak\u00f3w rejestracji znak\u00f3w towarowych w Chinach na Wydziale Prawa i Administracji U\u015a. Autorka artyku\u0142\u00f3w o prawie, biznesie i kulturze Chi\u0144skiej Republiki Ludowej publikowanych w witrynie <\/span><a href=\"http:\/\/intochinalaw.org\/\"><span style=\"font-weight: 400\">intochinalaw.org<\/span><\/a><span style=\"font-weight: 400\">, kt\u00f3r\u0105 wsp\u00f3\u0142tworzy\u0142a. Organizator oraz koordynator stoisk Mi\u0119dzywydzia\u0142owego Ko\u0142a Naukowego Kultury i Prawa Chi\u0144skiego U\u015a podczas dw\u00f3ch edycji \u015al\u0105skiego Festiwalu Nauki (2018, 2019). Aktorka i wsp\u00f3\u0142tw\u00f3rczyni przedstawienia teatralnego pt.: \u201eNie-winna&#8221; w ramach \u015aFN 2017, z ramienia Instytutu Kryminalistyki WPiA U\u015a. Koordynator II Mi\u0119dzyszkolnego Turnieju Debat Oksfordzkich oraz profesjonalnych szkole\u0144 z zakresu debaty oksfordzkiej przed ka\u017cdym etapem rywalizacji turnieju (2017).<\/span> \r\n                                <div class=\"mt-3\"><\/div>\r\n                            <\/div>\r\n                            \r\n                            <div class=\"text-modules__img\"><img src=\"https:\/\/us.edu.pl\/student\/wp-content\/uploads\/sites\/3\/Wyr\u00f3\u017cnienia-rektora\/wyr\u00f3\u017cnieni-z-lat-poprzednich\/Laureaci-2020\/\u017bebrowska-Weronika-3-199x300.jpg\" alt=\"img\"><\/div>\r\n                        <\/div>\r\n                    <\/div>\r\n                <\/div>[\/vc_column][\/vc_row]<\/p>","protected":false},"excerpt":{"rendered":"<p>[vc_row][vc_column][\/vc_column][\/vc_row] [&#8230;]<\/p>\n<p><a class=\"btn btn-secondary understrap-read-more-link\" href=\"https:\/\/us.edu.pl\/student\/dzialalnosc-studencka\/wyroznienia-jm-rektora-us\/laureaci-poprzednich-edycji\/laureaci-xii-edycji\/studenci\/weronika-zebrowska\/\">Read More&#8230;<\/a><\/p>\n","protected":false},"author":28,"featured_media":0,"parent":23084,"menu_order":0,"comment_status":"closed","ping_status":"closed","template":"","meta":{"_expiration-date-status":"saved","_expiration-date":0,"_expiration-date-type":"","_expiration-date-categories":[],"_expiration-date-options":[]},"acf":[],"_links":{"self":[{"href":"https:\/\/us.edu.pl\/student\/wp-json\/wp\/v2\/pages\/23287"}],"collection":[{"href":"https:\/\/us.edu.pl\/student\/wp-json\/wp\/v2\/pages"}],"about":[{"href":"https:\/\/us.edu.pl\/student\/wp-json\/wp\/v2\/types\/page"}],"author":[{"embeddable":true,"href":"https:\/\/us.edu.pl\/student\/wp-json\/wp\/v2\/users\/28"}],"replies":[{"embeddable":true,"href":"https:\/\/us.edu.pl\/student\/wp-json\/wp\/v2\/comments?post=23287"}],"version-history":[{"count":0,"href":"https:\/\/us.edu.pl\/student\/wp-json\/wp\/v2\/pages\/23287\/revisions"}],"up":[{"embeddable":true,"href":"https:\/\/us.edu.pl\/student\/wp-json\/wp\/v2\/pages\/23084"}],"wp:attachment":[{"href":"https:\/\/us.edu.pl\/student\/wp-json\/wp\/v2\/media?parent=23287"}],"curies":[{"name":"wp","href":"https:\/\/api.w.org\/{rel}","templated":true}]}}