{"id":23299,"date":"2020-08-20T11:29:02","date_gmt":"2020-08-20T09:29:02","guid":{"rendered":"https:\/\/us.edu.pl\/student\/?page_id=23299"},"modified":"2020-09-07T09:04:49","modified_gmt":"2020-09-07T07:04:49","slug":"klaudia-cebulska","status":"publish","type":"page","link":"https:\/\/us.edu.pl\/student\/dzialalnosc-studencka\/wyroznienia-jm-rektora-us\/laureaci-poprzednich-edycji\/laureaci-xii-edycji\/doktoranci\/klaudia-cebulska\/","title":{"rendered":"Klaudia Cebulska"},"content":{"rendered":"<p>[vc_row][vc_column]\r\n                <div class=\"text-modules \">\r\n                    <div class=\"container\">\r\n                         <h3 class=\"subtitle text-modules__subtitle\">Klaudia Cebulska<\/h3>\r\n                        <div class=\"row m-0\">\r\n                            <div class=\"text-modules__content\">\r\n                                Otrzyma\u0142a Wyr\u00f3\u017cnienie Rektora U\u015a za\u00a0<strong>dzia\u0142alno\u015b\u0107 popularnonaukow\u0105 oraz osi\u0105gni\u0119cia naukowe<\/strong>\u00a0jako doktorantka IV roku w dyscyplinie nauki biologiczne.<\/p>\n<p>Od 2013 roku prowadzi\u0142a r\u00f3\u017cnego rodzaju zaj\u0119cia edukacyjne dla dzieci, m\u0142odzie\u017cy i doros\u0142ych, w tym dla senior\u00f3w. W trakcie wsp\u00f3\u0142pracy z Fundacj\u0105 Park \u015al\u0105ski (od 2018), jako edukatorka Akademii Bior\u00f3\u017cnorodno\u015bci, przeprowadzi\u0142a kilkadziesi\u0105t autorskich warsztat\u00f3w dotycz\u0105cych \u017cycia organizm\u00f3w wodnych. W ramach wsp\u00f3\u0142pracy z Fundacj\u0105 organizowa\u0142a r\u00f3wnie\u017c otwarte zaj\u0119cia z hydrobiologii w takich projektach jak \u201eEkospotkania\u201d (2019), czy piknik \u201eZielone pracownie\u201d WFO\u015aiGW w Katowicach (2019). Jako wolontariuszka w Sztabie Og\u00f3lnopolskiego Zlotu Zwi\u0105zku Harcerstwa Polskiego \u201eGda\u0144sk 2018\u201d zrealizowa\u0142a autorskie zaj\u0119cia z zakresu biologii w\u00f3d s\u0142odkich. Od 2017 roku prowadzi r\u00f3wnie\u017c warsztaty i wyk\u0142ady w \u015al\u0105skim Ogrodzie Botanicznym. We wsp\u00f3\u0142pracy ze stowarzyszeniem Klub Gaja przeprowadzi\u0142a angloj\u0119zyczne zaj\u0119cia edukacyjne dla uczni\u00f3w szk\u00f3\u0142 \u015brednich z Polski, W\u0142och i Chorwacji, w ramach mi\u0119dzynarodowego projektu \u201eWritten on Water\u201d. Przygotowuj\u0105c ekspozycje i wyk\u0142ady bra\u0142a czynny udzia\u0142 we wszystkich dotychczasowych edycjach \u015al\u0105skiego Festiwalu Nauki oraz w czterech edycjach Og\u00f3lnopolskiej Nocy Biolog\u00f3w (2016-2020). W ramach grantu otrzymanego w konkursie FIO \u015al\u0105skie Lokalnie 2020 zrealizowa\u0142a cykl warsztat\u00f3w dla dzieci pt. \u201eSpotkania z wodnymi stworami Parku \u015al\u0105skiego\u201d.<\/p>\n<p>W swoim dorobku naukowym posiada kilka publikacji naukowych i popularnonaukowych oraz wyst\u0105pienia na wielu konferencjach o zasi\u0119gu og\u00f3lnopolskim i mi\u0119dzynarodowym. Wsp\u00f3\u0142organizowa\u0142a trzy konferencje naukowe, w tym \u201eXXV Og\u00f3lnopolskie Warsztaty Bentologiczne\u201d (2018).<\/p>\n<p>Najwi\u0119cej satysfakcji daje jej\u00a0odkrywanie tajemnic hydrobiologii przed innymi lud\u017ami, a edukacja ekologiczna dzieci to jej zdaniem jeden z najlepszych sposob\u00f3w ratowania przyrody. \r\n                                <div class=\"mt-3\"><\/div>\r\n                            <\/div>\r\n                            \r\n                            <div class=\"text-modules__img\"><img src=\"https:\/\/us.edu.pl\/student\/wp-content\/uploads\/sites\/3\/Wyr\u00f3\u017cnienia-rektora\/wyr\u00f3\u017cnieni-z-lat-poprzednich\/Laureaci-2020\/Klaudia-Cebulska-300x200.jpg\" alt=\"img\"><\/div>\r\n                        <\/div>\r\n                    <\/div>\r\n                <\/div>[\/vc_column][\/vc_row]<\/p>","protected":false},"excerpt":{"rendered":"<p>[vc_row][vc_column][\/vc_column][\/vc_row] [&#8230;]<\/p>\n<p><a class=\"btn btn-secondary understrap-read-more-link\" href=\"https:\/\/us.edu.pl\/student\/dzialalnosc-studencka\/wyroznienia-jm-rektora-us\/laureaci-poprzednich-edycji\/laureaci-xii-edycji\/doktoranci\/klaudia-cebulska\/\">Read More&#8230;<\/a><\/p>\n","protected":false},"author":28,"featured_media":0,"parent":23082,"menu_order":0,"comment_status":"closed","ping_status":"closed","template":"","meta":{"_expiration-date-status":"saved","_expiration-date":0,"_expiration-date-type":"","_expiration-date-categories":[],"_expiration-date-options":[]},"acf":[],"_links":{"self":[{"href":"https:\/\/us.edu.pl\/student\/wp-json\/wp\/v2\/pages\/23299"}],"collection":[{"href":"https:\/\/us.edu.pl\/student\/wp-json\/wp\/v2\/pages"}],"about":[{"href":"https:\/\/us.edu.pl\/student\/wp-json\/wp\/v2\/types\/page"}],"author":[{"embeddable":true,"href":"https:\/\/us.edu.pl\/student\/wp-json\/wp\/v2\/users\/28"}],"replies":[{"embeddable":true,"href":"https:\/\/us.edu.pl\/student\/wp-json\/wp\/v2\/comments?post=23299"}],"version-history":[{"count":0,"href":"https:\/\/us.edu.pl\/student\/wp-json\/wp\/v2\/pages\/23299\/revisions"}],"up":[{"embeddable":true,"href":"https:\/\/us.edu.pl\/student\/wp-json\/wp\/v2\/pages\/23082"}],"wp:attachment":[{"href":"https:\/\/us.edu.pl\/student\/wp-json\/wp\/v2\/media?parent=23299"}],"curies":[{"name":"wp","href":"https:\/\/api.w.org\/{rel}","templated":true}]}}