{"id":23301,"date":"2020-08-20T11:30:48","date_gmt":"2020-08-20T09:30:48","guid":{"rendered":"https:\/\/us.edu.pl\/student\/?page_id=23301"},"modified":"2020-09-07T13:10:52","modified_gmt":"2020-09-07T11:10:52","slug":"andrzej-dzienia","status":"publish","type":"page","link":"https:\/\/us.edu.pl\/student\/dzialalnosc-studencka\/wyroznienia-jm-rektora-us\/laureaci-poprzednich-edycji\/laureaci-xii-edycji\/doktoranci\/andrzej-dzienia\/","title":{"rendered":"Andrzej Dzienia"},"content":{"rendered":"<p>[vc_row][vc_column]\r\n                <div class=\"text-modules \">\r\n                    <div class=\"container\">\r\n                         <h3 class=\"subtitle text-modules__subtitle\">Andrzej Dzienia<\/h3>\r\n                        <div class=\"row m-0\">\r\n                            <div class=\"text-modules__content\">\r\n                                Otrzyma\u0142 Wyr\u00f3\u017cnienie Rektora U\u015a za osi\u0105gni\u0119cia naukowe jako doktorant IV roku w dyscyplinie nauk chemicznych. W swoim dorobku naukowym posiada niemal 20 artyku\u0142\u00f3w naukowych w presti\u017cowych czasopismach z Listy Filadelfijskiej o sumarycznym wsp\u00f3\u0142czynniku wp\u0142ywu IF = 83. Badania, kt\u00f3re prowadzi\u0142 w ramach projekt\u00f3w naukowych m.in. Sonata BIS, a tak\u017ce Inkubator Innowacyjno\u015bci+, promuj\u0105 ekologiczne metody syntezy, z wykorzystaniem wysokiego ci\u015bnienia jako czynnika wspieraj\u0105cego reakcje polimeryzacji. Cechuj\u0105 si\u0119 one innowacyjno\u015bci\u0105, a tak\u017ce walorem komercjalizacyjnym co potwierdza przyznany patent krajowy i rozpatrywane trzy kolejne zg\u0142oszenia patentowe. Jest on r\u00f3wnie\u017c wsp\u00f3\u0142autorem patentu mi\u0119dzynarodowego dotycz\u0105cego pochodnych chinoliny, reguluj\u0105cych cykl kom\u00f3rkowy, jako substancji aktywnych do zastosowania w lekach przeciwnowotworowych. Andrzej Dzienia prezentowa\u0142 swoje wyniki bada\u0144 na kilku konferencjach og\u00f3lnopolskich i mi\u0119dzynarodowych m.in. Bordeaux Polymer Conference 2018 i Pacific Polymer Conference 2019. Jest autorem projektu i kierownikiem w grancie Narodowego Centrum Bada\u0144 i Rozwoju \u201eRozw\u00f3j ci\u015bnieniowej metody wolnorodnikowej polimeryzacji\u00a0\u00a0N-winylopirrolidonu\u201d oraz dw\u00f3ch innych autorskich projekt\u00f3w wydzia\u0142owych. Aktywnie dzia\u0142a na rzecz komercjalizacji wynik\u00f3w bada\u0144 co zaowocowa\u0142o podpisaniem umowy o wsp\u00f3\u0142prac\u0119 badawcz\u0105 dotycz\u0105c\u0105 fotopolimeryzacji pod ci\u015bnieniem z Photo Hitech Sp z.o.o. W<br \/>\n2020 roku otrzyma\u0142 \u015al\u0105sk\u0105 Nagrod\u0119 Naukow\u0105 dla doktoranta w ramach \u015al\u0105skiego Festiwalu Nauki, a tak\u017ce presti\u017cowe stypendium START dla m\u0142odych naukowc\u00f3w, przyznane przez Fundacj\u0119 na Rzecz Nauki Polskiej i nominacj\u0119 do Polskiej Nagrody Inteligentnego Rozwoju 2020 w kategorii: Badania przysz\u0142o\u015bci. W wolnym czasie zajmuje si\u0119 podr\u00f3\u017cowaniem, fotografi\u0105 i browarnictwem. \r\n                                <div class=\"mt-3\"><\/div>\r\n                            <\/div>\r\n                            \r\n                            <div class=\"text-modules__img\"><img src=\"https:\/\/us.edu.pl\/student\/wp-content\/uploads\/sites\/3\/Wyr\u00f3\u017cnienia-rektora\/wyr\u00f3\u017cnieni-z-lat-poprzednich\/Laureaci-2020\/Dzienia-Andrzej-1-200x300.jpg\" alt=\"img\"><\/div>\r\n                        <\/div>\r\n                    <\/div>\r\n                <\/div>[\/vc_column][\/vc_row]<\/p>","protected":false},"excerpt":{"rendered":"<p>[vc_row][vc_column][\/vc_column][\/vc_row] [&#8230;]<\/p>\n<p><a class=\"btn btn-secondary understrap-read-more-link\" href=\"https:\/\/us.edu.pl\/student\/dzialalnosc-studencka\/wyroznienia-jm-rektora-us\/laureaci-poprzednich-edycji\/laureaci-xii-edycji\/doktoranci\/andrzej-dzienia\/\">Read More&#8230;<\/a><\/p>\n","protected":false},"author":28,"featured_media":0,"parent":23082,"menu_order":0,"comment_status":"closed","ping_status":"closed","template":"","meta":{"_expiration-date-status":"saved","_expiration-date":0,"_expiration-date-type":"","_expiration-date-categories":[],"_expiration-date-options":[]},"acf":[],"_links":{"self":[{"href":"https:\/\/us.edu.pl\/student\/wp-json\/wp\/v2\/pages\/23301"}],"collection":[{"href":"https:\/\/us.edu.pl\/student\/wp-json\/wp\/v2\/pages"}],"about":[{"href":"https:\/\/us.edu.pl\/student\/wp-json\/wp\/v2\/types\/page"}],"author":[{"embeddable":true,"href":"https:\/\/us.edu.pl\/student\/wp-json\/wp\/v2\/users\/28"}],"replies":[{"embeddable":true,"href":"https:\/\/us.edu.pl\/student\/wp-json\/wp\/v2\/comments?post=23301"}],"version-history":[{"count":0,"href":"https:\/\/us.edu.pl\/student\/wp-json\/wp\/v2\/pages\/23301\/revisions"}],"up":[{"embeddable":true,"href":"https:\/\/us.edu.pl\/student\/wp-json\/wp\/v2\/pages\/23082"}],"wp:attachment":[{"href":"https:\/\/us.edu.pl\/student\/wp-json\/wp\/v2\/media?parent=23301"}],"curies":[{"name":"wp","href":"https:\/\/api.w.org\/{rel}","templated":true}]}}