{"id":23303,"date":"2020-08-20T11:33:47","date_gmt":"2020-08-20T09:33:47","guid":{"rendered":"https:\/\/us.edu.pl\/student\/?page_id=23303"},"modified":"2020-09-07T09:06:06","modified_gmt":"2020-09-07T07:06:06","slug":"marta-frackowiak","status":"publish","type":"page","link":"https:\/\/us.edu.pl\/student\/dzialalnosc-studencka\/wyroznienia-jm-rektora-us\/laureaci-poprzednich-edycji\/laureaci-xii-edycji\/doktoranci\/marta-frackowiak\/","title":{"rendered":"Marta Fr\u0105ckowiak"},"content":{"rendered":"<p>[vc_row][vc_column]\r\n                <div class=\"text-modules \">\r\n                    <div class=\"container\">\r\n                         <h3 class=\"subtitle text-modules__subtitle\">Marta Fr\u0105ckowiak<\/h3>\r\n                        <div class=\"row m-0\">\r\n                            <div class=\"text-modules__content\">\r\n                                <span style=\"font-weight: 400\">Otrzyma\u0142a Wyr\u00f3\u017cnienie Rektora U\u015a za <\/span><b>dzia\u0142alno\u015b\u0107 kulturaln\u0105 <\/b><span style=\"font-weight: 400\">jako doktorantka III roku w dziedzinie sztuki. Pomys\u0142odawczyni konkursu na ma\u0142\u0105 form\u0119 graficzn\u0105 \u201eBajki robot\u00f3w\u201d &#8211; inicjatywy towarzysz\u0105cej Mi\u0119dzynarodowemu Triennale Grafiki w Cieszynie (2018), w kt\u00f3rej zg\u0142oszonych zosta\u0142o niemal 600 prac konkursowych. Jej prace prezentowane by\u0142y zar\u00f3wno na indywidualnych, jak i mi\u0119dzynarodowych wystawach, m.in. podczas International Art Festival in Korea (2019) oraz Arte Grafica Italiana (2019). Wsp\u00f3\u0142organizowa\u0142a Festiwal &#8222;Z\u0142ota Rybka&#8221; w Gliwicach (2018), prowadzi\u0142a liczne warsztaty m.in. na Zamku w Cieszynie w ramach Wielkiej Orkiestry \u015awi\u0105tecznej Pomocy (2019), podczas skoczowskiej \u201eNocy Muze\u00f3w\u201d (2018) oraz warsztaty dla m\u0142odzie\u017cy promuj\u0105ce studiowanie w Cieszynie. Zrealizowa\u0142a r\u00f3wnie\u017c dwa w\u0142asne projekty naukowe.<\/span> \r\n                                <div class=\"mt-3\"><\/div>\r\n                            <\/div>\r\n                            \r\n                            <div class=\"text-modules__img\"><img src=\"https:\/\/us.edu.pl\/student\/wp-content\/uploads\/sites\/3\/Wyr\u00f3\u017cnienia-rektora\/wyr\u00f3\u017cnieni-z-lat-poprzednich\/Laureaci-2020\/Fr\u0105ckowiak-Marta-1-174x300.jpg\" alt=\"img\"><\/div>\r\n                        <\/div>\r\n                    <\/div>\r\n                <\/div>[\/vc_column][\/vc_row]<\/p>","protected":false},"excerpt":{"rendered":"<p>[vc_row][vc_column][\/vc_column][\/vc_row] [&#8230;]<\/p>\n<p><a class=\"btn btn-secondary understrap-read-more-link\" href=\"https:\/\/us.edu.pl\/student\/dzialalnosc-studencka\/wyroznienia-jm-rektora-us\/laureaci-poprzednich-edycji\/laureaci-xii-edycji\/doktoranci\/marta-frackowiak\/\">Read More&#8230;<\/a><\/p>\n","protected":false},"author":28,"featured_media":0,"parent":23082,"menu_order":0,"comment_status":"closed","ping_status":"closed","template":"","meta":{"_expiration-date-status":"saved","_expiration-date":0,"_expiration-date-type":"","_expiration-date-categories":[],"_expiration-date-options":[]},"acf":[],"_links":{"self":[{"href":"https:\/\/us.edu.pl\/student\/wp-json\/wp\/v2\/pages\/23303"}],"collection":[{"href":"https:\/\/us.edu.pl\/student\/wp-json\/wp\/v2\/pages"}],"about":[{"href":"https:\/\/us.edu.pl\/student\/wp-json\/wp\/v2\/types\/page"}],"author":[{"embeddable":true,"href":"https:\/\/us.edu.pl\/student\/wp-json\/wp\/v2\/users\/28"}],"replies":[{"embeddable":true,"href":"https:\/\/us.edu.pl\/student\/wp-json\/wp\/v2\/comments?post=23303"}],"version-history":[{"count":0,"href":"https:\/\/us.edu.pl\/student\/wp-json\/wp\/v2\/pages\/23303\/revisions"}],"up":[{"embeddable":true,"href":"https:\/\/us.edu.pl\/student\/wp-json\/wp\/v2\/pages\/23082"}],"wp:attachment":[{"href":"https:\/\/us.edu.pl\/student\/wp-json\/wp\/v2\/media?parent=23303"}],"curies":[{"name":"wp","href":"https:\/\/api.w.org\/{rel}","templated":true}]}}