{"id":23306,"date":"2020-08-20T11:36:30","date_gmt":"2020-08-20T09:36:30","guid":{"rendered":"https:\/\/us.edu.pl\/student\/?page_id=23306"},"modified":"2020-09-12T16:09:50","modified_gmt":"2020-09-12T14:09:50","slug":"rafal-juroszek","status":"publish","type":"page","link":"https:\/\/us.edu.pl\/student\/dzialalnosc-studencka\/wyroznienia-jm-rektora-us\/laureaci-poprzednich-edycji\/laureaci-xii-edycji\/doktoranci\/rafal-juroszek\/","title":{"rendered":"Rafa\u0142 Juroszek"},"content":{"rendered":"<p>[vc_row][vc_column]\r\n                <div class=\"text-modules \">\r\n                    <div class=\"container\">\r\n                         <h3 class=\"subtitle text-modules__subtitle\">Rafa\u0142 Juroszek<\/h3>\r\n                        <div class=\"row m-0\">\r\n                            <div class=\"text-modules__content\">\r\n                                Otrzyma\u0142 Wyr\u00f3\u017cnienie Rektora U\u015a za osi\u0105gni\u0119cia naukowe jako doktorant w dyscyplinie Nauki o Ziemi i \u015brodowisku. Ma na swoim koncie odkrycie i opisanie dw\u00f3ch nowych minera\u0142\u00f3w: sharyginitu Ca<sub>3<\/sub>TiFe<sub>2<\/sub>O<sub>8 <\/sub>oraz siwaqaitu Ca<sub>6<\/sub>Al<sub>2<\/sub>(CrO<sub>4<\/sub>)<sub>3<\/sub>(OH)<sub>12<\/sub>\u00b726H<sub>2<\/sub>O, kt\u00f3re zosta\u0142y zatwierdzone przez CNMNC IMA (Komisja Nowych Minera\u0142\u00f3w, Nomenklatury i Klasyfikacji przy Mi\u0119dzynarodowej Asocjacji Mineralogicznej). Na jego dorobek naukowy sk\u0142ada si\u0119: siedem artyku\u0142\u00f3w naukowych\u00a0 opublikowanych w renomowanych czasopismach zagranicznych, wyst\u0105pienia na krajowych i mi\u0119dzynarodowych konferencjach naukowych oraz funkcja kierownika i g\u0142\u00f3wnego wykonawcy grantu pt.: \u201cCr i Se w minera\u0142ach grupy ettryngitu i barytu\u201d finansowanego przez Narodowe Centrum Nauki. Doktorant realizowa\u0142 r\u00f3wnie\u017c kilka innych projekt\u00f3w naukowych przyznawanych w wewn\u0119trznych konkursach wydzia\u0142owych Uniwersytetu \u015al\u0105skiego. Dwukrotnie bra\u0142 udzia\u0142 w miesi\u0119cznym sta\u017cu z Single-Crystal X-Ray Diffraction w ramach programu CEEPUS na Uniwersytecie w Innsbrucku, a tak\u017ce by\u0142 jednym z g\u0142\u00f3wnych organizator\u00f3w mi\u0119dzynarodowej konferencji naukowej 11th Geosymposium of Young Researchers, Silesia 2018. \r\n                                <div class=\"mt-3\"><\/div>\r\n                            <\/div>\r\n                            \r\n                            <div class=\"text-modules__img\"><img src=\"https:\/\/us.edu.pl\/student\/wp-content\/uploads\/sites\/3\/Wyr\u00f3\u017cnienia-rektora\/wyr\u00f3\u017cnieni-z-lat-poprzednich\/Laureaci-2020\/Juroszek-Rafa\u0142-1-246x300.jpg\" alt=\"img\"><\/div>\r\n                        <\/div>\r\n                    <\/div>\r\n                <\/div>[\/vc_column][\/vc_row]<\/p>","protected":false},"excerpt":{"rendered":"<p>[vc_row][vc_column][\/vc_column][\/vc_row] [&#8230;]<\/p>\n<p><a class=\"btn btn-secondary understrap-read-more-link\" href=\"https:\/\/us.edu.pl\/student\/dzialalnosc-studencka\/wyroznienia-jm-rektora-us\/laureaci-poprzednich-edycji\/laureaci-xii-edycji\/doktoranci\/rafal-juroszek\/\">Read More&#8230;<\/a><\/p>\n","protected":false},"author":28,"featured_media":0,"parent":23082,"menu_order":0,"comment_status":"closed","ping_status":"closed","template":"","meta":{"_expiration-date-status":"saved","_expiration-date":0,"_expiration-date-type":"","_expiration-date-categories":[],"_expiration-date-options":[]},"acf":[],"_links":{"self":[{"href":"https:\/\/us.edu.pl\/student\/wp-json\/wp\/v2\/pages\/23306"}],"collection":[{"href":"https:\/\/us.edu.pl\/student\/wp-json\/wp\/v2\/pages"}],"about":[{"href":"https:\/\/us.edu.pl\/student\/wp-json\/wp\/v2\/types\/page"}],"author":[{"embeddable":true,"href":"https:\/\/us.edu.pl\/student\/wp-json\/wp\/v2\/users\/28"}],"replies":[{"embeddable":true,"href":"https:\/\/us.edu.pl\/student\/wp-json\/wp\/v2\/comments?post=23306"}],"version-history":[{"count":0,"href":"https:\/\/us.edu.pl\/student\/wp-json\/wp\/v2\/pages\/23306\/revisions"}],"up":[{"embeddable":true,"href":"https:\/\/us.edu.pl\/student\/wp-json\/wp\/v2\/pages\/23082"}],"wp:attachment":[{"href":"https:\/\/us.edu.pl\/student\/wp-json\/wp\/v2\/media?parent=23306"}],"curies":[{"name":"wp","href":"https:\/\/api.w.org\/{rel}","templated":true}]}}