{"id":23309,"date":"2020-08-20T11:39:34","date_gmt":"2020-08-20T09:39:34","guid":{"rendered":"https:\/\/us.edu.pl\/student\/?page_id=23309"},"modified":"2020-09-07T09:09:27","modified_gmt":"2020-09-07T07:09:27","slug":"natalia-kaszyca-taszakowska","status":"publish","type":"page","link":"https:\/\/us.edu.pl\/student\/dzialalnosc-studencka\/wyroznienia-jm-rektora-us\/laureaci-poprzednich-edycji\/laureaci-xii-edycji\/doktoranci\/natalia-kaszyca-taszakowska\/","title":{"rendered":"Natalia Kaszyca \u2013 Taszakowska"},"content":{"rendered":"<p>[vc_row][vc_column]\r\n                <div class=\"text-modules \">\r\n                    <div class=\"container\">\r\n                         <h3 class=\"subtitle text-modules__subtitle\">Natalia Kaszyca-Taszakowska<\/h3>\r\n                        <div class=\"row m-0\">\r\n                            <div class=\"text-modules__content\">\r\n                                <span style=\"font-weight: 400\">Otrzyma\u0142a Wyr\u00f3\u017cnienie Rektora U\u015a za <\/span><b>osi\u0105gni\u0119cia naukowe<\/b> <b>oraz<\/b> <b>dzia\u0142alno\u015b\u0107 popularnonaukow\u0105 <\/b><span style=\"font-weight: 400\">jako doktorantka III roku w dyscyplinie nauki biologiczne. W okresie studi\u00f3w doktoranckich jej dorobek naukowy wzbogaci\u0142 si\u0119 o 15 nowych artyku\u0142\u00f3w naukowych. Kieruje mi\u0119dzynarodowym projektem naukowym z Narodowego Centrum Nauki pn. \u201cCzy ma\u0142y znaczy wiele? Endosymbiotyczny mikrobiom bakteryjny mszyc jako czynnik warunkuj\u0105cy relacje mutualistyczne z mr\u00f3wkami\u201d. Wyst\u0119powa\u0142a na konferencjach mi\u0119dzynarodowych i og\u00f3lnopolskich. Anga\u017cuje si\u0119 r\u00f3wnie\u017c w popularyzacj\u0119 nauki &#8211; m.in. prowadzi\u0142a zaj\u0119cia dla m\u0142odzie\u017cy &#8211; uczestnik\u00f3w olimpiady biologicznej (2018, 2019), warsztaty podczas Europejskiej Nocy Muze\u00f3w (2019) oraz konkurs w ramach Nocy Biolog\u00f3w (2018). Wsp\u00f3\u0142organizowa\u0142a VIII Og\u00f3lnopolsk\u0105 Noc Biolog\u00f3w (2019).<\/span> \r\n                                <div class=\"mt-3\"><\/div>\r\n                            <\/div>\r\n                            \r\n                            <div class=\"text-modules__img\"><img src=\"https:\/\/us.edu.pl\/student\/wp-content\/uploads\/sites\/3\/Wyr\u00f3\u017cnienia-rektora\/wyr\u00f3\u017cnieni-z-lat-poprzednich\/Laureaci-2020\/Kaszyca-Taszakowska-3-257x300.jpg\" alt=\"img\"><\/div>\r\n                        <\/div>\r\n                    <\/div>\r\n                <\/div>[\/vc_column][\/vc_row]<\/p>","protected":false},"excerpt":{"rendered":"<p>[vc_row][vc_column][\/vc_column][\/vc_row] [&#8230;]<\/p>\n<p><a class=\"btn btn-secondary understrap-read-more-link\" href=\"https:\/\/us.edu.pl\/student\/dzialalnosc-studencka\/wyroznienia-jm-rektora-us\/laureaci-poprzednich-edycji\/laureaci-xii-edycji\/doktoranci\/natalia-kaszyca-taszakowska\/\">Read More&#8230;<\/a><\/p>\n","protected":false},"author":28,"featured_media":0,"parent":23082,"menu_order":0,"comment_status":"closed","ping_status":"closed","template":"","meta":{"_expiration-date-status":"saved","_expiration-date":0,"_expiration-date-type":"","_expiration-date-categories":[],"_expiration-date-options":[]},"acf":[],"_links":{"self":[{"href":"https:\/\/us.edu.pl\/student\/wp-json\/wp\/v2\/pages\/23309"}],"collection":[{"href":"https:\/\/us.edu.pl\/student\/wp-json\/wp\/v2\/pages"}],"about":[{"href":"https:\/\/us.edu.pl\/student\/wp-json\/wp\/v2\/types\/page"}],"author":[{"embeddable":true,"href":"https:\/\/us.edu.pl\/student\/wp-json\/wp\/v2\/users\/28"}],"replies":[{"embeddable":true,"href":"https:\/\/us.edu.pl\/student\/wp-json\/wp\/v2\/comments?post=23309"}],"version-history":[{"count":0,"href":"https:\/\/us.edu.pl\/student\/wp-json\/wp\/v2\/pages\/23309\/revisions"}],"up":[{"embeddable":true,"href":"https:\/\/us.edu.pl\/student\/wp-json\/wp\/v2\/pages\/23082"}],"wp:attachment":[{"href":"https:\/\/us.edu.pl\/student\/wp-json\/wp\/v2\/media?parent=23309"}],"curies":[{"name":"wp","href":"https:\/\/api.w.org\/{rel}","templated":true}]}}