{"id":23316,"date":"2020-08-20T11:55:05","date_gmt":"2020-08-20T09:55:05","guid":{"rendered":"https:\/\/us.edu.pl\/student\/?page_id=23316"},"modified":"2020-09-07T15:12:31","modified_gmt":"2020-09-07T13:12:31","slug":"artur-pinski","status":"publish","type":"page","link":"https:\/\/us.edu.pl\/student\/dzialalnosc-studencka\/wyroznienia-jm-rektora-us\/laureaci-poprzednich-edycji\/laureaci-xii-edycji\/doktoranci\/artur-pinski\/","title":{"rendered":"Artur Pi\u0144ski"},"content":{"rendered":"<p>[vc_row][vc_column]\r\n                <div class=\"text-modules \">\r\n                    <div class=\"container\">\r\n                         <h3 class=\"subtitle text-modules__subtitle\">Artur Pi\u0144ski<\/h3>\r\n                        <div class=\"row m-0\">\r\n                            <div class=\"text-modules__content\">\r\n                                <span style=\"font-weight: 400\">Otrzyma\u0142 Wyr\u00f3\u017cnienie Rektora U\u015a za <\/span><b>osi\u0105gni\u0119cia naukowe <\/b><span style=\"font-weight: 400\">oraz<\/span><b> dzia\u0142alno\u015b\u0107 popularnonaukow\u0105<\/b> <span style=\"font-weight: 400\">jako\u00a0 doktorant III roku w dyscyplinie nauki biologiczne. W ci\u0105gu studi\u00f3w doktoranckich jego dorobek naukowy powi\u0119kszy\u0142 si\u0119 m.in. o kolejne dwana\u015bcie artyku\u0142\u00f3w naukowych, wyst\u0105pienia na konferencjach krajowych i zagranicznych oraz kierowanie autorskim grantem z Narodowego Centrum Nauki \u201cZrozumienie genetycznych podstaw korzystnych interakcji pomi\u0119dzy <\/span><i><span style=\"font-weight: 400\">Brachypodium distachyon<\/span><\/i><span style=\"font-weight: 400\"> i bakteriami endofitycznymi\u201d (od 2019). Anga\u017cuje si\u0119 r\u00f3wnie\u017c w popularyzacj\u0119 nauki <\/span><span style=\"font-weight: 400\">m.in. jako wsp\u00f3\u0142organizator dw\u00f3ch edycji Og\u00f3lnopolskiej Nocy Biolog\u00f3w (2018, 2019) oraz wsp\u00f3\u0142organizator stoiska pokazowego ,,Wszystko jest biochemi\u0105\u201d w ramach \u015al\u0105skiego Festiwalu Nauki (2019). \u00a0\u00a0<\/span> \r\n                                <div class=\"mt-3\"><\/div>\r\n                            <\/div>\r\n                            \r\n                            <div class=\"text-modules__img\"><img src=\"https:\/\/us.edu.pl\/student\/wp-content\/uploads\/sites\/3\/Wyr\u00f3\u017cnienia-rektora\/wyr\u00f3\u017cnieni-z-lat-poprzednich\/Laureaci-2020\/Artur-Pi\u0144ski-300x225.jpg\" alt=\"img\"><\/div>\r\n                        <\/div>\r\n                    <\/div>\r\n                <\/div>[\/vc_column][\/vc_row]<\/p>","protected":false},"excerpt":{"rendered":"<p>[vc_row][vc_column][\/vc_column][\/vc_row] [&#8230;]<\/p>\n<p><a class=\"btn btn-secondary understrap-read-more-link\" href=\"https:\/\/us.edu.pl\/student\/dzialalnosc-studencka\/wyroznienia-jm-rektora-us\/laureaci-poprzednich-edycji\/laureaci-xii-edycji\/doktoranci\/artur-pinski\/\">Read More&#8230;<\/a><\/p>\n","protected":false},"author":28,"featured_media":0,"parent":23082,"menu_order":0,"comment_status":"closed","ping_status":"closed","template":"","meta":{"_expiration-date-status":"saved","_expiration-date":0,"_expiration-date-type":"","_expiration-date-categories":[],"_expiration-date-options":[]},"acf":[],"_links":{"self":[{"href":"https:\/\/us.edu.pl\/student\/wp-json\/wp\/v2\/pages\/23316"}],"collection":[{"href":"https:\/\/us.edu.pl\/student\/wp-json\/wp\/v2\/pages"}],"about":[{"href":"https:\/\/us.edu.pl\/student\/wp-json\/wp\/v2\/types\/page"}],"author":[{"embeddable":true,"href":"https:\/\/us.edu.pl\/student\/wp-json\/wp\/v2\/users\/28"}],"replies":[{"embeddable":true,"href":"https:\/\/us.edu.pl\/student\/wp-json\/wp\/v2\/comments?post=23316"}],"version-history":[{"count":0,"href":"https:\/\/us.edu.pl\/student\/wp-json\/wp\/v2\/pages\/23316\/revisions"}],"up":[{"embeddable":true,"href":"https:\/\/us.edu.pl\/student\/wp-json\/wp\/v2\/pages\/23082"}],"wp:attachment":[{"href":"https:\/\/us.edu.pl\/student\/wp-json\/wp\/v2\/media?parent=23316"}],"curies":[{"name":"wp","href":"https:\/\/api.w.org\/{rel}","templated":true}]}}