{"id":23318,"date":"2020-08-20T12:00:35","date_gmt":"2020-08-20T10:00:35","guid":{"rendered":"https:\/\/us.edu.pl\/student\/?page_id=23318"},"modified":"2020-09-07T09:12:19","modified_gmt":"2020-09-07T07:12:19","slug":"barbara-szymanska-markowska","status":"publish","type":"page","link":"https:\/\/us.edu.pl\/student\/dzialalnosc-studencka\/wyroznienia-jm-rektora-us\/laureaci-poprzednich-edycji\/laureaci-xii-edycji\/doktoranci\/barbara-szymanska-markowska\/","title":{"rendered":"Barbara Szyma\u0144ska-Markowska"},"content":{"rendered":"<p>[vc_row][vc_column]\r\n                <div class=\"text-modules \">\r\n                    <div class=\"container\">\r\n                         <h3 class=\"subtitle text-modules__subtitle\">Barbara Szyma\u0144ska-Markowska<\/h3>\r\n                        <div class=\"row m-0\">\r\n                            <div class=\"text-modules__content\">\r\n                                Otrzyma\u0142a Wyr\u00f3\u017cnienie Rektora U\u015a za\u00a0<strong>dzia\u0142alno\u015b\u0107 popularnonaukow\u0105\u00a0<\/strong>jako doktorantka III roku w dyscyplinie nauki fizyczne. Od 2014 roku prowadzi w naszym regionie za\u0142o\u017cone przez siebie Kluby M\u0142odego Odkrywcy (KMO) w ramach og\u00f3lnopolskiego programu koordynowanego przez Centrum Nauki Kopernik. Wspar\u0142a inicjatyw\u0119 podpisania partnerstwa mi\u0119dzy \u015al\u0105skim Mi\u0119dzyuczelnianym Centrum Edukacji i Bada\u0144 Interdyscyplinarnych oraz Centrum Nauki Kopernik. Od lat promuje ide\u0119 KMO, m.in. prowadz\u0105c szkolenia, a jednocze\u015bnie stale samej doskonal\u0105c swoje umiej\u0119tno\u015bci poprzez udzia\u0142 w warsztatach i konferencjach. W 2016 roku zosta\u0142a wyr\u00f3\u017cniona podczas Forum KMO \u201eMistrzowie KMO\u201d. Rok p\u00f3\u017aniej za\u0142o\u017cy\u0142a kolejne dwa Kluby oraz by\u0142a pomys\u0142odawczyni\u0105 projektu Badacze KMO, kt\u00f3ry zosta\u0142 doceniony przez CNK i Polsko-Ameryka\u0144sk\u0105 Fundacj\u0119 Wolno\u015bci. Wsp\u00f3\u0142tworzy\u0142a liczne wydarzenia popularyzuj\u0105ce nauk\u0119, np. Chorzowski Piknik Naukowy. Anga\u017cuje si\u0119 r\u00f3wnie\u017c podczas \u015al\u0105skiego Festiwalu Nauki. \r\n                                <div class=\"mt-3\"><\/div>\r\n                            <\/div>\r\n                            \r\n                            <div class=\"text-modules__img\"><img src=\"https:\/\/us.edu.pl\/student\/wp-content\/uploads\/sites\/3\/Wyr\u00f3\u017cnienia-rektora\/wyr\u00f3\u017cnieni-z-lat-poprzednich\/Laureaci-2020\/Barbara-Szyma\u0144ska-Markowska-4-213x300.jpg\" alt=\"img\"><\/div>\r\n                        <\/div>\r\n                    <\/div>\r\n                <\/div>[\/vc_column][\/vc_row]<\/p>","protected":false},"excerpt":{"rendered":"<p>[vc_row][vc_column][\/vc_column][\/vc_row] [&#8230;]<\/p>\n<p><a class=\"btn btn-secondary understrap-read-more-link\" href=\"https:\/\/us.edu.pl\/student\/dzialalnosc-studencka\/wyroznienia-jm-rektora-us\/laureaci-poprzednich-edycji\/laureaci-xii-edycji\/doktoranci\/barbara-szymanska-markowska\/\">Read More&#8230;<\/a><\/p>\n","protected":false},"author":28,"featured_media":0,"parent":23082,"menu_order":0,"comment_status":"closed","ping_status":"closed","template":"","meta":{"_expiration-date-status":"saved","_expiration-date":0,"_expiration-date-type":"","_expiration-date-categories":[],"_expiration-date-options":[]},"acf":[],"_links":{"self":[{"href":"https:\/\/us.edu.pl\/student\/wp-json\/wp\/v2\/pages\/23318"}],"collection":[{"href":"https:\/\/us.edu.pl\/student\/wp-json\/wp\/v2\/pages"}],"about":[{"href":"https:\/\/us.edu.pl\/student\/wp-json\/wp\/v2\/types\/page"}],"author":[{"embeddable":true,"href":"https:\/\/us.edu.pl\/student\/wp-json\/wp\/v2\/users\/28"}],"replies":[{"embeddable":true,"href":"https:\/\/us.edu.pl\/student\/wp-json\/wp\/v2\/comments?post=23318"}],"version-history":[{"count":0,"href":"https:\/\/us.edu.pl\/student\/wp-json\/wp\/v2\/pages\/23318\/revisions"}],"up":[{"embeddable":true,"href":"https:\/\/us.edu.pl\/student\/wp-json\/wp\/v2\/pages\/23082"}],"wp:attachment":[{"href":"https:\/\/us.edu.pl\/student\/wp-json\/wp\/v2\/media?parent=23318"}],"curies":[{"name":"wp","href":"https:\/\/api.w.org\/{rel}","templated":true}]}}