{"id":23643,"date":"2020-09-07T14:28:18","date_gmt":"2020-09-07T12:28:18","guid":{"rendered":"https:\/\/us.edu.pl\/student\/?page_id=23643"},"modified":"2020-09-07T15:06:20","modified_gmt":"2020-09-07T13:06:20","slug":"alicja-kwiatkowska","status":"publish","type":"page","link":"https:\/\/us.edu.pl\/student\/dzialalnosc-studencka\/wyroznienia-jm-rektora-us\/laureaci-poprzednich-edycji\/laureaci-xii-edycji\/uniwersytet-slaski-dzieci\/alicja-kwiatkowska\/","title":{"rendered":"Alicja Kwiatkowska"},"content":{"rendered":"<p>[vc_row][vc_column]\r\n                <div class=\"text-modules \">\r\n                    <div class=\"container\">\r\n                         <h3 class=\"subtitle text-modules__subtitle\">Alicja Kwiatkowska<\/h3>\r\n                        <div class=\"row m-0\">\r\n                            <div class=\"text-modules__content\">\r\n                                <span style=\"font-weight: 400\">W Uniwersytecie \u015al\u0105skim Dzieci anga\u017cowa\u0142a si\u0119 w dzia\u0142ania grupy Odkrywc\u00f3w, co by\u0142o dla niej po prostu dobr\u0105 zabaw\u0105. Do swoich najwi\u0119kszych osi\u0105gni\u0119\u0107 zalicza to, \u017ce sama nauczy\u0142a si\u0119 rzymskich cyfr i umie ju\u017c mno\u017cy\u0107 (bo to \u0142atwizna!). Poza tym interesuje si\u0119 rysowaniem i ta\u0144cem. Jej ulubiony cytat pochodzi z &#8222;Porwania Baltazara G\u0105bki&#8221;: &#8222;Jeszcze jak &#8211; odpar\u0142 Smok. By\u0142o to jak wiemy jego ulubione powiedzenie&#8221;.<\/span> \r\n                                <div class=\"mt-3\"><\/div>\r\n                            <\/div>\r\n                            \r\n                            <div class=\"text-modules__img\"><img src=\"https:\/\/us.edu.pl\/student\/wp-content\/uploads\/sites\/3\/Wyr\u00f3\u017cnienia-rektora\/wyr\u00f3\u017cnieni-z-lat-poprzednich\/Laureaci-2020\/Ala-Kwiatkowska-294x300.jpg\" alt=\"img\"><\/div>\r\n                        <\/div>\r\n                    <\/div>\r\n                <\/div>[\/vc_column][\/vc_row]<\/p>","protected":false},"excerpt":{"rendered":"<p>[vc_row][vc_column][\/vc_column][\/vc_row] [&#8230;]<\/p>\n<p><a class=\"btn btn-secondary understrap-read-more-link\" href=\"https:\/\/us.edu.pl\/student\/dzialalnosc-studencka\/wyroznienia-jm-rektora-us\/laureaci-poprzednich-edycji\/laureaci-xii-edycji\/uniwersytet-slaski-dzieci\/alicja-kwiatkowska\/\">Read More&#8230;<\/a><\/p>\n","protected":false},"author":28,"featured_media":0,"parent":23080,"menu_order":0,"comment_status":"closed","ping_status":"closed","template":"","meta":{"_expiration-date-status":"saved","_expiration-date":0,"_expiration-date-type":"","_expiration-date-categories":[],"_expiration-date-options":[]},"acf":[],"_links":{"self":[{"href":"https:\/\/us.edu.pl\/student\/wp-json\/wp\/v2\/pages\/23643"}],"collection":[{"href":"https:\/\/us.edu.pl\/student\/wp-json\/wp\/v2\/pages"}],"about":[{"href":"https:\/\/us.edu.pl\/student\/wp-json\/wp\/v2\/types\/page"}],"author":[{"embeddable":true,"href":"https:\/\/us.edu.pl\/student\/wp-json\/wp\/v2\/users\/28"}],"replies":[{"embeddable":true,"href":"https:\/\/us.edu.pl\/student\/wp-json\/wp\/v2\/comments?post=23643"}],"version-history":[{"count":0,"href":"https:\/\/us.edu.pl\/student\/wp-json\/wp\/v2\/pages\/23643\/revisions"}],"up":[{"embeddable":true,"href":"https:\/\/us.edu.pl\/student\/wp-json\/wp\/v2\/pages\/23080"}],"wp:attachment":[{"href":"https:\/\/us.edu.pl\/student\/wp-json\/wp\/v2\/media?parent=23643"}],"curies":[{"name":"wp","href":"https:\/\/api.w.org\/{rel}","templated":true}]}}