{"id":23655,"date":"2020-09-07T14:49:58","date_gmt":"2020-09-07T12:49:58","guid":{"rendered":"https:\/\/us.edu.pl\/student\/?page_id=23655"},"modified":"2020-09-07T15:07:56","modified_gmt":"2020-09-07T13:07:56","slug":"julia-donek","status":"publish","type":"page","link":"https:\/\/us.edu.pl\/student\/dzialalnosc-studencka\/wyroznienia-jm-rektora-us\/laureaci-poprzednich-edycji\/laureaci-xii-edycji\/uniwersytet-slaski-dzieci\/julia-donek\/","title":{"rendered":"Julia Donek"},"content":{"rendered":"<p>[vc_row][vc_column]\r\n                <div class=\"text-modules \">\r\n                    <div class=\"container\">\r\n                         <h3 class=\"subtitle text-modules__subtitle\">Julia Donek <\/h3>\r\n                        <div class=\"row m-0\">\r\n                            <div class=\"text-modules__content\">\r\n                                <span style=\"font-weight: 400\">W Uniwersytecie \u015al\u0105skim Dzieci rozwija\u0142a swoje zainteresowania w grupie Ekspert\u00f3w. Anga\u017cowa\u0142a si\u0119\u00a0 w grupie wolontariackiej Uniwersytetu \u015al\u0105skiego Dzieci (m.in. bior\u0105c udzia\u0142 w akcji charytatywnej U\u015aD na rzecz edukacji dzieci z najubo\u017cszych rejon\u00f3w Afryki \u201eSzko\u0142a Pod Baobabem\u201d) oraz w pracy artystycznej w grupach tw\u00f3rczych Uniwersytetu \u015al\u0105skiego Dzieci \u2013 Ma\u0142ej Akademii Teatru i Ta\u0144ca Flooreski oraz Laboratorium Ekspresji Dzieci\u0119cej. W\u015br\u00f3d swoich osi\u0105gni\u0119\u0107 wymienia m.in. kreowanie g\u0142\u00f3wnych r\u00f3l aktorskich w realizowanych spektaklach teatralnych. Wyst\u0105pi\u0142a m.in. w spektaklu teatralnym Ma\u0142ej Akademii Teatru i Ta\u0144ca Flooreski Uniwersytetu \u015al\u0105skiego Dzieci \u2018\u2019Ma\u0142y Ksi\u0105\u017c\u0119\u201d, \u201eWielki Pokaz Mody Dzieci\u0119cej i M\u0142odzie\u017cowej\u201d, wystawionym na scenie Filharmonii \u015al\u0105skiej w Katowicach oraz w spektaklu \u201eAlicja po drugiej stronie lustra\u201d, wystawionym na scenie Filharmonii \u015al\u0105skiej w Katowicach w ramach \u201eMuzycznych miko\u0142ajek\u201d. Wyst\u0105pi\u0142a r\u00f3wnie\u017c w g\u0142\u00f3wnej roli w spocie promuj\u0105cym II edycj\u0119 \u015al\u0105skiego Festiwalu Nauki, zrealizowanego przez Centrum Medialne U\u015a. Wzi\u0119\u0142a czynny udzia\u0142 w II edycji \u015al\u0105skiego Festiwalu Nauki (prezentacja spektaklu teatralnego inauguruj\u0105cego Festiwal na scenie Teatru \u015al\u0105skiego im. S. Wyspia\u0144skiego w Katowicach) oraz w III edycji \u015al\u0105skiego Festiwalu Nauki (m.in. prezentacja programu artystycznego Ma\u0142ej Akademii Teatru i Ta\u0144ca Flooreski oraz Laboratorium Ekspresji Dzieci\u0119cej Uniwersytetu \u015al\u0105skiego Dzieci na scenie MCK w Katowicach). Wzi\u0119\u0142a udzia\u0142 w projektach Centrum Medialnego Uniwersytetu \u015al\u0105skiego (serial \u201ePrzygody Doktora Primo\u201d oraz spoty promuj\u0105ce akademick\u0105 dzia\u0142alno\u015b\u0107 Uniwersytetu \u015al\u0105skiego). Poza tym wzi\u0119\u0142a udzia\u0142 w projekcie edukacyjnym Uniwersytetu \u015al\u0105skiego Dzieci \u201eChro\u0144my \u015awiat!\u201d, kt\u00f3ry towarzyszy\u0142 Szczytowi Klimatycznemu ONZ COP24 oraz w projekcie edukacyjnym Uniwersytetu \u015al\u0105skiego \u201ePodr\u00f3\u017c tysi\u0105ca mil zaczyna si\u0119 od pierwszego kroku\u201d. <\/span> \r\n                                <div class=\"mt-3\"><\/div>\r\n                            <\/div>\r\n                            \r\n                            <div class=\"text-modules__img\"><img src=\"https:\/\/us.edu.pl\/student\/wp-content\/uploads\/sites\/3\/Wyr\u00f3\u017cnienia-rektora\/wyr\u00f3\u017cnieni-z-lat-poprzednich\/Laureaci-2020\/Julia-Donek-186x300.jpg\" alt=\"img\"><\/div>\r\n                        <\/div>\r\n                    <\/div>\r\n                <\/div>[\/vc_column][\/vc_row]<\/p>","protected":false},"excerpt":{"rendered":"<p>[vc_row][vc_column][\/vc_column][\/vc_row] [&#8230;]<\/p>\n<p><a class=\"btn btn-secondary understrap-read-more-link\" href=\"https:\/\/us.edu.pl\/student\/dzialalnosc-studencka\/wyroznienia-jm-rektora-us\/laureaci-poprzednich-edycji\/laureaci-xii-edycji\/uniwersytet-slaski-dzieci\/julia-donek\/\">Read More&#8230;<\/a><\/p>\n","protected":false},"author":28,"featured_media":0,"parent":23080,"menu_order":0,"comment_status":"closed","ping_status":"closed","template":"","meta":{"_expiration-date-status":"saved","_expiration-date":0,"_expiration-date-type":"","_expiration-date-categories":[],"_expiration-date-options":[]},"acf":[],"_links":{"self":[{"href":"https:\/\/us.edu.pl\/student\/wp-json\/wp\/v2\/pages\/23655"}],"collection":[{"href":"https:\/\/us.edu.pl\/student\/wp-json\/wp\/v2\/pages"}],"about":[{"href":"https:\/\/us.edu.pl\/student\/wp-json\/wp\/v2\/types\/page"}],"author":[{"embeddable":true,"href":"https:\/\/us.edu.pl\/student\/wp-json\/wp\/v2\/users\/28"}],"replies":[{"embeddable":true,"href":"https:\/\/us.edu.pl\/student\/wp-json\/wp\/v2\/comments?post=23655"}],"version-history":[{"count":0,"href":"https:\/\/us.edu.pl\/student\/wp-json\/wp\/v2\/pages\/23655\/revisions"}],"up":[{"embeddable":true,"href":"https:\/\/us.edu.pl\/student\/wp-json\/wp\/v2\/pages\/23080"}],"wp:attachment":[{"href":"https:\/\/us.edu.pl\/student\/wp-json\/wp\/v2\/media?parent=23655"}],"curies":[{"name":"wp","href":"https:\/\/api.w.org\/{rel}","templated":true}]}}