{"id":23661,"date":"2020-09-07T14:53:49","date_gmt":"2020-09-07T12:53:49","guid":{"rendered":"https:\/\/us.edu.pl\/student\/?page_id=23661"},"modified":"2020-09-07T15:08:11","modified_gmt":"2020-09-07T13:08:11","slug":"olga-rokicka","status":"publish","type":"page","link":"https:\/\/us.edu.pl\/student\/dzialalnosc-studencka\/wyroznienia-jm-rektora-us\/laureaci-poprzednich-edycji\/laureaci-xii-edycji\/uniwersytet-slaski-dzieci\/olga-rokicka\/","title":{"rendered":"Olga Rokicka"},"content":{"rendered":"<p>[vc_row][vc_column]\r\n                <div class=\"text-modules \">\r\n                    <div class=\"container\">\r\n                         <h3 class=\"subtitle text-modules__subtitle\">Olga Rokicka<\/h3>\r\n                        <div class=\"row m-0\">\r\n                            <div class=\"text-modules__content\">\r\n                                <span style=\"font-weight: 400\">W Uniwersytecie \u015al\u0105skim Dzieci rozwija\u0142a swoje zainteresowania w grupie Ekspert\u00f3w. Bra\u0142a udzia\u0142 w grupie wolontariackiej Uniwersytetu \u015al\u0105skiego Dzieci. Zaanga\u017cowa\u0142a si\u0119 w projekt edukacyjny Uniwersytetu \u015al\u0105skiego Dzieci, kt\u00f3ry towarzyszy\u0142 Szczytowi Klimatycznemu ONZ COP24 \u201eChro\u0144my \u015awiat!\u201d. Kszta\u0142towanie postaw poznawczych, proekologicznych i prospo\u0142ecznych w\u015br\u00f3d uczni\u00f3w. Wzi\u0119\u0142a udzia\u0142 w projekcie edukacyjnym Uniwersytetu \u015al\u0105skiego \u201ePodr\u00f3\u017c tysi\u0105ca mil zaczyna si\u0119 od pierwszego kroku\u201d. Kszta\u0142towanie postaw poznawczych, prospo\u0142ecznych i prorozwojowych w\u015br\u00f3d uczni\u00f3w oraz w akcji charytatywnej U\u015aD na rzecz edukacji dzieci z najubo\u017cszych rejon\u00f3w Afryki \u201eSzko\u0142a Pod Baobabem\u201d. W ramach II edycji \u015al\u0105skiego Festiwalu Nauki prezentowa\u0142a spektakl teatralny inauguruj\u0105cy Festiwal na scenie Teatru \u015al\u0105skiego im. S. Wyspia\u0144skiego w Katowicach. Wzi\u0119\u0142a r\u00f3wnie\u017c czynny udzia\u0142 w III edycji \u015al\u0105skiego Festiwalu Nauki prezentuj\u0105c program artystyczny Ma\u0142ej Akademii Teatru i Ta\u0144ca Flooreski oraz Laboratorium Ekspresji Dzieci\u0119cej\u00a0 Uniwersytetu \u015al\u0105skiego Dzieci na scenie MCK w Katowicach. Wzi\u0119\u0142a r\u00f3wnie\u017c udzia\u0142 w projektach Centrum Medialnego Uniwersytetu \u015al\u0105skiego, w serialu \u201ePrzygody Doktora Primo\u201d oraz spotach filmowych promuj\u0105cych akademick\u0105 dzia\u0142alno\u015b\u0107 Uniwersytetu \u015al\u0105skiego. Wzi\u0119\u0142a udzia\u0142 w spektaklu\u00a0 \u201eMa\u0142y Ksi\u0105\u017c\u0119\u201d \u2013 wystawionym na scenie Akademii Muzycznej w Katowicach, podczas V Jubileuszu Uniwersytetu \u015al\u0105skiego Dzieci, w spektaklu \u201eAlicja po drugiej stronie lustra\u201d \u2013 wystawionym\u00a0 na scenie Filharmonii \u015al\u0105skiej w Katowicach w ramach \u201eMuzycznych miko\u0142ajek\u201d oraz w spektaklu\u00a0 \u201eWielki Pokaz Mody Dzieci\u0119cej i M\u0142odzie\u017cowej\u201d \u2013 wystawionym na scenie Filharmonii \u015al\u0105skiej w Katowicach. W\u015br\u00f3d swoich sukces\u00f3w wymienia m.in. zaj\u0119cie\u00a0 II miejsca w mi\u0119dzyszkolnych, sosnowieckich zawodach w biegu na 600 m, zaj\u0119cie I miejsca w mi\u0119dzyszkolnych, sosnowieckich, grupowych biegach prze\u0142ajowych, uczestnictwo w rozgrywkach \u015al\u0105skiej Ligi Pi\u0142ki No\u017cnej dziewcz\u0105t oraz zaj\u0119cie II miejsca w Zag\u0142\u0119biowskim Turnieju Wiedzy i Sportu.<\/span> \r\n                                <div class=\"mt-3\"><\/div>\r\n                            <\/div>\r\n                            \r\n                            <div class=\"text-modules__img\"><img src=\"https:\/\/us.edu.pl\/student\/wp-content\/uploads\/sites\/3\/Wyr\u00f3\u017cnienia-rektora\/wyr\u00f3\u017cnieni-z-lat-poprzednich\/Laureaci-2020\/Olga-Rokicka-201x300.jpg\" alt=\"img\"><\/div>\r\n                        <\/div>\r\n                    <\/div>\r\n                <\/div>[\/vc_column][\/vc_row]<\/p>","protected":false},"excerpt":{"rendered":"<p>[vc_row][vc_column][\/vc_column][\/vc_row] [&#8230;]<\/p>\n<p><a class=\"btn btn-secondary understrap-read-more-link\" href=\"https:\/\/us.edu.pl\/student\/dzialalnosc-studencka\/wyroznienia-jm-rektora-us\/laureaci-poprzednich-edycji\/laureaci-xii-edycji\/uniwersytet-slaski-dzieci\/olga-rokicka\/\">Read More&#8230;<\/a><\/p>\n","protected":false},"author":28,"featured_media":0,"parent":23080,"menu_order":0,"comment_status":"closed","ping_status":"closed","template":"","meta":{"_expiration-date-status":"saved","_expiration-date":0,"_expiration-date-type":"","_expiration-date-categories":[],"_expiration-date-options":[]},"acf":[],"_links":{"self":[{"href":"https:\/\/us.edu.pl\/student\/wp-json\/wp\/v2\/pages\/23661"}],"collection":[{"href":"https:\/\/us.edu.pl\/student\/wp-json\/wp\/v2\/pages"}],"about":[{"href":"https:\/\/us.edu.pl\/student\/wp-json\/wp\/v2\/types\/page"}],"author":[{"embeddable":true,"href":"https:\/\/us.edu.pl\/student\/wp-json\/wp\/v2\/users\/28"}],"replies":[{"embeddable":true,"href":"https:\/\/us.edu.pl\/student\/wp-json\/wp\/v2\/comments?post=23661"}],"version-history":[{"count":0,"href":"https:\/\/us.edu.pl\/student\/wp-json\/wp\/v2\/pages\/23661\/revisions"}],"up":[{"embeddable":true,"href":"https:\/\/us.edu.pl\/student\/wp-json\/wp\/v2\/pages\/23080"}],"wp:attachment":[{"href":"https:\/\/us.edu.pl\/student\/wp-json\/wp\/v2\/media?parent=23661"}],"curies":[{"name":"wp","href":"https:\/\/api.w.org\/{rel}","templated":true}]}}